{"id":1528,"date":"2020-09-22T09:39:52","date_gmt":"2020-09-22T09:39:52","guid":{"rendered":"https:\/\/stebby.eu\/find-your-next-loyal-fans\/"},"modified":"2024-11-27T06:21:11","modified_gmt":"2024-11-27T06:21:11","slug":"teenusepakkujale","status":"publish","type":"page","link":"https:\/\/stebby.eu\/et\/teenusepakkujale\/","title":{"rendered":"J\u00f5ua \u00fcle 180 000 uue kliendini"},"content":{"rendered":"\n<p>tugntroiugjniortgniortgnio\u00e4<\/p>\n","protected":false},"excerpt":{"rendered":"tugntroiugjniortgniortgnio\u00e4","protected":false},"author":1,"featured_media":4496,"parent":0,"menu_order":0,"comment_status":"closed","ping_status":"closed","template":"","meta":{"footnotes":""},"class_list":["post-1528","page","type-page","status-publish","has-post-thumbnail","hentry"],"yoast_head":"<!-- This site is optimized with the Yoast SEO plugin v26.8 - https:\/\/yoast.com\/product\/yoast-seo-wordpress\/ -->\n<title>J\u00f5ua \u00fcle 180 000 uue kliendini - Stebby<\/title>\n<meta name=\"description\" content=\"Tee oma teenused n\u00e4htavaks \u00fcle 180 000-le Stebby kasutajatele! Kasvata enda kliendibaasi ning m\u00fc\u00fc teenuseid \u00fcle Baltikumi.\" \/>\n<meta name=\"robots\" content=\"index, follow, max-snippet:-1, max-image-preview:large, max-video-preview:-1\" \/>\n<link rel=\"canonical\" href=\"https:\/\/stebby.eu\/et\/teenusepakkujale\/\" \/>\n<meta property=\"og:locale\" content=\"et_EE\" \/>\n<meta property=\"og:type\" content=\"article\" \/>\n<meta property=\"og:title\" content=\"J\u00f5ua \u00fcle 180 000 uue kliendini - Stebby\" \/>\n<meta property=\"og:description\" content=\"Tee oma teenused n\u00e4htavaks \u00fcle 180 000-le Stebby kasutajatele! Kasvata enda kliendibaasi ning m\u00fc\u00fc teenuseid \u00fcle Baltikumi.\" \/>\n<meta property=\"og:url\" content=\"https:\/\/stebby.eu\/et\/teenusepakkujale\/\" \/>\n<meta property=\"og:site_name\" content=\"Stebby\" \/>\n<meta property=\"article:publisher\" content=\"https:\/\/www.facebook.com\/stebby\/\" \/>\n<meta property=\"article:modified_time\" content=\"2024-11-27T06:21:11+00:00\" \/>\n<meta property=\"og:image\" content=\"https:\/\/stebby.eu\/wp-content\/uploads\/2020\/10\/18848-1920x1280.jpg\" \/>\n\t<meta property=\"og:image:width\" content=\"1920\" \/>\n\t<meta property=\"og:image:height\" content=\"1280\" \/>\n\t<meta property=\"og:image:type\" content=\"image\/jpeg\" \/>\n<meta name=\"twitter:card\" content=\"summary_large_image\" \/>\n<meta name=\"twitter:label1\" content=\"Est. reading time\" \/>\n\t<meta name=\"twitter:data1\" content=\"1 minut\" \/>\n<script type=\"application\/ld+json\" class=\"yoast-schema-graph\">{\"@context\":\"https:\/\/schema.org\",\"@graph\":[{\"@type\":\"WebPage\",\"@id\":\"https:\/\/stebby.eu\/et\/teenusepakkujale\/\",\"url\":\"https:\/\/stebby.eu\/et\/teenusepakkujale\/\",\"name\":\"J\u00f5ua \u00fcle 180 000 uue kliendini - Stebby\",\"isPartOf\":{\"@id\":\"https:\/\/stebby.eu\/#website\"},\"primaryImageOfPage\":{\"@id\":\"https:\/\/stebby.eu\/et\/teenusepakkujale\/#primaryimage\"},\"image\":{\"@id\":\"https:\/\/stebby.eu\/et\/teenusepakkujale\/#primaryimage\"},\"thumbnailUrl\":\"https:\/\/i0.wp.com\/stebby.eu\/wp-content\/uploads\/2020\/10\/18848.jpg?fit=2560%2C1706&ssl=1\",\"datePublished\":\"2020-09-22T09:39:52+00:00\",\"dateModified\":\"2024-11-27T06:21:11+00:00\",\"description\":\"Tee oma teenused n\u00e4htavaks \u00fcle 180 000-le Stebby kasutajatele! Kasvata enda kliendibaasi ning m\u00fc\u00fc teenuseid \u00fcle Baltikumi.\",\"breadcrumb\":{\"@id\":\"https:\/\/stebby.eu\/et\/teenusepakkujale\/#breadcrumb\"},\"inLanguage\":\"et\",\"potentialAction\":[{\"@type\":\"ReadAction\",\"target\":[\"https:\/\/stebby.eu\/et\/teenusepakkujale\/\"]}]},{\"@type\":\"ImageObject\",\"inLanguage\":\"et\",\"@id\":\"https:\/\/stebby.eu\/et\/teenusepakkujale\/#primaryimage\",\"url\":\"https:\/\/i0.wp.com\/stebby.eu\/wp-content\/uploads\/2020\/10\/18848.jpg?fit=2560%2C1706&ssl=1\",\"contentUrl\":\"https:\/\/i0.wp.com\/stebby.eu\/wp-content\/uploads\/2020\/10\/18848.jpg?fit=2560%2C1706&ssl=1\",\"width\":2560,\"height\":1706,\"caption\":\"Young woman boxer training at the gym\"},{\"@type\":\"BreadcrumbList\",\"@id\":\"https:\/\/stebby.eu\/et\/teenusepakkujale\/#breadcrumb\",\"itemListElement\":[{\"@type\":\"ListItem\",\"position\":1,\"name\":\"Home\",\"item\":\"https:\/\/stebby.eu\/et\/\"},{\"@type\":\"ListItem\",\"position\":2,\"name\":\"J\u00f5ua \u00fcle 180 000 uue kliendini\"}]},{\"@type\":\"WebSite\",\"@id\":\"https:\/\/stebby.eu\/#website\",\"url\":\"https:\/\/stebby.eu\/\",\"name\":\"Stebby\",\"description\":\"\",\"publisher\":{\"@id\":\"https:\/\/stebby.eu\/#organization\"},\"potentialAction\":[{\"@type\":\"SearchAction\",\"target\":{\"@type\":\"EntryPoint\",\"urlTemplate\":\"https:\/\/stebby.eu\/?s={search_term_string}\"},\"query-input\":{\"@type\":\"PropertyValueSpecification\",\"valueRequired\":true,\"valueName\":\"search_term_string\"}}],\"inLanguage\":\"et\"},{\"@type\":\"Organization\",\"@id\":\"https:\/\/stebby.eu\/#organization\",\"name\":\"Stebby\",\"url\":\"https:\/\/stebby.eu\/\",\"logo\":{\"@type\":\"ImageObject\",\"inLanguage\":\"et\",\"@id\":\"https:\/\/stebby.eu\/#\/schema\/logo\/image\/\",\"url\":\"https:\/\/stebby.eu\/wp-content\/uploads\/2020\/10\/stebby3-1.png\",\"contentUrl\":\"https:\/\/stebby.eu\/wp-content\/uploads\/2020\/10\/stebby3-1.png\",\"width\":256,\"height\":256,\"caption\":\"Stebby\"},\"image\":{\"@id\":\"https:\/\/stebby.eu\/#\/schema\/logo\/image\/\"},\"sameAs\":[\"https:\/\/www.facebook.com\/stebby\/\",\"https:\/\/instagram.com\/stebby.eesti\",\"https:\/\/www.linkedin.com\/company\/stebby\/\"]}]}<\/script>\n<!-- \/ Yoast SEO plugin. -->","yoast_head_json":{"title":"J\u00f5ua \u00fcle 180 000 uue kliendini - Stebby","description":"Tee oma teenused n\u00e4htavaks \u00fcle 180 000-le Stebby kasutajatele! Kasvata enda kliendibaasi ning m\u00fc\u00fc teenuseid \u00fcle Baltikumi.","robots":{"index":"index","follow":"follow","max-snippet":"max-snippet:-1","max-image-preview":"max-image-preview:large","max-video-preview":"max-video-preview:-1"},"canonical":"https:\/\/stebby.eu\/et\/teenusepakkujale\/","og_locale":"et_EE","og_type":"article","og_title":"J\u00f5ua \u00fcle 180 000 uue kliendini - Stebby","og_description":"Tee oma teenused n\u00e4htavaks \u00fcle 180 000-le Stebby kasutajatele! Kasvata enda kliendibaasi ning m\u00fc\u00fc teenuseid \u00fcle Baltikumi.","og_url":"https:\/\/stebby.eu\/et\/teenusepakkujale\/","og_site_name":"Stebby","article_publisher":"https:\/\/www.facebook.com\/stebby\/","article_modified_time":"2024-11-27T06:21:11+00:00","og_image":[{"width":1920,"height":1280,"url":"https:\/\/stebby.eu\/wp-content\/uploads\/2020\/10\/18848-1920x1280.jpg","type":"image\/jpeg"}],"twitter_card":"summary_large_image","twitter_misc":{"Est. reading time":"1 minut"},"schema":{"@context":"https:\/\/schema.org","@graph":[{"@type":"WebPage","@id":"https:\/\/stebby.eu\/et\/teenusepakkujale\/","url":"https:\/\/stebby.eu\/et\/teenusepakkujale\/","name":"J\u00f5ua \u00fcle 180 000 uue kliendini - Stebby","isPartOf":{"@id":"https:\/\/stebby.eu\/#website"},"primaryImageOfPage":{"@id":"https:\/\/stebby.eu\/et\/teenusepakkujale\/#primaryimage"},"image":{"@id":"https:\/\/stebby.eu\/et\/teenusepakkujale\/#primaryimage"},"thumbnailUrl":"https:\/\/i0.wp.com\/stebby.eu\/wp-content\/uploads\/2020\/10\/18848.jpg?fit=2560%2C1706&ssl=1","datePublished":"2020-09-22T09:39:52+00:00","dateModified":"2024-11-27T06:21:11+00:00","description":"Tee oma teenused n\u00e4htavaks \u00fcle 180 000-le Stebby kasutajatele! Kasvata enda kliendibaasi ning m\u00fc\u00fc teenuseid \u00fcle Baltikumi.","breadcrumb":{"@id":"https:\/\/stebby.eu\/et\/teenusepakkujale\/#breadcrumb"},"inLanguage":"et","potentialAction":[{"@type":"ReadAction","target":["https:\/\/stebby.eu\/et\/teenusepakkujale\/"]}]},{"@type":"ImageObject","inLanguage":"et","@id":"https:\/\/stebby.eu\/et\/teenusepakkujale\/#primaryimage","url":"https:\/\/i0.wp.com\/stebby.eu\/wp-content\/uploads\/2020\/10\/18848.jpg?fit=2560%2C1706&ssl=1","contentUrl":"https:\/\/i0.wp.com\/stebby.eu\/wp-content\/uploads\/2020\/10\/18848.jpg?fit=2560%2C1706&ssl=1","width":2560,"height":1706,"caption":"Young woman boxer training at the gym"},{"@type":"BreadcrumbList","@id":"https:\/\/stebby.eu\/et\/teenusepakkujale\/#breadcrumb","itemListElement":[{"@type":"ListItem","position":1,"name":"Home","item":"https:\/\/stebby.eu\/et\/"},{"@type":"ListItem","position":2,"name":"J\u00f5ua \u00fcle 180 000 uue kliendini"}]},{"@type":"WebSite","@id":"https:\/\/stebby.eu\/#website","url":"https:\/\/stebby.eu\/","name":"Stebby","description":"","publisher":{"@id":"https:\/\/stebby.eu\/#organization"},"potentialAction":[{"@type":"SearchAction","target":{"@type":"EntryPoint","urlTemplate":"https:\/\/stebby.eu\/?s={search_term_string}"},"query-input":{"@type":"PropertyValueSpecification","valueRequired":true,"valueName":"search_term_string"}}],"inLanguage":"et"},{"@type":"Organization","@id":"https:\/\/stebby.eu\/#organization","name":"Stebby","url":"https:\/\/stebby.eu\/","logo":{"@type":"ImageObject","inLanguage":"et","@id":"https:\/\/stebby.eu\/#\/schema\/logo\/image\/","url":"https:\/\/stebby.eu\/wp-content\/uploads\/2020\/10\/stebby3-1.png","contentUrl":"https:\/\/stebby.eu\/wp-content\/uploads\/2020\/10\/stebby3-1.png","width":256,"height":256,"caption":"Stebby"},"image":{"@id":"https:\/\/stebby.eu\/#\/schema\/logo\/image\/"},"sameAs":["https:\/\/www.facebook.com\/stebby\/","https:\/\/instagram.com\/stebby.eesti","https:\/\/www.linkedin.com\/company\/stebby\/"]}]}},"jetpack_sharing_enabled":true,"_links":{"self":[{"href":"https:\/\/stebby.eu\/et\/wp-json\/wp\/v2\/pages\/1528","targetHints":{"allow":["GET"]}}],"collection":[{"href":"https:\/\/stebby.eu\/et\/wp-json\/wp\/v2\/pages"}],"about":[{"href":"https:\/\/stebby.eu\/et\/wp-json\/wp\/v2\/types\/page"}],"author":[{"embeddable":true,"href":"https:\/\/stebby.eu\/et\/wp-json\/wp\/v2\/users\/1"}],"replies":[{"embeddable":true,"href":"https:\/\/stebby.eu\/et\/wp-json\/wp\/v2\/comments?post=1528"}],"version-history":[{"count":67,"href":"https:\/\/stebby.eu\/et\/wp-json\/wp\/v2\/pages\/1528\/revisions"}],"predecessor-version":[{"id":18099,"href":"https:\/\/stebby.eu\/et\/wp-json\/wp\/v2\/pages\/1528\/revisions\/18099"}],"wp:featuredmedia":[{"embeddable":true,"href":"https:\/\/stebby.eu\/et\/wp-json\/wp\/v2\/media\/4496"}],"wp:attachment":[{"href":"https:\/\/stebby.eu\/et\/wp-json\/wp\/v2\/media?parent=1528"}],"curies":[{"name":"wp","href":"https:\/\/api.w.org\/{rel}","templated":true}]}}