{"id":19305,"date":"2025-08-21T07:46:50","date_gmt":"2025-08-21T07:46:50","guid":{"rendered":"https:\/\/stebby.eu\/?page_id=19305"},"modified":"2025-08-21T07:47:16","modified_gmt":"2025-08-21T07:47:16","slug":"alltootlejate-nimekiri","status":"publish","type":"page","link":"https:\/\/stebby.eu\/et\/alltootlejate-nimekiri\/","title":{"rendered":"Allt\u00f6\u00f6tlejate nimekiri"},"content":{"rendered":"\n<p>Stebby kasutab oma teenuste osutamisel allt\u00f6\u00f6tlejaid, kes abistavad meid spetsiifiliste funktsioonide t\u00e4itmisel, et Stebby teenus oleks terviklik ja kvaliteetne. Allt\u00f6\u00f6tejate kasutamisel s\u00f5lmime allt\u00f6\u00f6tlejaga andmet\u00f6\u00f6tluslepingu (DPA) v\u00f5i&nbsp;kohaldame muid \u00f5iguslikult siduvaid kokkuleppeid.<\/p>\n\n\n\n<p>Kui Stebby tegutseb oma \u00e4riklientide (t\u00f6\u00f6andjate) suhtes vastutava t\u00f6\u00f6tlejana, laienevad Stebby allt\u00f6\u00f6tlejatele samal tasemel turvan\u00f5uded ja lepingutingimused, mis on Stebby ja \u00e4riklientide vahel kokku lepitud. Kui allt\u00f6\u00f6tleja edastab andmeid v\u00e4ljapoole EL-i, tagab Stebby, et vajaduse korral s\u00f5lmitakse Euroopa Komisjoni standardseid andmekaitseklauslid&nbsp;(SCC) ja andmeedastuse m\u00f5juhinnang (TIA).<\/p>\n\n\n\n<style>\ntd {\n  border: 1px solid black;\n  border-radius: 10px;\n}\n<\/style>\n<figure class=\"wp-block-table <style&gt; td {  border: 1px solid black; border-radius: 10px; } <\/style&gt;\"><table class=\"has-fixed-layout\"><thead><tr><th><strong>Nimi ja kontakt<\/strong><\/th><th><strong>Andmesubjekt<\/strong><\/th><th><strong>Eesm\u00e4rk<\/strong><\/th><th><strong>Asukoh<\/strong>t<\/th><\/tr><\/thead><tbody><tr><td>BambooHR LLC<br>E-mail: legal@bamboohr.com<br>Tel: 1 801-724-6600<\/td><td>T\u00f6\u00f6otsijad<\/td><td>V\u00e4rbamisprotsess.<\/td><td>335 South 560 West London, UT 84042, USA<\/td><\/tr><tr><td>Calendly LLC<br>E-mail: legal@calendly.com<br>Tel: 1 (800) 979-9850<\/td><td>\u00c4riklientide esindajad<\/td><td>Kalendrikutsete organiseerimine (Stebby demo)<\/td><td>Buford, 115 E Main St NE #A1B, USA<\/td><\/tr><tr><td>Data and Privacy Protection O\u00dc<br>E-mail: maili@dataprotectionprivacy.eu<br>Tel: 372 5341 2416<\/td><td>Kasutajad<br>\u00c4riklientide, teenusepakkujate, \u00fcrituste korraldajate ja partnerite esindajad<\/td><td>V\u00e4line AKS teenus<\/td><td>Sepise 1, 11415 Tallinn, Eesti<\/td><\/tr><tr><td>Disenjador O\u00dc<br>E-mail: silver@mustlammas.ee<\/td><td>Kasutajad<br>\u00c4riklientide, teenusepakkujate, \u00fcrituste korraldajate ja partnerite esindajad<\/td><td>Arendusteenused<\/td><td>Jalgpalli tn 1, 11312, Tallinn, Harju maakond, Eesti<\/td><\/tr><tr><td>Elisa Eesti AS<br>E-mail: elisa@elisa.ee<br>Tel: +372 681 1963<\/td><td>Kasutajad<br>\u00c4riklientide, teenusepakkujate, \u00fcrituste korraldajate ja partnerite esindajad<\/td><td>Klienditugi (telefonik\u00f5ned)<\/td><td>Harju maakond, Tallinn, Kristiine linnaosa, S\u00f5pruse pst 145, 13425, Eesti<\/td><\/tr><tr><td>ERGO Life Insurance SE Eesti filiaal<br>E-mail: info@ergo.ee<br>Tel: 372 610 6500<\/td><td>Kasutajad<br>\u00c4riklientide esindajad<\/td><td>Kindlustusandja<\/td><td>Veskiposti tn 2\/1, 10138, Tallinn, Eesti<\/td><\/tr><tr><td>Google Cloud EMEA Limited<\/td><td>Kasutajad<br>\u00c4riklientide, teenusepakkujate, \u00fcrituste korraldajate ja partnerite esindajad<\/td><td>Pilveteenus<\/td><td>70 Sir John Rogerson\u2019s Quay, Dublin 2, Iirimaa<\/td><\/tr><tr><td>Google Ireland Limited<\/td><td>Kasutajad<br>\u00c4riklientide, teenusepakkujate, \u00fcrituste korraldajate ja partnerite esindajad<\/td><td>Kommunikatsioon<br>Br\u00e4nding<br>Turunduskampaaniad<\/td><td>Gordon House, Barrow Street, Dublin 4, Iirimaa<\/td><\/tr><tr><td>Help Scout PBC<br>E-mail: dpo@helpscout.com<\/td><td>Kasutajad<br>\u00c4riklientide, teenusepakkujate, \u00fcrituste korraldajate ja partnerite esindajad<\/td><td>Kommunikatsioon<\/td><td>68 Harrison Ave Ste 605, PMB 78505, Boston MA 02111, USA<\/td><\/tr><tr><td>Hunter Web Services, Inc.<br>E-mail: contact@hunter.io<br>Tel: (507)\u202f541\u20119802<\/td><td>(Potentsiaalsete) \u00e4riklientide esindajad<\/td><td>Uute m\u00fc\u00fcgikontaktide leidmine<\/td><td>2810 N Church St #50754, Wilmington, Delaware 19802-4447, USA<\/td><\/tr><tr><td>IIZI Kindlustusmaakler AS<br>E-mail: info@iizi.ee<br>Tel: 372 666 0300<\/td><td>Kasutajad<br>\u00c4rikliendi esindajad<\/td><td>Andmevahetusplatvorm tervisekindlustuse jaoks, mida vahendab Stebby O\u00dc.<\/td><td>Telliskivi tn 60\/2, 10412, Tallinn, Eesti<\/td><\/tr><tr><td>Lempire SAS E-mail:<br>E-mail: contact@lempire.com<\/td><td>Kasutajad<br>\u00c4riklientide, teenusepakkujate, \u00fcrituste korraldajate ja partnerite esindajad<\/td><td>Otseturundus<\/td><td>128 rue La Bo\u00e9tie, 75008 Paris, Prantsusmaa<\/td><\/tr><tr><td>LHV Pank<br>E-mail: info@lhv.ee<\/td><td>Kasutajad<br>\u00c4riklientide, teenusepakkujate, \u00fcrituste korraldajate ja partnerite esindajad<\/td><td>Pangateenused<\/td><td>Tartu mnt 2, 10145 Tallinn, Eesti<\/td><\/tr><tr><td>LHV Paytech<br>E-mail: info@every-pay.com<br>Tel: 372 644 2201<\/td><td>Kasutajad<\/td><td>Makselahenduse platvorm<\/td><td>Tartu mnt 2, 10145 Tallinn, Eesti<\/td><\/tr><tr><td>MB \u201cPlanuotojas\u201d Defined Chase<br>E-mail: info@definedchase.com<br>Tel: 370 6763 3847<\/td><td>Kasutajad<br>\u00c4riklientide, teenusepakkujate, \u00fcrituste korraldajate ja partnerite esindajad<\/td><td>Digiturunduskampaaniad<\/td><td>Vilnius Tech Park 12th maja. Antakalnio g. 17, Vilnius, Leedu<\/td><\/tr><tr><td>Meta Platforms Ireland Ltd<\/td><td>Isikud, kes k\u00fclastavad Stebby Facebook ja Instagram kontot<\/td><td>Kommunikatsioon<br>Br\u00e4nding<br>Turunduskampaaniad<\/td><td>4 Grand Canal Square, Dublin Country, Iirimaa<\/td><\/tr><tr><td>Pipedrive O\u00dc<br>E-mail: privacy@pipedrive.com<br>Tel: +372 5361 7848<\/td><td>\u00c4rikliendi esindajad<\/td><td>M\u00fc\u00fcgihaldus<\/td><td>Mustam\u00e4e tee 3a, 10615, Tallinn, Eesti<\/td><\/tr><tr><td>SIA NESS<br>E-mail: info@ness-solutions.com<\/td><td>(Potentsiaalsete) \u00e4riklientide esindajad<\/td><td>Turundus<\/td><td>Riga, Dzirnavu iela 37 &#8211; 62, LV-1010, L\u00e4ti<\/td><\/tr><tr><td>Stebby Draudimas O\u00dc<br>E-mail: draudimas@stebby.eu<\/td><td>Kasutajad<br>\u00c4riklientide, teenusepakkujate, \u00fcrituste korraldajate ja partnerite esindajad<\/td><td>M\u00fc\u00fcgi- ja turundusteenused<\/td><td>Tartu maakond, Tartu linn, Raatuse tn 20, 51009, Eesti<\/td><\/tr><tr><td>Tiktok Technology LTD<br>TikTok Information Technologies UK LTD<\/td><td>Isikud, kes k\u00fclastavad Stebby TikTok kontot<\/td><td>Kommunikatsioon<br>Br\u00e4nding<\/td><td>The Sorting Office, Ropemaker Place, Dublin 2, Dublin, D02 HD23, Iirimaa<\/td><\/tr><tr><td>Twilio Inc.<\/td><td>Kasutajad<br>\u00c4riklientide, teenusepakkujate, \u00fcrituste korraldajate ja partnerite esindajad<\/td><td>Kommunikatsioon<\/td><td>101 Spear St, Ste 500 San Francisco, CA 94105, USA<\/td><\/tr><tr><td>Vero Holdings Australia Pty Ltd<br>E-mail: getvero@lionheartsquared.eu<\/td><td>Kasutajad<br>\u00c4riklientide, teenusepakkujate, \u00fcrituste korraldajate ja partnerite esindajad<\/td><td>Turundus<\/td><td>Level 1, 251 Riley Street, Surry Hills, NSW, 2010, Austraalia<\/td><\/tr><\/tbody><\/table><\/figure>\n","protected":false},"excerpt":{"rendered":"Stebby kasutab oma teenuste osutamisel allt\u00f6\u00f6tlejaid, kes abistavad meid spetsiifiliste funktsioonide t\u00e4itmisel, et Stebby teenus oleks terviklik ja kvaliteetne. Allt\u00f6\u00f6tejate kasutamisel s\u00f5lmime allt\u00f6\u00f6tlejaga andmet\u00f6\u00f6tluslepingu (DPA) v\u00f5i&nbsp;kohaldame muid \u00f5iguslikult siduvaid kokkuleppeid. Kui Stebby tegutseb oma \u00e4riklientide (t\u00f6\u00f6andjate) suhtes vastutava t\u00f6\u00f6tlejana, laienevad Stebby allt\u00f6\u00f6tlejatele samal tasemel turvan\u00f5uded ja lepingutingimused, mis on Stebby ja \u00e4riklientide vahel kokku lepitud&#8230;.","protected":false},"author":19,"featured_media":0,"parent":0,"menu_order":0,"comment_status":"closed","ping_status":"closed","template":"TEMPLATE-table-of-contents.php","meta":{"footnotes":""},"class_list":["post-19305","page","type-page","status-publish","hentry"],"yoast_head":"<!-- This site is optimized with the Yoast SEO plugin v26.8 - https:\/\/yoast.com\/product\/yoast-seo-wordpress\/ -->\n<title>Allt\u00f6\u00f6tlejate nimekiri - Stebby<\/title>\n<meta name=\"robots\" content=\"index, follow, max-snippet:-1, max-image-preview:large, max-video-preview:-1\" \/>\n<link rel=\"canonical\" href=\"https:\/\/stebby.eu\/et\/alltootlejate-nimekiri\/\" \/>\n<meta property=\"og:locale\" content=\"et_EE\" \/>\n<meta property=\"og:type\" content=\"article\" \/>\n<meta property=\"og:title\" content=\"Allt\u00f6\u00f6tlejate nimekiri - Stebby\" \/>\n<meta property=\"og:description\" content=\"Stebby kasutab oma teenuste osutamisel allt\u00f6\u00f6tlejaid, kes abistavad meid spetsiifiliste funktsioonide t\u00e4itmisel, et Stebby teenus oleks terviklik ja kvaliteetne. Allt\u00f6\u00f6tejate kasutamisel s\u00f5lmime allt\u00f6\u00f6tlejaga andmet\u00f6\u00f6tluslepingu (DPA) v\u00f5i&nbsp;kohaldame muid \u00f5iguslikult siduvaid kokkuleppeid. Kui Stebby tegutseb oma \u00e4riklientide (t\u00f6\u00f6andjate) suhtes vastutava t\u00f6\u00f6tlejana, laienevad Stebby allt\u00f6\u00f6tlejatele samal tasemel turvan\u00f5uded ja lepingutingimused, mis on Stebby ja \u00e4riklientide vahel kokku lepitud....\" \/>\n<meta property=\"og:url\" content=\"https:\/\/stebby.eu\/et\/alltootlejate-nimekiri\/\" \/>\n<meta property=\"og:site_name\" content=\"Stebby\" \/>\n<meta property=\"article:publisher\" content=\"https:\/\/www.facebook.com\/stebby\/\" \/>\n<meta property=\"article:modified_time\" content=\"2025-08-21T07:47:16+00:00\" \/>\n<meta property=\"og:image\" content=\"https:\/\/i0.wp.com\/stebby.eu\/wp-content\/uploads\/2020\/10\/stebby_fb_share.png?fit=1200%2C630&ssl=1\" \/>\n\t<meta property=\"og:image:width\" content=\"1200\" \/>\n\t<meta property=\"og:image:height\" content=\"630\" \/>\n\t<meta property=\"og:image:type\" content=\"image\/png\" \/>\n<meta name=\"twitter:card\" content=\"summary_large_image\" \/>\n<meta name=\"twitter:label1\" content=\"Est. reading time\" \/>\n\t<meta name=\"twitter:data1\" content=\"3 minutit\" \/>\n<script type=\"application\/ld+json\" class=\"yoast-schema-graph\">{\"@context\":\"https:\/\/schema.org\",\"@graph\":[{\"@type\":\"WebPage\",\"@id\":\"https:\/\/stebby.eu\/et\/alltootlejate-nimekiri\/\",\"url\":\"https:\/\/stebby.eu\/et\/alltootlejate-nimekiri\/\",\"name\":\"Allt\u00f6\u00f6tlejate nimekiri - Stebby\",\"isPartOf\":{\"@id\":\"https:\/\/stebby.eu\/#website\"},\"datePublished\":\"2025-08-21T07:46:50+00:00\",\"dateModified\":\"2025-08-21T07:47:16+00:00\",\"breadcrumb\":{\"@id\":\"https:\/\/stebby.eu\/et\/alltootlejate-nimekiri\/#breadcrumb\"},\"inLanguage\":\"et\",\"potentialAction\":[{\"@type\":\"ReadAction\",\"target\":[\"https:\/\/stebby.eu\/et\/alltootlejate-nimekiri\/\"]}]},{\"@type\":\"BreadcrumbList\",\"@id\":\"https:\/\/stebby.eu\/et\/alltootlejate-nimekiri\/#breadcrumb\",\"itemListElement\":[{\"@type\":\"ListItem\",\"position\":1,\"name\":\"Home\",\"item\":\"https:\/\/stebby.eu\/et\/\"},{\"@type\":\"ListItem\",\"position\":2,\"name\":\"Allt\u00f6\u00f6tlejate nimekiri\"}]},{\"@type\":\"WebSite\",\"@id\":\"https:\/\/stebby.eu\/#website\",\"url\":\"https:\/\/stebby.eu\/\",\"name\":\"Stebby\",\"description\":\"\",\"publisher\":{\"@id\":\"https:\/\/stebby.eu\/#organization\"},\"potentialAction\":[{\"@type\":\"SearchAction\",\"target\":{\"@type\":\"EntryPoint\",\"urlTemplate\":\"https:\/\/stebby.eu\/?s={search_term_string}\"},\"query-input\":{\"@type\":\"PropertyValueSpecification\",\"valueRequired\":true,\"valueName\":\"search_term_string\"}}],\"inLanguage\":\"et\"},{\"@type\":\"Organization\",\"@id\":\"https:\/\/stebby.eu\/#organization\",\"name\":\"Stebby\",\"url\":\"https:\/\/stebby.eu\/\",\"logo\":{\"@type\":\"ImageObject\",\"inLanguage\":\"et\",\"@id\":\"https:\/\/stebby.eu\/#\/schema\/logo\/image\/\",\"url\":\"https:\/\/stebby.eu\/wp-content\/uploads\/2020\/10\/stebby3-1.png\",\"contentUrl\":\"https:\/\/stebby.eu\/wp-content\/uploads\/2020\/10\/stebby3-1.png\",\"width\":256,\"height\":256,\"caption\":\"Stebby\"},\"image\":{\"@id\":\"https:\/\/stebby.eu\/#\/schema\/logo\/image\/\"},\"sameAs\":[\"https:\/\/www.facebook.com\/stebby\/\",\"https:\/\/instagram.com\/stebby.eesti\",\"https:\/\/www.linkedin.com\/company\/stebby\/\"]}]}<\/script>\n<!-- \/ Yoast SEO plugin. -->","yoast_head_json":{"title":"Allt\u00f6\u00f6tlejate nimekiri - Stebby","robots":{"index":"index","follow":"follow","max-snippet":"max-snippet:-1","max-image-preview":"max-image-preview:large","max-video-preview":"max-video-preview:-1"},"canonical":"https:\/\/stebby.eu\/et\/alltootlejate-nimekiri\/","og_locale":"et_EE","og_type":"article","og_title":"Allt\u00f6\u00f6tlejate nimekiri - Stebby","og_description":"Stebby kasutab oma teenuste osutamisel allt\u00f6\u00f6tlejaid, kes abistavad meid spetsiifiliste funktsioonide t\u00e4itmisel, et Stebby teenus oleks terviklik ja kvaliteetne. Allt\u00f6\u00f6tejate kasutamisel s\u00f5lmime allt\u00f6\u00f6tlejaga andmet\u00f6\u00f6tluslepingu (DPA) v\u00f5i&nbsp;kohaldame muid \u00f5iguslikult siduvaid kokkuleppeid. Kui Stebby tegutseb oma \u00e4riklientide (t\u00f6\u00f6andjate) suhtes vastutava t\u00f6\u00f6tlejana, laienevad Stebby allt\u00f6\u00f6tlejatele samal tasemel turvan\u00f5uded ja lepingutingimused, mis on Stebby ja \u00e4riklientide vahel kokku lepitud....","og_url":"https:\/\/stebby.eu\/et\/alltootlejate-nimekiri\/","og_site_name":"Stebby","article_publisher":"https:\/\/www.facebook.com\/stebby\/","article_modified_time":"2025-08-21T07:47:16+00:00","og_image":[{"width":1200,"height":630,"url":"https:\/\/i0.wp.com\/stebby.eu\/wp-content\/uploads\/2020\/10\/stebby_fb_share.png?fit=1200%2C630&ssl=1","type":"image\/png"}],"twitter_card":"summary_large_image","twitter_misc":{"Est. reading time":"3 minutit"},"schema":{"@context":"https:\/\/schema.org","@graph":[{"@type":"WebPage","@id":"https:\/\/stebby.eu\/et\/alltootlejate-nimekiri\/","url":"https:\/\/stebby.eu\/et\/alltootlejate-nimekiri\/","name":"Allt\u00f6\u00f6tlejate nimekiri - Stebby","isPartOf":{"@id":"https:\/\/stebby.eu\/#website"},"datePublished":"2025-08-21T07:46:50+00:00","dateModified":"2025-08-21T07:47:16+00:00","breadcrumb":{"@id":"https:\/\/stebby.eu\/et\/alltootlejate-nimekiri\/#breadcrumb"},"inLanguage":"et","potentialAction":[{"@type":"ReadAction","target":["https:\/\/stebby.eu\/et\/alltootlejate-nimekiri\/"]}]},{"@type":"BreadcrumbList","@id":"https:\/\/stebby.eu\/et\/alltootlejate-nimekiri\/#breadcrumb","itemListElement":[{"@type":"ListItem","position":1,"name":"Home","item":"https:\/\/stebby.eu\/et\/"},{"@type":"ListItem","position":2,"name":"Allt\u00f6\u00f6tlejate nimekiri"}]},{"@type":"WebSite","@id":"https:\/\/stebby.eu\/#website","url":"https:\/\/stebby.eu\/","name":"Stebby","description":"","publisher":{"@id":"https:\/\/stebby.eu\/#organization"},"potentialAction":[{"@type":"SearchAction","target":{"@type":"EntryPoint","urlTemplate":"https:\/\/stebby.eu\/?s={search_term_string}"},"query-input":{"@type":"PropertyValueSpecification","valueRequired":true,"valueName":"search_term_string"}}],"inLanguage":"et"},{"@type":"Organization","@id":"https:\/\/stebby.eu\/#organization","name":"Stebby","url":"https:\/\/stebby.eu\/","logo":{"@type":"ImageObject","inLanguage":"et","@id":"https:\/\/stebby.eu\/#\/schema\/logo\/image\/","url":"https:\/\/stebby.eu\/wp-content\/uploads\/2020\/10\/stebby3-1.png","contentUrl":"https:\/\/stebby.eu\/wp-content\/uploads\/2020\/10\/stebby3-1.png","width":256,"height":256,"caption":"Stebby"},"image":{"@id":"https:\/\/stebby.eu\/#\/schema\/logo\/image\/"},"sameAs":["https:\/\/www.facebook.com\/stebby\/","https:\/\/instagram.com\/stebby.eesti","https:\/\/www.linkedin.com\/company\/stebby\/"]}]}},"jetpack_sharing_enabled":true,"_links":{"self":[{"href":"https:\/\/stebby.eu\/et\/wp-json\/wp\/v2\/pages\/19305","targetHints":{"allow":["GET"]}}],"collection":[{"href":"https:\/\/stebby.eu\/et\/wp-json\/wp\/v2\/pages"}],"about":[{"href":"https:\/\/stebby.eu\/et\/wp-json\/wp\/v2\/types\/page"}],"author":[{"embeddable":true,"href":"https:\/\/stebby.eu\/et\/wp-json\/wp\/v2\/users\/19"}],"replies":[{"embeddable":true,"href":"https:\/\/stebby.eu\/et\/wp-json\/wp\/v2\/comments?post=19305"}],"version-history":[{"count":3,"href":"https:\/\/stebby.eu\/et\/wp-json\/wp\/v2\/pages\/19305\/revisions"}],"predecessor-version":[{"id":19348,"href":"https:\/\/stebby.eu\/et\/wp-json\/wp\/v2\/pages\/19305\/revisions\/19348"}],"wp:attachment":[{"href":"https:\/\/stebby.eu\/et\/wp-json\/wp\/v2\/media?parent=19305"}],"curies":[{"name":"wp","href":"https:\/\/api.w.org\/{rel}","templated":true}]}}