{"id":19311,"date":"2025-08-21T07:20:33","date_gmt":"2025-08-21T07:20:33","guid":{"rendered":"https:\/\/stebby.eu\/?page_id=19311"},"modified":"2025-08-21T08:29:27","modified_gmt":"2025-08-21T08:29:27","slug":"turvameetmed","status":"publish","type":"page","link":"https:\/\/stebby.eu\/et\/turvameetmed\/","title":{"rendered":"Turvameetmed"},"content":{"rendered":"\n<p>Stebby rakendab tehnilisi ja organisatsioonilisi meetmeid vastavalt andmekaitse \u00f5igusaktidele. Need meetmed on m\u00f5eldud v\u00e4hendama riski, et kasutajate isikuandmeid t\u00f6\u00f6deldakse volitamata v\u00f5i muul viisil ebaseaduslikult, ning samuti riski, et andmed v\u00f5ivad lekkida, h\u00e4vineda v\u00f5i saada kahjustada.<\/p>\n\n\n\n<p>Kui Stebby t\u00f6\u00f6tleb isikuandmeid vastutava t\u00f6\u00f6tlejana v\u00f5i \u00e4riklientide ja partnerite nimel, rakendatakse v\u00e4hemalt k\u00e4esoleval lehel kirjeldatud turvameetmeid ulatuses, mis on asjakohane.<\/p>\n\n\n\n<h4 class=\"wp-block-heading\"><strong>P\u00f5him\u00f5tted<\/strong><\/h4>\n\n\n\n<ul class=\"wp-block-list\">\n<li>Dokumenteeritud turvapoliitikad ja kasutuseeskirjad, mis on edastatud k\u00f5ikidele t\u00f6\u00f6tajatele ning vajaduse korral ka partneritele.<\/li>\n\n\n\n<li>K\u00f5ikide t\u00f6\u00f6tajate ning vajaduse korral partnerite, allt\u00f6\u00f6tlejate ja muude isikutega s\u00f5lmitakse konfidentsiaalsuskokkulepe.<\/li>\n\n\n\n<li>Kasutajate isikuandmete kaitse eest vastutava isiku, andmekaitseametniku kasutamine.<\/li>\n\n\n\n<li>Sisemised poliitikad tagamaks, et t\u00f6\u00f6tajate arvutid on parooliga kaitstud, k\u00f5vakettad kr\u00fcpteeritud, ning need on varustatud tulem\u00fc\u00fcri ja ajakohase viiruset\u00f5rjetarkvaraga.<\/li>\n\n\n\n<li>Lepingute s\u00f5lmimine <a href=\"https:\/\/stebby.eu\/et\/alltootlejate-nimekiri\/\" target=\"_blank\" rel=\"noreferrer noopener\"><strong><span style=\"text-decoration: underline;\">volitatud allt\u00f6\u00f6tlejatega<\/span><\/strong><\/a> isikuandmete t\u00f6\u00f6tlemiseks, sh meetmete kokkuleppimine, mis on samav\u00e4\u00e4rsed Stebby ja kliendi vahel kokkulepitud tingimustega, kui klient tegutseb vastutava t\u00f6\u00f6tlejana.<\/li>\n\n\n\n<li>Stebby tehniliste ja organisatsiooniliste andmekaitsemeetmete korrap\u00e4rane \u00fclevaatamine ja ajakohastamine, et need oleksid asjakohased.<\/li>\n<\/ul>\n\n\n\n<h4 class=\"wp-block-heading\"><strong>Juurdep\u00e4\u00e4su kontroll<\/strong><\/h4>\n\n\n\n<ul class=\"wp-block-list\">\n<li>Isikuandmetele p\u00e4\u00e4sevad ligi ainult need t\u00f6\u00f6tajad, kelle t\u00f6\u00f6\u00fclesannete t\u00e4itmiseks on see vajalik. Juurdep\u00e4\u00e4su\u00f5igusi vaadatakse regulaarselt \u00fcle ja uuendatakse.<\/li>\n\n\n\n<li>K\u00f5ikides Stebby kontorites rakendatakse f\u00fc\u00fcsilisi ligip\u00e4\u00e4supiiranguid, sealhulgas (kuid mitte ainult) turvakaamerad ja isikup\u00f5hised kiipkaardid.<\/li>\n<\/ul>\n\n\n\n<h4 class=\"wp-block-heading\"><strong>Tehnilised turvameetmed<\/strong><\/h4>\n\n\n\n<ul class=\"wp-block-list\">\n<li>K\u00f5ik serverid, t\u00f6\u00f6kohad ja v\u00f5rgu\u00adseadmetele kohaldatakse standardseid turbehalduse praktikaid, sh muudatuste haldus (<em>change management<\/em>), haavatavuste haldus (<em>vulnerability management<\/em>)<strong> <\/strong>ja tarkvara paranduse haldus (<em>patch management<\/em>).<\/li>\n\n\n\n<li>Kasutajate isikuandmete edastamisel ja s\u00e4ilitamisel nende pseudon\u00fcmiseerimine ja kr\u00fcpteerimine.<\/li>\n\n\n\n<li>Turvalise andmevahetuse kasutamine, mida kolmandad osapooled ei saa j\u00e4lgida, sh k\u00f5ik Stebby keskkonnas tehtud ja sealt v\u00e4ljuvad andmep\u00e4ringud on kr\u00fcpteeritud.<\/li>\n<\/ul>\n\n\n\n<h4 class=\"wp-block-heading\"><strong>Andmete haldus ja taastamine<\/strong><\/h4>\n\n\n\n<ul class=\"wp-block-list\">\n<li>Protsessid, mis toetavad andmete konfidentsiaalsust, terviklikkust ja k\u00e4ttesaadavust.<\/li>\n\n\n\n<li>Isikuandmete s\u00e4ilitamine ainult ajavahemiku jooksul, mis on vajalik t\u00f6\u00f6tlemistegevuste l\u00e4biviimiseks, teenuste osutamiseks v\u00f5i on seadusega n\u00f5utud.<\/li>\n\n\n\n<li>Rikkumiste k\u00e4sitlemise kord ning protseduurid, mis v\u00f5imaldavad vajaduse korral taastada juurdep\u00e4\u00e4su isikuandmetele.<\/li>\n\n\n\n<li>Oluliste varukoopiate s\u00e4ilitamine turvalises keskkonnas, et tagada s\u00fcsteemide, andmete ja v\u00f5rkude taastamine alternatiivsete vahenditega intsidentide korral.<\/li>\n<\/ul>\n\n\n\n<h4 class=\"wp-block-heading\"><strong>Monitoorimine ja testimine<\/strong><\/h4>\n\n\n\n<ul class=\"wp-block-list\">\n<li>Siseprotseduurid, mille k\u00e4igus perioodiliselt testitakse ja hinnatakse rakendatud meetmete t\u00f5husust isikuandmete turvalisusega seotud riskide maandamisel.<\/li>\n<\/ul>\n\n\n\n<p><\/p>\n","protected":false},"excerpt":{"rendered":"Stebby rakendab tehnilisi ja organisatsioonilisi meetmeid vastavalt andmekaitse \u00f5igusaktidele. Need meetmed on m\u00f5eldud v\u00e4hendama riski, et kasutajate isikuandmeid t\u00f6\u00f6deldakse volitamata v\u00f5i muul viisil ebaseaduslikult, ning samuti riski, et andmed v\u00f5ivad lekkida, h\u00e4vineda v\u00f5i saada kahjustada. Kui Stebby t\u00f6\u00f6tleb isikuandmeid vastutava t\u00f6\u00f6tlejana v\u00f5i \u00e4riklientide ja partnerite nimel, rakendatakse v\u00e4hemalt k\u00e4esoleval lehel kirjeldatud turvameetmeid ulatuses, mis on&#8230;","protected":false},"author":19,"featured_media":0,"parent":0,"menu_order":0,"comment_status":"closed","ping_status":"closed","template":"TEMPLATE-table-of-contents.php","meta":{"footnotes":""},"class_list":["post-19311","page","type-page","status-publish","hentry"],"yoast_head":"<!-- This site is optimized with the Yoast SEO plugin v26.8 - https:\/\/yoast.com\/product\/yoast-seo-wordpress\/ -->\n<title>Turvameetmed - Stebby<\/title>\n<meta name=\"robots\" content=\"index, follow, max-snippet:-1, max-image-preview:large, max-video-preview:-1\" \/>\n<link rel=\"canonical\" href=\"https:\/\/stebby.eu\/et\/turvameetmed\/\" \/>\n<meta property=\"og:locale\" content=\"et_EE\" \/>\n<meta property=\"og:type\" content=\"article\" \/>\n<meta property=\"og:title\" content=\"Turvameetmed - Stebby\" \/>\n<meta property=\"og:description\" content=\"Stebby rakendab tehnilisi ja organisatsioonilisi meetmeid vastavalt andmekaitse \u00f5igusaktidele. Need meetmed on m\u00f5eldud v\u00e4hendama riski, et kasutajate isikuandmeid t\u00f6\u00f6deldakse volitamata v\u00f5i muul viisil ebaseaduslikult, ning samuti riski, et andmed v\u00f5ivad lekkida, h\u00e4vineda v\u00f5i saada kahjustada. Kui Stebby t\u00f6\u00f6tleb isikuandmeid vastutava t\u00f6\u00f6tlejana v\u00f5i \u00e4riklientide ja partnerite nimel, rakendatakse v\u00e4hemalt k\u00e4esoleval lehel kirjeldatud turvameetmeid ulatuses, mis on...\" \/>\n<meta property=\"og:url\" content=\"https:\/\/stebby.eu\/et\/turvameetmed\/\" \/>\n<meta property=\"og:site_name\" content=\"Stebby\" \/>\n<meta property=\"article:publisher\" content=\"https:\/\/www.facebook.com\/stebby\/\" \/>\n<meta property=\"article:modified_time\" content=\"2025-08-21T08:29:27+00:00\" \/>\n<meta property=\"og:image\" content=\"https:\/\/i0.wp.com\/stebby.eu\/wp-content\/uploads\/2020\/10\/stebby_fb_share.png?fit=1200%2C630&ssl=1\" \/>\n\t<meta property=\"og:image:width\" content=\"1200\" \/>\n\t<meta property=\"og:image:height\" content=\"630\" \/>\n\t<meta property=\"og:image:type\" content=\"image\/png\" \/>\n<meta name=\"twitter:card\" content=\"summary_large_image\" \/>\n<script type=\"application\/ld+json\" class=\"yoast-schema-graph\">{\"@context\":\"https:\/\/schema.org\",\"@graph\":[{\"@type\":\"WebPage\",\"@id\":\"https:\/\/stebby.eu\/et\/turvameetmed\/\",\"url\":\"https:\/\/stebby.eu\/et\/turvameetmed\/\",\"name\":\"Turvameetmed - Stebby\",\"isPartOf\":{\"@id\":\"https:\/\/stebby.eu\/#website\"},\"datePublished\":\"2025-08-21T07:20:33+00:00\",\"dateModified\":\"2025-08-21T08:29:27+00:00\",\"breadcrumb\":{\"@id\":\"https:\/\/stebby.eu\/et\/turvameetmed\/#breadcrumb\"},\"inLanguage\":\"et\",\"potentialAction\":[{\"@type\":\"ReadAction\",\"target\":[\"https:\/\/stebby.eu\/et\/turvameetmed\/\"]}]},{\"@type\":\"BreadcrumbList\",\"@id\":\"https:\/\/stebby.eu\/et\/turvameetmed\/#breadcrumb\",\"itemListElement\":[{\"@type\":\"ListItem\",\"position\":1,\"name\":\"Home\",\"item\":\"https:\/\/stebby.eu\/et\/\"},{\"@type\":\"ListItem\",\"position\":2,\"name\":\"Turvameetmed\"}]},{\"@type\":\"WebSite\",\"@id\":\"https:\/\/stebby.eu\/#website\",\"url\":\"https:\/\/stebby.eu\/\",\"name\":\"Stebby\",\"description\":\"\",\"publisher\":{\"@id\":\"https:\/\/stebby.eu\/#organization\"},\"potentialAction\":[{\"@type\":\"SearchAction\",\"target\":{\"@type\":\"EntryPoint\",\"urlTemplate\":\"https:\/\/stebby.eu\/?s={search_term_string}\"},\"query-input\":{\"@type\":\"PropertyValueSpecification\",\"valueRequired\":true,\"valueName\":\"search_term_string\"}}],\"inLanguage\":\"et\"},{\"@type\":\"Organization\",\"@id\":\"https:\/\/stebby.eu\/#organization\",\"name\":\"Stebby\",\"url\":\"https:\/\/stebby.eu\/\",\"logo\":{\"@type\":\"ImageObject\",\"inLanguage\":\"et\",\"@id\":\"https:\/\/stebby.eu\/#\/schema\/logo\/image\/\",\"url\":\"https:\/\/stebby.eu\/wp-content\/uploads\/2020\/10\/stebby3-1.png\",\"contentUrl\":\"https:\/\/stebby.eu\/wp-content\/uploads\/2020\/10\/stebby3-1.png\",\"width\":256,\"height\":256,\"caption\":\"Stebby\"},\"image\":{\"@id\":\"https:\/\/stebby.eu\/#\/schema\/logo\/image\/\"},\"sameAs\":[\"https:\/\/www.facebook.com\/stebby\/\",\"https:\/\/instagram.com\/stebby.eesti\",\"https:\/\/www.linkedin.com\/company\/stebby\/\"]}]}<\/script>\n<!-- \/ Yoast SEO plugin. -->","yoast_head_json":{"title":"Turvameetmed - Stebby","robots":{"index":"index","follow":"follow","max-snippet":"max-snippet:-1","max-image-preview":"max-image-preview:large","max-video-preview":"max-video-preview:-1"},"canonical":"https:\/\/stebby.eu\/et\/turvameetmed\/","og_locale":"et_EE","og_type":"article","og_title":"Turvameetmed - Stebby","og_description":"Stebby rakendab tehnilisi ja organisatsioonilisi meetmeid vastavalt andmekaitse \u00f5igusaktidele. Need meetmed on m\u00f5eldud v\u00e4hendama riski, et kasutajate isikuandmeid t\u00f6\u00f6deldakse volitamata v\u00f5i muul viisil ebaseaduslikult, ning samuti riski, et andmed v\u00f5ivad lekkida, h\u00e4vineda v\u00f5i saada kahjustada. Kui Stebby t\u00f6\u00f6tleb isikuandmeid vastutava t\u00f6\u00f6tlejana v\u00f5i \u00e4riklientide ja partnerite nimel, rakendatakse v\u00e4hemalt k\u00e4esoleval lehel kirjeldatud turvameetmeid ulatuses, mis on...","og_url":"https:\/\/stebby.eu\/et\/turvameetmed\/","og_site_name":"Stebby","article_publisher":"https:\/\/www.facebook.com\/stebby\/","article_modified_time":"2025-08-21T08:29:27+00:00","og_image":[{"width":1200,"height":630,"url":"https:\/\/i0.wp.com\/stebby.eu\/wp-content\/uploads\/2020\/10\/stebby_fb_share.png?fit=1200%2C630&ssl=1","type":"image\/png"}],"twitter_card":"summary_large_image","schema":{"@context":"https:\/\/schema.org","@graph":[{"@type":"WebPage","@id":"https:\/\/stebby.eu\/et\/turvameetmed\/","url":"https:\/\/stebby.eu\/et\/turvameetmed\/","name":"Turvameetmed - Stebby","isPartOf":{"@id":"https:\/\/stebby.eu\/#website"},"datePublished":"2025-08-21T07:20:33+00:00","dateModified":"2025-08-21T08:29:27+00:00","breadcrumb":{"@id":"https:\/\/stebby.eu\/et\/turvameetmed\/#breadcrumb"},"inLanguage":"et","potentialAction":[{"@type":"ReadAction","target":["https:\/\/stebby.eu\/et\/turvameetmed\/"]}]},{"@type":"BreadcrumbList","@id":"https:\/\/stebby.eu\/et\/turvameetmed\/#breadcrumb","itemListElement":[{"@type":"ListItem","position":1,"name":"Home","item":"https:\/\/stebby.eu\/et\/"},{"@type":"ListItem","position":2,"name":"Turvameetmed"}]},{"@type":"WebSite","@id":"https:\/\/stebby.eu\/#website","url":"https:\/\/stebby.eu\/","name":"Stebby","description":"","publisher":{"@id":"https:\/\/stebby.eu\/#organization"},"potentialAction":[{"@type":"SearchAction","target":{"@type":"EntryPoint","urlTemplate":"https:\/\/stebby.eu\/?s={search_term_string}"},"query-input":{"@type":"PropertyValueSpecification","valueRequired":true,"valueName":"search_term_string"}}],"inLanguage":"et"},{"@type":"Organization","@id":"https:\/\/stebby.eu\/#organization","name":"Stebby","url":"https:\/\/stebby.eu\/","logo":{"@type":"ImageObject","inLanguage":"et","@id":"https:\/\/stebby.eu\/#\/schema\/logo\/image\/","url":"https:\/\/stebby.eu\/wp-content\/uploads\/2020\/10\/stebby3-1.png","contentUrl":"https:\/\/stebby.eu\/wp-content\/uploads\/2020\/10\/stebby3-1.png","width":256,"height":256,"caption":"Stebby"},"image":{"@id":"https:\/\/stebby.eu\/#\/schema\/logo\/image\/"},"sameAs":["https:\/\/www.facebook.com\/stebby\/","https:\/\/instagram.com\/stebby.eesti","https:\/\/www.linkedin.com\/company\/stebby\/"]}]}},"jetpack_sharing_enabled":true,"_links":{"self":[{"href":"https:\/\/stebby.eu\/et\/wp-json\/wp\/v2\/pages\/19311","targetHints":{"allow":["GET"]}}],"collection":[{"href":"https:\/\/stebby.eu\/et\/wp-json\/wp\/v2\/pages"}],"about":[{"href":"https:\/\/stebby.eu\/et\/wp-json\/wp\/v2\/types\/page"}],"author":[{"embeddable":true,"href":"https:\/\/stebby.eu\/et\/wp-json\/wp\/v2\/users\/19"}],"replies":[{"embeddable":true,"href":"https:\/\/stebby.eu\/et\/wp-json\/wp\/v2\/comments?post=19311"}],"version-history":[{"count":6,"href":"https:\/\/stebby.eu\/et\/wp-json\/wp\/v2\/pages\/19311\/revisions"}],"predecessor-version":[{"id":19364,"href":"https:\/\/stebby.eu\/et\/wp-json\/wp\/v2\/pages\/19311\/revisions\/19364"}],"wp:attachment":[{"href":"https:\/\/stebby.eu\/et\/wp-json\/wp\/v2\/media?parent=19311"}],"curies":[{"name":"wp","href":"https:\/\/api.w.org\/{rel}","templated":true}]}}