{"id":14902,"date":"2023-08-29T12:51:53","date_gmt":"2023-08-29T12:51:53","guid":{"rendered":"https:\/\/stebby.eu\/?page_id=14902"},"modified":"2023-08-30T08:55:01","modified_gmt":"2023-08-30T08:55:01","slug":"stebby-vizualinis-identitetas-paslaugu-teikejams","status":"publish","type":"page","link":"https:\/\/stebby.eu\/lt\/stebby-vizualinis-identitetas-paslaugu-teikejams\/","title":{"rendered":"\u201eStebby\u201c vizualinis identitetas paslaug\u0173 teik\u0117jams"},"content":{"rendered":"","protected":false},"excerpt":{"rendered":"","protected":false},"author":18,"featured_media":13373,"parent":0,"menu_order":0,"comment_status":"closed","ping_status":"closed","template":"TEMPLATE-basic-page.php","meta":{"footnotes":""},"class_list":["post-14902","page","type-page","status-publish","has-post-thumbnail","hentry"],"yoast_head":"<!-- This site is optimized with the Yoast SEO plugin v26.8 - https:\/\/yoast.com\/product\/yoast-seo-wordpress\/ -->\n<title>\u201eStebby\u201c vizualinis identitetas paslaug\u0173 teik\u0117jams - Stebby<\/title>\n<meta name=\"description\" content=\"Suk\u016br\u0117me vadov\u0105, kaip teisingai naudoti m\u016bs\u0173 prek\u0117s \u017eenklo elementus, taip pat kelet\u0105 vaizdin\u0117s med\u017eiagos ir vaizdo \u012fra\u0161\u0173, kurie gali b\u016bti naudingi \u201eStebby\u201c paslaug\u0173 teik\u0117jui.\" \/>\n<meta name=\"robots\" content=\"index, follow, max-snippet:-1, max-image-preview:large, max-video-preview:-1\" \/>\n<link rel=\"canonical\" href=\"https:\/\/stebby.eu\/lt\/stebby-vizualinis-identitetas-paslaugu-teikejams\/\" \/>\n<meta property=\"og:locale\" content=\"lt_LT\" \/>\n<meta property=\"og:type\" content=\"article\" \/>\n<meta property=\"og:title\" content=\"\u201eStebby\u201c vizualinis identitetas paslaug\u0173 teik\u0117jams - Stebby\" \/>\n<meta property=\"og:description\" content=\"Suk\u016br\u0117me vadov\u0105, kaip teisingai naudoti m\u016bs\u0173 prek\u0117s \u017eenklo elementus, taip pat kelet\u0105 vaizdin\u0117s med\u017eiagos ir vaizdo \u012fra\u0161\u0173, kurie gali b\u016bti naudingi \u201eStebby\u201c paslaug\u0173 teik\u0117jui.\" \/>\n<meta property=\"og:url\" content=\"https:\/\/stebby.eu\/lt\/stebby-vizualinis-identitetas-paslaugu-teikejams\/\" \/>\n<meta property=\"og:site_name\" content=\"Stebby\" \/>\n<meta property=\"article:publisher\" content=\"https:\/\/www.facebook.com\/stebby\/\" \/>\n<meta property=\"article:modified_time\" content=\"2023-08-30T08:55:01+00:00\" \/>\n<meta property=\"og:image\" content=\"https:\/\/stebby.eu\/wp-content\/uploads\/2023\/03\/Roosa-1.png\" \/>\n\t<meta property=\"og:image:width\" content=\"1080\" \/>\n\t<meta property=\"og:image:height\" content=\"1080\" \/>\n\t<meta property=\"og:image:type\" content=\"image\/png\" \/>\n<meta name=\"twitter:card\" content=\"summary_large_image\" \/>\n<script type=\"application\/ld+json\" class=\"yoast-schema-graph\">{\"@context\":\"https:\/\/schema.org\",\"@graph\":[{\"@type\":\"WebPage\",\"@id\":\"https:\/\/stebby.eu\/lt\/stebby-vizualinis-identitetas-paslaugu-teikejams\/\",\"url\":\"https:\/\/stebby.eu\/lt\/stebby-vizualinis-identitetas-paslaugu-teikejams\/\",\"name\":\"\u201eStebby\u201c vizualinis identitetas paslaug\u0173 teik\u0117jams - Stebby\",\"isPartOf\":{\"@id\":\"https:\/\/stebby.eu\/#website\"},\"primaryImageOfPage\":{\"@id\":\"https:\/\/stebby.eu\/lt\/stebby-vizualinis-identitetas-paslaugu-teikejams\/#primaryimage\"},\"image\":{\"@id\":\"https:\/\/stebby.eu\/lt\/stebby-vizualinis-identitetas-paslaugu-teikejams\/#primaryimage\"},\"thumbnailUrl\":\"https:\/\/i0.wp.com\/stebby.eu\/wp-content\/uploads\/2023\/03\/Roosa-1.png?fit=1080%2C1080&ssl=1\",\"datePublished\":\"2023-08-29T12:51:53+00:00\",\"dateModified\":\"2023-08-30T08:55:01+00:00\",\"description\":\"Suk\u016br\u0117me vadov\u0105, kaip teisingai naudoti m\u016bs\u0173 prek\u0117s \u017eenklo elementus, taip pat kelet\u0105 vaizdin\u0117s med\u017eiagos ir vaizdo \u012fra\u0161\u0173, kurie gali b\u016bti naudingi \u201eStebby\u201c paslaug\u0173 teik\u0117jui.\",\"breadcrumb\":{\"@id\":\"https:\/\/stebby.eu\/lt\/stebby-vizualinis-identitetas-paslaugu-teikejams\/#breadcrumb\"},\"inLanguage\":\"lt-LT\",\"potentialAction\":[{\"@type\":\"ReadAction\",\"target\":[\"https:\/\/stebby.eu\/lt\/stebby-vizualinis-identitetas-paslaugu-teikejams\/\"]}]},{\"@type\":\"ImageObject\",\"inLanguage\":\"lt-LT\",\"@id\":\"https:\/\/stebby.eu\/lt\/stebby-vizualinis-identitetas-paslaugu-teikejams\/#primaryimage\",\"url\":\"https:\/\/i0.wp.com\/stebby.eu\/wp-content\/uploads\/2023\/03\/Roosa-1.png?fit=1080%2C1080&ssl=1\",\"contentUrl\":\"https:\/\/i0.wp.com\/stebby.eu\/wp-content\/uploads\/2023\/03\/Roosa-1.png?fit=1080%2C1080&ssl=1\",\"width\":1080,\"height\":1080},{\"@type\":\"BreadcrumbList\",\"@id\":\"https:\/\/stebby.eu\/lt\/stebby-vizualinis-identitetas-paslaugu-teikejams\/#breadcrumb\",\"itemListElement\":[{\"@type\":\"ListItem\",\"position\":1,\"name\":\"Home\",\"item\":\"https:\/\/stebby.eu\/lt\/\"},{\"@type\":\"ListItem\",\"position\":2,\"name\":\"\u201eStebby\u201c vizualinis identitetas paslaug\u0173 teik\u0117jams\"}]},{\"@type\":\"WebSite\",\"@id\":\"https:\/\/stebby.eu\/#website\",\"url\":\"https:\/\/stebby.eu\/\",\"name\":\"Stebby\",\"description\":\"\",\"publisher\":{\"@id\":\"https:\/\/stebby.eu\/#organization\"},\"potentialAction\":[{\"@type\":\"SearchAction\",\"target\":{\"@type\":\"EntryPoint\",\"urlTemplate\":\"https:\/\/stebby.eu\/?s={search_term_string}\"},\"query-input\":{\"@type\":\"PropertyValueSpecification\",\"valueRequired\":true,\"valueName\":\"search_term_string\"}}],\"inLanguage\":\"lt-LT\"},{\"@type\":\"Organization\",\"@id\":\"https:\/\/stebby.eu\/#organization\",\"name\":\"Stebby\",\"url\":\"https:\/\/stebby.eu\/\",\"logo\":{\"@type\":\"ImageObject\",\"inLanguage\":\"lt-LT\",\"@id\":\"https:\/\/stebby.eu\/#\/schema\/logo\/image\/\",\"url\":\"https:\/\/stebby.eu\/wp-content\/uploads\/2020\/10\/stebby3-1.png\",\"contentUrl\":\"https:\/\/stebby.eu\/wp-content\/uploads\/2020\/10\/stebby3-1.png\",\"width\":256,\"height\":256,\"caption\":\"Stebby\"},\"image\":{\"@id\":\"https:\/\/stebby.eu\/#\/schema\/logo\/image\/\"},\"sameAs\":[\"https:\/\/www.facebook.com\/stebby\/\",\"https:\/\/instagram.com\/stebby.eesti\",\"https:\/\/www.linkedin.com\/company\/stebby\/\"]}]}<\/script>\n<!-- \/ Yoast SEO plugin. -->","yoast_head_json":{"title":"\u201eStebby\u201c vizualinis identitetas paslaug\u0173 teik\u0117jams - Stebby","description":"Suk\u016br\u0117me vadov\u0105, kaip teisingai naudoti m\u016bs\u0173 prek\u0117s \u017eenklo elementus, taip pat kelet\u0105 vaizdin\u0117s med\u017eiagos ir vaizdo \u012fra\u0161\u0173, kurie gali b\u016bti naudingi \u201eStebby\u201c paslaug\u0173 teik\u0117jui.","robots":{"index":"index","follow":"follow","max-snippet":"max-snippet:-1","max-image-preview":"max-image-preview:large","max-video-preview":"max-video-preview:-1"},"canonical":"https:\/\/stebby.eu\/lt\/stebby-vizualinis-identitetas-paslaugu-teikejams\/","og_locale":"lt_LT","og_type":"article","og_title":"\u201eStebby\u201c vizualinis identitetas paslaug\u0173 teik\u0117jams - Stebby","og_description":"Suk\u016br\u0117me vadov\u0105, kaip teisingai naudoti m\u016bs\u0173 prek\u0117s \u017eenklo elementus, taip pat kelet\u0105 vaizdin\u0117s med\u017eiagos ir vaizdo \u012fra\u0161\u0173, kurie gali b\u016bti naudingi \u201eStebby\u201c paslaug\u0173 teik\u0117jui.","og_url":"https:\/\/stebby.eu\/lt\/stebby-vizualinis-identitetas-paslaugu-teikejams\/","og_site_name":"Stebby","article_publisher":"https:\/\/www.facebook.com\/stebby\/","article_modified_time":"2023-08-30T08:55:01+00:00","og_image":[{"width":1080,"height":1080,"url":"https:\/\/stebby.eu\/wp-content\/uploads\/2023\/03\/Roosa-1.png","type":"image\/png"}],"twitter_card":"summary_large_image","schema":{"@context":"https:\/\/schema.org","@graph":[{"@type":"WebPage","@id":"https:\/\/stebby.eu\/lt\/stebby-vizualinis-identitetas-paslaugu-teikejams\/","url":"https:\/\/stebby.eu\/lt\/stebby-vizualinis-identitetas-paslaugu-teikejams\/","name":"\u201eStebby\u201c vizualinis identitetas paslaug\u0173 teik\u0117jams - Stebby","isPartOf":{"@id":"https:\/\/stebby.eu\/#website"},"primaryImageOfPage":{"@id":"https:\/\/stebby.eu\/lt\/stebby-vizualinis-identitetas-paslaugu-teikejams\/#primaryimage"},"image":{"@id":"https:\/\/stebby.eu\/lt\/stebby-vizualinis-identitetas-paslaugu-teikejams\/#primaryimage"},"thumbnailUrl":"https:\/\/i0.wp.com\/stebby.eu\/wp-content\/uploads\/2023\/03\/Roosa-1.png?fit=1080%2C1080&ssl=1","datePublished":"2023-08-29T12:51:53+00:00","dateModified":"2023-08-30T08:55:01+00:00","description":"Suk\u016br\u0117me vadov\u0105, kaip teisingai naudoti m\u016bs\u0173 prek\u0117s \u017eenklo elementus, taip pat kelet\u0105 vaizdin\u0117s med\u017eiagos ir vaizdo \u012fra\u0161\u0173, kurie gali b\u016bti naudingi \u201eStebby\u201c paslaug\u0173 teik\u0117jui.","breadcrumb":{"@id":"https:\/\/stebby.eu\/lt\/stebby-vizualinis-identitetas-paslaugu-teikejams\/#breadcrumb"},"inLanguage":"lt-LT","potentialAction":[{"@type":"ReadAction","target":["https:\/\/stebby.eu\/lt\/stebby-vizualinis-identitetas-paslaugu-teikejams\/"]}]},{"@type":"ImageObject","inLanguage":"lt-LT","@id":"https:\/\/stebby.eu\/lt\/stebby-vizualinis-identitetas-paslaugu-teikejams\/#primaryimage","url":"https:\/\/i0.wp.com\/stebby.eu\/wp-content\/uploads\/2023\/03\/Roosa-1.png?fit=1080%2C1080&ssl=1","contentUrl":"https:\/\/i0.wp.com\/stebby.eu\/wp-content\/uploads\/2023\/03\/Roosa-1.png?fit=1080%2C1080&ssl=1","width":1080,"height":1080},{"@type":"BreadcrumbList","@id":"https:\/\/stebby.eu\/lt\/stebby-vizualinis-identitetas-paslaugu-teikejams\/#breadcrumb","itemListElement":[{"@type":"ListItem","position":1,"name":"Home","item":"https:\/\/stebby.eu\/lt\/"},{"@type":"ListItem","position":2,"name":"\u201eStebby\u201c vizualinis identitetas paslaug\u0173 teik\u0117jams"}]},{"@type":"WebSite","@id":"https:\/\/stebby.eu\/#website","url":"https:\/\/stebby.eu\/","name":"Stebby","description":"","publisher":{"@id":"https:\/\/stebby.eu\/#organization"},"potentialAction":[{"@type":"SearchAction","target":{"@type":"EntryPoint","urlTemplate":"https:\/\/stebby.eu\/?s={search_term_string}"},"query-input":{"@type":"PropertyValueSpecification","valueRequired":true,"valueName":"search_term_string"}}],"inLanguage":"lt-LT"},{"@type":"Organization","@id":"https:\/\/stebby.eu\/#organization","name":"Stebby","url":"https:\/\/stebby.eu\/","logo":{"@type":"ImageObject","inLanguage":"lt-LT","@id":"https:\/\/stebby.eu\/#\/schema\/logo\/image\/","url":"https:\/\/stebby.eu\/wp-content\/uploads\/2020\/10\/stebby3-1.png","contentUrl":"https:\/\/stebby.eu\/wp-content\/uploads\/2020\/10\/stebby3-1.png","width":256,"height":256,"caption":"Stebby"},"image":{"@id":"https:\/\/stebby.eu\/#\/schema\/logo\/image\/"},"sameAs":["https:\/\/www.facebook.com\/stebby\/","https:\/\/instagram.com\/stebby.eesti","https:\/\/www.linkedin.com\/company\/stebby\/"]}]}},"jetpack_sharing_enabled":true,"_links":{"self":[{"href":"https:\/\/stebby.eu\/lt\/wp-json\/wp\/v2\/pages\/14902","targetHints":{"allow":["GET"]}}],"collection":[{"href":"https:\/\/stebby.eu\/lt\/wp-json\/wp\/v2\/pages"}],"about":[{"href":"https:\/\/stebby.eu\/lt\/wp-json\/wp\/v2\/types\/page"}],"author":[{"embeddable":true,"href":"https:\/\/stebby.eu\/lt\/wp-json\/wp\/v2\/users\/18"}],"replies":[{"embeddable":true,"href":"https:\/\/stebby.eu\/lt\/wp-json\/wp\/v2\/comments?post=14902"}],"version-history":[{"count":13,"href":"https:\/\/stebby.eu\/lt\/wp-json\/wp\/v2\/pages\/14902\/revisions"}],"predecessor-version":[{"id":15114,"href":"https:\/\/stebby.eu\/lt\/wp-json\/wp\/v2\/pages\/14902\/revisions\/15114"}],"wp:featuredmedia":[{"embeddable":true,"href":"https:\/\/stebby.eu\/lt\/wp-json\/wp\/v2\/media\/13373"}],"wp:attachment":[{"href":"https:\/\/stebby.eu\/lt\/wp-json\/wp\/v2\/media?parent=14902"}],"curies":[{"name":"wp","href":"https:\/\/api.w.org\/{rel}","templated":true}]}}