{"id":19309,"date":"2025-08-21T07:55:39","date_gmt":"2025-08-21T07:55:39","guid":{"rendered":"https:\/\/stebby.eu\/?page_id=19309"},"modified":"2025-08-21T07:55:41","modified_gmt":"2025-08-21T07:55:41","slug":"pagalbiniu-duomenu-tvarkytoju-sarasas","status":"publish","type":"page","link":"https:\/\/stebby.eu\/lt\/pagalbiniu-duomenu-tvarkytoju-sarasas\/","title":{"rendered":"Pagalbini\u0173 duomen\u0173 tvarkytoj\u0173 s\u0105ra\u0161as"},"content":{"rendered":"\n<p>Siekdami veiksmingai teikti paslaugas, \u201eStebby\u201c gali pasitelkti pagalbinius duomen\u0173 tvarkytojus, kurie pad\u0117t\u0173 vykdyti tam tikr\u0105 veikl\u0105. \u0160ie pagalbiniai duomen\u0173 tvarkytojai padeda atlikti tam tikras funkcijas ar teikti technines paslaugas, b\u016btinas m\u016bs\u0173 veiklai vykdyti. Jei \u201eStebby\u201c pasitelkia pagalbinius duomen\u0173 tvarkytojus, taikoma duomen\u0173 tvarkymo sutartis (angl. data processing agreement, DTA) arba kita teisi\u0161kai \u012fpareigojanti sutartis ar s\u0105lygos.<\/p>\n\n\n\n<p>Kai \u201eStebby\u201c veikia kaip verslo klient\u0173 duomen\u0173 valdytojas, tas pats saugos lygis ir sutartin\u0117s s\u0105lygos, d\u0117l kuri\u0173 susitarta su klientu, taikomos ir pagalbiniam duomen\u0173 tvarkytojui. Jei pagalbinis duomen\u0173 tvarkytojas perduoda duomenis u\u017e ES rib\u0173, \u201eStebby\u201c u\u017etikrina, kad prireikus b\u016bt\u0173 taikomos standartin\u0117s sutar\u010di\u0173 s\u0105lygos (angl. Standard Contractual Clauses, SCC) ir atliekamas duomen\u0173 perdavimo poveikio vertinimas (angl. Transfer Impact Assessment, TIA).<\/p>\n\n\n\n<style>\ntd {\n  border: 1px solid black;\n  border-radius: 10px;\n}\n<\/style>\n<figure class=\"wp-block-table\"><table class=\"has-fixed-layout\"><thead><tr><th><strong>Vardas kontaktiniai duomenys<\/strong><\/th><th><strong>Duomen\u0173 subjektas<\/strong><\/th><th><strong>Tikslas<\/strong><\/th><th><strong>Vieta<\/strong><\/th><\/tr><\/thead><tbody><tr><td>BambooHR LLC<br>El. pa\u0161tas: legal@bamboohr.com<br>Tel.: 1 801-724-6600<\/td><td>Darbo ie\u0161kantys asmenys<\/td><td>Personalo ir kandidat\u0173 duomen\u0173 valdymas.<\/td><td>335 South 560 West London, UT 84042, JAV<\/td><\/tr><tr><td>Calendly LLC<br>El. pa\u0161tas: legal@calendly.com<br>Tel.: 1 (800) 979-9850<\/td><td>B2B klient\u0173 ir \u201eStebby\u201c atstovai<\/td><td>\u201eStebby\u201c paslaugos demonstracinis kalendoriaus valdymas<\/td><td>Buford, 115 E Main St NE #A1B, JAV<\/td><\/tr><tr><td>Data and Privacy Protection O\u00dc<br>El. pa\u0161tas: maili@dataprotectionprivacy.eu<br>Tel.: 372 5341 2416<\/td><td>Darbuotojai<br>Naudotojai<br>B2B, SP, EO klient\u0173 ir rangov\u0173 atstovai<\/td><td>I\u0161orin\u0117s DAP paslaugos<\/td><td>Sepise 1, 11415 Tallinn, Estija<\/td><\/tr><tr><td>Disenjador O\u00dc<br>El. pa\u0161tas: silver@mustlammas.ee<\/td><td>Darbuotojai<br>Naudotojai<br>B2B, SP, EO klient\u0173 ir rangov\u0173 atstovai<\/td><td>Programuotoj\u0173 paslaugos<\/td><td>Jalgpalli tn 1, 11312, Tallinn, Harju maakond, Estija<\/td><\/tr><tr><td>Elisa Eesti AS<br>El. pa\u0161tas: elisa@elisa.ee<br>Tel.: +372 681 1963<\/td><td>Naudotojai<br>B2B, SP, EO klient\u0173, rangov\u0173 ir \u201eStebby\u201c atstovai<\/td><td>Klient\u0173 aptarnavimas (skambinti)<\/td><td>Harju maakond, Tallinn, Kristiine linnaosa, S\u00f5pruse pst 145, 13425, Estija<\/td><\/tr><tr><td>ERGO Life Insurance SE Eesti filiaal<br>El. pa\u0161tas: info@ergo.ee<br>Tel.: 372 610 6500<\/td><td>Naudotojai. B2B klient\u0173 ir \u201eStebby\u201c atstovai.<\/td><td>Draudimo paslaug\u0173 teik\u0117jas<\/td><td>Veskiposti tn 2\/1, 10138, Tallinn, Estija<\/td><\/tr><tr><td>Google Cloud EMEA Limited<\/td><td>Darbuotojai<br>Naudotojai<br>B2B, SP, EO klient\u0173 ir rangov\u0173 atstovai<\/td><td>Debesijos paslaugos<\/td><td>70 Sir John Rogerson\u2019s Quay, Dublin 2, Airija<\/td><\/tr><tr><td>Google Airija Limited<\/td><td>Darbuotojai<br>Naudotojai<br>B2B, SP, EO klient\u0173 ir rangov\u0173 atstovai<\/td><td>Ry\u0161iai su klientais<br>Prek\u0117s \u017eenklo k\u016brimas<br>Rinkodaros reklamin\u0117s kampanijos<\/td><td>Gordon House, Barrow Street, Dublin 4, Airija<\/td><\/tr><tr><td>Help Scout PBC<br>El. pa\u0161tas: dpo@helpscout.com<\/td><td>Naudotojai<br>B2B, SP, EO klient\u0173, rangov\u0173 ir \u201eStebby\u201c atstovai<\/td><td>Bendravimas su naudotojais<\/td><td>68 Harrison Ave Ste 605, PMB 78505, Boston MA 02111, JAV<\/td><\/tr><tr><td>Hunter Web Services, Inc.<br>El. pa\u0161tas: contact@hunter.io<br>Tel.: (507)\u202f541\u20119802<\/td><td>(Potencialaus) B2B kliento atstovai<\/td><td>Nauj\u0173 potenciali\u0173 klient\u0173 nustatymas<\/td><td>2810 N Church St #50754, Wilmington, Delaware 19802-4447, JAV<\/td><\/tr><tr><td>IIZI Kindlustusmaakler AS<br>El. pa\u0161tas: info@iizi.ee<br>Tel.: 372 666 0300<\/td><td>Klientai<br>Naudotojai<\/td><td>\u201eStebby O\u00dc\u201c platinama sveikatos draudimo duomen\u0173 main\u0173 platforma.<\/td><td>Telliskivi tn 60\/2, 10412, Tallinn, Estija<\/td><\/tr><tr><td>Lempire SAS El. pa\u0161tas:<br>contact@lempire.com<\/td><td>Naudotojai<br>B2B, SP, EO klient\u0173, rangov\u0173 ir \u201eStebby\u201c atstovai<\/td><td>Tiesiogin\u0117 rinkodara<\/td><td>128 rue La Bo\u00e9tie, 75008 Paris, Pranc\u016bzija<\/td><\/tr><tr><td>LHV Pank<br>El. pa\u0161tas: info@lhv.ee<\/td><td>Darbuotojai<br>Naudotojai<br>B2B, SP, EO klient\u0173 ir rangov\u0173 atstovai<\/td><td>Bankininkyst\u0117s ir mok\u0117jimo paslaugos<\/td><td>Tartu mnt 2, 10145 Tallinn, Estija<\/td><\/tr><tr><td>LHV Paytech<br>El. pa\u0161tas: info@every-pay.com<br>Tel.: 372 644 2201<\/td><td>Darbuotojai<br>Naudotojai<\/td><td>Mok\u0117jimo sprendim\u0173 platforma<\/td><td>Tartu mnt 2, 10145 Tallinn, Estija<\/td><\/tr><tr><td>MB \u201ePlanuotojas\u201c nustatytas klient\u0173 sekimas<br>El. pa\u0161tas: info@definedchase.com<br>Tel.: 370 6763 3847<\/td><td>Naudotojai<br>B2B, SP, EO klient\u0173 ir \u201eStebby\u201c atstovai.<\/td><td>Skaitmenin\u0117s rinkodaros kampanijos nustatymas<\/td><td>\u201eVilnius Tech Park\u201c 12-asis pastatas. Antakalnio g. 17, Vilnius, Lietuva<\/td><\/tr><tr><td>Meta Platforms Ireland Ltd<\/td><td>\u017dmon\u0117s, bendraujantys su \u201eStebby\u201c paskyromis \u201eFacebook\u201c ir \u201eInstagram\u201c<\/td><td>Ry\u0161iai su klientais<br>Prek\u0117s \u017eenklo k\u016brimas<br>Rinkodaros reklamin\u0117s kampanijos<\/td><td>4 Grand Canal Square, Dublin Country, Airija<\/td><\/tr><tr><td>Pipedrive O\u00dc<br>El. pa\u0161tas: privacy@pipedrive.com<br>Tel.: +372 5361 7848<\/td><td>Klient\u0173 ir \u201eStebby\u201c atstovai<\/td><td>Pardavim\u0173 ir potenciali\u0173 klient\u0173 valdymas<\/td><td>Mustam\u00e4e tee 3a, 10615, Tallinn, Estija<\/td><\/tr><tr><td>SIA NESS<br>El. pa\u0161tas: info@ness-solutions.com<\/td><td>\u201eStebby\u201c atstovai ir potencial\u016bs B2B klientai.<\/td><td>Rinkodara B2B klientams<\/td><td>Riga, Dzirnavu iela 37 &#8211; 62, LV-1010, Latvija<\/td><\/tr><tr><td>Stebby Draudimas O\u00dc<br>El. pa\u0161tas: draudimas@stebby.eu<\/td><td>Naudotojai<br>B2B, SP, EO klient\u0173, rangov\u0173 ir \u201eStebby\u201c atstovai<\/td><td>Pardavimo ir rinkodaros paslaug\u0173 teikimas<\/td><td>Tartu maakond, Tartu linn, Raatuse tn 20, 51009, Estija<\/td><\/tr><tr><td>Tiktok Technology LTD<br>TikTok Information Technologies UK LTD<\/td><td>\u017dmon\u0117s, bendraujantys su \u201eStebby\u201c paskyromis \u201eTikTok\u201c platformoje<\/td><td>Ry\u0161iai su klientais<br>Prek\u0117s \u017eenklas<\/td><td>The Sorting Office, Ropemaker Place, Dublin 2, Dublin, D02 HD23, Airija<br>Kaleidoscope, 4 Lindsey Street, London, Jungtin\u0117 Karalyst\u0117, EC1A 9HP<\/td><\/tr><tr><td>Twilio Inc.<\/td><td>Naudotojai<br>B2B, SP, EO klient\u0173, rangov\u0173 ir \u201eStebby\u201c atstovai<\/td><td>Bendravimas el. pa\u0161tu<\/td><td>101 Spear St, Ste 500 San Francisco, CA 94105, JAV<\/td><\/tr><tr><td>Vero Holdings Australia Pty Ltd<br>El. pa\u0161tas: getvero@lionheartsquared.eu<\/td><td>Naudotojai<br>B2B, SP, EO klient\u0173, rangov\u0173 ir \u201eStebby\u201c atstovai<\/td><td>Rinkodara el. pa\u0161tu ir automatizavimas<\/td><td>Level 1, 251 Riley Street, Surry Hills, NSW, 2010, Australija<\/td><\/tr><\/tbody><\/table><\/figure>\n","protected":false},"excerpt":{"rendered":"Siekdami veiksmingai teikti paslaugas, \u201eStebby\u201c gali pasitelkti pagalbinius duomen\u0173 tvarkytojus, kurie pad\u0117t\u0173 vykdyti tam tikr\u0105 veikl\u0105. \u0160ie pagalbiniai duomen\u0173 tvarkytojai padeda atlikti tam tikras funkcijas ar teikti technines paslaugas, b\u016btinas m\u016bs\u0173 veiklai vykdyti. Jei \u201eStebby\u201c pasitelkia pagalbinius duomen\u0173 tvarkytojus, taikoma duomen\u0173 tvarkymo sutartis (angl. data processing agreement, DTA) arba kita teisi\u0161kai \u012fpareigojanti sutartis ar s\u0105lygos&#8230;.","protected":false},"author":19,"featured_media":0,"parent":0,"menu_order":0,"comment_status":"closed","ping_status":"closed","template":"TEMPLATE-table-of-contents.php","meta":{"footnotes":""},"class_list":["post-19309","page","type-page","status-publish","hentry"],"yoast_head":"<!-- This site is optimized with the Yoast SEO plugin v26.8 - https:\/\/yoast.com\/product\/yoast-seo-wordpress\/ -->\n<title>Pagalbini\u0173 duomen\u0173 tvarkytoj\u0173 s\u0105ra\u0161as - Stebby<\/title>\n<meta name=\"robots\" content=\"index, follow, max-snippet:-1, max-image-preview:large, max-video-preview:-1\" \/>\n<link rel=\"canonical\" href=\"https:\/\/stebby.eu\/lt\/pagalbiniu-duomenu-tvarkytoju-sarasas\/\" \/>\n<meta property=\"og:locale\" content=\"lt_LT\" \/>\n<meta property=\"og:type\" content=\"article\" \/>\n<meta property=\"og:title\" content=\"Pagalbini\u0173 duomen\u0173 tvarkytoj\u0173 s\u0105ra\u0161as - Stebby\" \/>\n<meta property=\"og:description\" content=\"Siekdami veiksmingai teikti paslaugas, \u201eStebby\u201c gali pasitelkti pagalbinius duomen\u0173 tvarkytojus, kurie pad\u0117t\u0173 vykdyti tam tikr\u0105 veikl\u0105. \u0160ie pagalbiniai duomen\u0173 tvarkytojai padeda atlikti tam tikras funkcijas ar teikti technines paslaugas, b\u016btinas m\u016bs\u0173 veiklai vykdyti. Jei \u201eStebby\u201c pasitelkia pagalbinius duomen\u0173 tvarkytojus, taikoma duomen\u0173 tvarkymo sutartis (angl. data processing agreement, DTA) arba kita teisi\u0161kai \u012fpareigojanti sutartis ar s\u0105lygos....\" \/>\n<meta property=\"og:url\" content=\"https:\/\/stebby.eu\/lt\/pagalbiniu-duomenu-tvarkytoju-sarasas\/\" \/>\n<meta property=\"og:site_name\" content=\"Stebby\" \/>\n<meta property=\"article:publisher\" content=\"https:\/\/www.facebook.com\/stebby\/\" \/>\n<meta property=\"article:modified_time\" content=\"2025-08-21T07:55:41+00:00\" \/>\n<meta property=\"og:image\" content=\"https:\/\/i0.wp.com\/stebby.eu\/wp-content\/uploads\/2020\/10\/stebby_fb_share.png?fit=1200%2C630&ssl=1\" \/>\n\t<meta property=\"og:image:width\" content=\"1200\" \/>\n\t<meta property=\"og:image:height\" content=\"630\" \/>\n\t<meta property=\"og:image:type\" content=\"image\/png\" \/>\n<meta name=\"twitter:card\" content=\"summary_large_image\" \/>\n<meta name=\"twitter:label1\" content=\"Est. reading time\" \/>\n\t<meta name=\"twitter:data1\" content=\"4 minut\u0117s\" \/>\n<script type=\"application\/ld+json\" class=\"yoast-schema-graph\">{\"@context\":\"https:\/\/schema.org\",\"@graph\":[{\"@type\":\"WebPage\",\"@id\":\"https:\/\/stebby.eu\/lt\/pagalbiniu-duomenu-tvarkytoju-sarasas\/\",\"url\":\"https:\/\/stebby.eu\/lt\/pagalbiniu-duomenu-tvarkytoju-sarasas\/\",\"name\":\"Pagalbini\u0173 duomen\u0173 tvarkytoj\u0173 s\u0105ra\u0161as - Stebby\",\"isPartOf\":{\"@id\":\"https:\/\/stebby.eu\/#website\"},\"datePublished\":\"2025-08-21T07:55:39+00:00\",\"dateModified\":\"2025-08-21T07:55:41+00:00\",\"breadcrumb\":{\"@id\":\"https:\/\/stebby.eu\/lt\/pagalbiniu-duomenu-tvarkytoju-sarasas\/#breadcrumb\"},\"inLanguage\":\"lt-LT\",\"potentialAction\":[{\"@type\":\"ReadAction\",\"target\":[\"https:\/\/stebby.eu\/lt\/pagalbiniu-duomenu-tvarkytoju-sarasas\/\"]}]},{\"@type\":\"BreadcrumbList\",\"@id\":\"https:\/\/stebby.eu\/lt\/pagalbiniu-duomenu-tvarkytoju-sarasas\/#breadcrumb\",\"itemListElement\":[{\"@type\":\"ListItem\",\"position\":1,\"name\":\"Home\",\"item\":\"https:\/\/stebby.eu\/lt\/\"},{\"@type\":\"ListItem\",\"position\":2,\"name\":\"Pagalbini\u0173 duomen\u0173 tvarkytoj\u0173 s\u0105ra\u0161as\"}]},{\"@type\":\"WebSite\",\"@id\":\"https:\/\/stebby.eu\/#website\",\"url\":\"https:\/\/stebby.eu\/\",\"name\":\"Stebby\",\"description\":\"\",\"publisher\":{\"@id\":\"https:\/\/stebby.eu\/#organization\"},\"potentialAction\":[{\"@type\":\"SearchAction\",\"target\":{\"@type\":\"EntryPoint\",\"urlTemplate\":\"https:\/\/stebby.eu\/?s={search_term_string}\"},\"query-input\":{\"@type\":\"PropertyValueSpecification\",\"valueRequired\":true,\"valueName\":\"search_term_string\"}}],\"inLanguage\":\"lt-LT\"},{\"@type\":\"Organization\",\"@id\":\"https:\/\/stebby.eu\/#organization\",\"name\":\"Stebby\",\"url\":\"https:\/\/stebby.eu\/\",\"logo\":{\"@type\":\"ImageObject\",\"inLanguage\":\"lt-LT\",\"@id\":\"https:\/\/stebby.eu\/#\/schema\/logo\/image\/\",\"url\":\"https:\/\/stebby.eu\/wp-content\/uploads\/2020\/10\/stebby3-1.png\",\"contentUrl\":\"https:\/\/stebby.eu\/wp-content\/uploads\/2020\/10\/stebby3-1.png\",\"width\":256,\"height\":256,\"caption\":\"Stebby\"},\"image\":{\"@id\":\"https:\/\/stebby.eu\/#\/schema\/logo\/image\/\"},\"sameAs\":[\"https:\/\/www.facebook.com\/stebby\/\",\"https:\/\/instagram.com\/stebby.eesti\",\"https:\/\/www.linkedin.com\/company\/stebby\/\"]}]}<\/script>\n<!-- \/ Yoast SEO plugin. -->","yoast_head_json":{"title":"Pagalbini\u0173 duomen\u0173 tvarkytoj\u0173 s\u0105ra\u0161as - Stebby","robots":{"index":"index","follow":"follow","max-snippet":"max-snippet:-1","max-image-preview":"max-image-preview:large","max-video-preview":"max-video-preview:-1"},"canonical":"https:\/\/stebby.eu\/lt\/pagalbiniu-duomenu-tvarkytoju-sarasas\/","og_locale":"lt_LT","og_type":"article","og_title":"Pagalbini\u0173 duomen\u0173 tvarkytoj\u0173 s\u0105ra\u0161as - Stebby","og_description":"Siekdami veiksmingai teikti paslaugas, \u201eStebby\u201c gali pasitelkti pagalbinius duomen\u0173 tvarkytojus, kurie pad\u0117t\u0173 vykdyti tam tikr\u0105 veikl\u0105. \u0160ie pagalbiniai duomen\u0173 tvarkytojai padeda atlikti tam tikras funkcijas ar teikti technines paslaugas, b\u016btinas m\u016bs\u0173 veiklai vykdyti. Jei \u201eStebby\u201c pasitelkia pagalbinius duomen\u0173 tvarkytojus, taikoma duomen\u0173 tvarkymo sutartis (angl. data processing agreement, DTA) arba kita teisi\u0161kai \u012fpareigojanti sutartis ar s\u0105lygos....","og_url":"https:\/\/stebby.eu\/lt\/pagalbiniu-duomenu-tvarkytoju-sarasas\/","og_site_name":"Stebby","article_publisher":"https:\/\/www.facebook.com\/stebby\/","article_modified_time":"2025-08-21T07:55:41+00:00","og_image":[{"width":1200,"height":630,"url":"https:\/\/i0.wp.com\/stebby.eu\/wp-content\/uploads\/2020\/10\/stebby_fb_share.png?fit=1200%2C630&ssl=1","type":"image\/png"}],"twitter_card":"summary_large_image","twitter_misc":{"Est. reading time":"4 minut\u0117s"},"schema":{"@context":"https:\/\/schema.org","@graph":[{"@type":"WebPage","@id":"https:\/\/stebby.eu\/lt\/pagalbiniu-duomenu-tvarkytoju-sarasas\/","url":"https:\/\/stebby.eu\/lt\/pagalbiniu-duomenu-tvarkytoju-sarasas\/","name":"Pagalbini\u0173 duomen\u0173 tvarkytoj\u0173 s\u0105ra\u0161as - Stebby","isPartOf":{"@id":"https:\/\/stebby.eu\/#website"},"datePublished":"2025-08-21T07:55:39+00:00","dateModified":"2025-08-21T07:55:41+00:00","breadcrumb":{"@id":"https:\/\/stebby.eu\/lt\/pagalbiniu-duomenu-tvarkytoju-sarasas\/#breadcrumb"},"inLanguage":"lt-LT","potentialAction":[{"@type":"ReadAction","target":["https:\/\/stebby.eu\/lt\/pagalbiniu-duomenu-tvarkytoju-sarasas\/"]}]},{"@type":"BreadcrumbList","@id":"https:\/\/stebby.eu\/lt\/pagalbiniu-duomenu-tvarkytoju-sarasas\/#breadcrumb","itemListElement":[{"@type":"ListItem","position":1,"name":"Home","item":"https:\/\/stebby.eu\/lt\/"},{"@type":"ListItem","position":2,"name":"Pagalbini\u0173 duomen\u0173 tvarkytoj\u0173 s\u0105ra\u0161as"}]},{"@type":"WebSite","@id":"https:\/\/stebby.eu\/#website","url":"https:\/\/stebby.eu\/","name":"Stebby","description":"","publisher":{"@id":"https:\/\/stebby.eu\/#organization"},"potentialAction":[{"@type":"SearchAction","target":{"@type":"EntryPoint","urlTemplate":"https:\/\/stebby.eu\/?s={search_term_string}"},"query-input":{"@type":"PropertyValueSpecification","valueRequired":true,"valueName":"search_term_string"}}],"inLanguage":"lt-LT"},{"@type":"Organization","@id":"https:\/\/stebby.eu\/#organization","name":"Stebby","url":"https:\/\/stebby.eu\/","logo":{"@type":"ImageObject","inLanguage":"lt-LT","@id":"https:\/\/stebby.eu\/#\/schema\/logo\/image\/","url":"https:\/\/stebby.eu\/wp-content\/uploads\/2020\/10\/stebby3-1.png","contentUrl":"https:\/\/stebby.eu\/wp-content\/uploads\/2020\/10\/stebby3-1.png","width":256,"height":256,"caption":"Stebby"},"image":{"@id":"https:\/\/stebby.eu\/#\/schema\/logo\/image\/"},"sameAs":["https:\/\/www.facebook.com\/stebby\/","https:\/\/instagram.com\/stebby.eesti","https:\/\/www.linkedin.com\/company\/stebby\/"]}]}},"jetpack_sharing_enabled":true,"_links":{"self":[{"href":"https:\/\/stebby.eu\/lt\/wp-json\/wp\/v2\/pages\/19309","targetHints":{"allow":["GET"]}}],"collection":[{"href":"https:\/\/stebby.eu\/lt\/wp-json\/wp\/v2\/pages"}],"about":[{"href":"https:\/\/stebby.eu\/lt\/wp-json\/wp\/v2\/types\/page"}],"author":[{"embeddable":true,"href":"https:\/\/stebby.eu\/lt\/wp-json\/wp\/v2\/users\/19"}],"replies":[{"embeddable":true,"href":"https:\/\/stebby.eu\/lt\/wp-json\/wp\/v2\/comments?post=19309"}],"version-history":[{"count":2,"href":"https:\/\/stebby.eu\/lt\/wp-json\/wp\/v2\/pages\/19309\/revisions"}],"predecessor-version":[{"id":19354,"href":"https:\/\/stebby.eu\/lt\/wp-json\/wp\/v2\/pages\/19309\/revisions\/19354"}],"wp:attachment":[{"href":"https:\/\/stebby.eu\/lt\/wp-json\/wp\/v2\/media?parent=19309"}],"curies":[{"name":"wp","href":"https:\/\/api.w.org\/{rel}","templated":true}]}}