{"id":19315,"date":"2025-08-21T07:21:15","date_gmt":"2025-08-21T07:21:15","guid":{"rendered":"https:\/\/stebby.eu\/?page_id=19315"},"modified":"2025-08-21T08:06:26","modified_gmt":"2025-08-21T08:06:26","slug":"saugos-priemones","status":"publish","type":"page","link":"https:\/\/stebby.eu\/lt\/saugos-priemones\/","title":{"rendered":"Saugos priemon\u0117s"},"content":{"rendered":"\n<p>\u201eStebby\u201c \u012fgyvendina technines ir organizacines priemones, skirtas neleistino ar neteis\u0117to Naudotoj\u0173 asmens duomen\u0173 tvarkymo rizikai, taip pat toki\u0173 duomen\u0173 atsitiktinio praradimo, sunaikinimo ar sugadinimo rizikai suma\u017einti pagal galiojan\u010dius duomen\u0173 apsaugos \u012fstatymus.<\/p>\n\n\n\n<p>Kai \u201eStebby\u201c tvarko asmens duomenis kaip duomen\u0173 valdytojas arba verslo klient\u0173 ar partneri\u0173 vardu, jei reikia, taikomos bent \u0161iame puslapyje nurodytos saugumo priemon\u0117s.<\/p>\n\n\n\n<h4 class=\"wp-block-heading\"><strong>Politika ir valdymas<\/strong><\/h4>\n\n\n\n<ul class=\"wp-block-list\">\n<li>Dokumentuotos saugos ir priimtino naudojimo \u201eStebby\u201c politikos, apie kurias prane\u0161ama ir kurios taikomos visiems darbuotojams bei, jei reikia, rangovams.<\/li>\n\n\n\n<li>Neatskleidimo ar konfidencialumo s\u0105lygos taikomos visiems darbuotojams ir, jei reikia, rangovams, pagalbiniams duomen\u0173 tvarkytojams ir kitiems partneriams.<\/li>\n\n\n\n<li>\u012edarbinami specialistai, kuriems pavesta saugoti naudotoj\u0173 asmens duomenis, pavyzd\u017eiui, duomen\u0173 apsaugos pareig\u016bnas.<\/li>\n\n\n\n<li>Taikoma vidaus politika, kuria u\u017etikrinama, kad darbuotoj\u0173 kompiuteriai b\u016bt\u0173 apsaugoti slapta\u017eod\u017eiais, standieji diskai b\u016bt\u0173 u\u017e\u0161ifruoti ir pri\u017ei\u016brimi naudojant ugniasienes bei atnaujint\u0105 antivirusin\u0119 programin\u0119 \u012frang\u0105.<\/li>\n\n\n\n<li>Sudaromos sutartys d\u0117l asmens duomen\u0173 tvarkymo su \u012fgaliotais pagalbiniais <strong><span style=\"text-decoration: underline;\"><a href=\"https:\/\/stebby.eu\/lt\/pagalbiniu-duomenu-tvarkytoju-sarasas\/\" target=\"_blank\" rel=\"noreferrer noopener\">duomen\u0173 tvarkytojais<\/a><\/span><\/strong>, \u012fskaitant susitarim\u0105 d\u0117l priemoni\u0173, lygiaver\u010di\u0173 toms, d\u0117l kuri\u0173 susitar\u0117 \u201eStebby\u201c ir \u201eStebby\u201c klientai, veikiantys kaip duomen\u0173 valdytojai.<\/li>\n\n\n\n<li>Reguliariai per\u017ei\u016brimos ir atnaujinamos \u201eStebby\u201c technin\u0117s ir organizacin\u0117s duomen\u0173 apsaugos priemon\u0117s, siekiant u\u017etikrinti, kad jos ir toliau atitikt\u0173 duomen\u0173 pob\u016bd\u012f bei susijusi\u0105 rizik\u0105.<\/li>\n<\/ul>\n\n\n\n<h4 class=\"wp-block-heading\"><strong>Prieigos kontrol\u0117<\/strong><\/h4>\n\n\n\n<ul class=\"wp-block-list\">\n<li>Prieiga prie asmens duomen\u0173 suteikiama tik tiems darbuotojams, kuriems tokia prieiga reikalinga darbo funkcijoms atlikti. Prieigos teis\u0117s reguliariai per\u017ei\u016brimos ir atnaujinamos.<\/li>\n\n\n\n<li>Taikomas fizinis patekimo ribojimas \u012f visus \u201eStebby\u201c biurus, \u012fskaitant, bet neapsiribojant, apsaugos kameromis ir asmenin\u0117mis \u012feigos kortel\u0117mis.<\/li>\n<\/ul>\n\n\n\n<h4 class=\"wp-block-heading\"><strong>Technin\u0117s saugos priemon\u0117s<\/strong><\/h4>\n\n\n\n<ul class=\"wp-block-list\">\n<li>Visiems serveriams, darbo vietoms ir tinklo \u012frangai taikoma standartin\u0117 saugos valdymo praktika, \u012fskaitant pakeitim\u0173 valdym\u0105, pa\u017eeid\u017eiamumo valdym\u0105 ir patais\u0173 valdym\u0105.<\/li>\n\n\n\n<li>Naudotoj\u0173 asmens duomen\u0173 pseudonimizavimas ir \u0161ifravimas juos perduodant ir saugant.<\/li>\n\n\n\n<li>Naudojamas saugus keitimasis duomenimis, kurio negali steb\u0117ti tre\u010diosios \u0161alys, o visos \u201eStebby\u201c aplinkoje atliekamos ir i\u0161 jos siun\u010diamos duomen\u0173 u\u017eklausos yra \u0161ifruojamos.<\/li>\n<\/ul>\n\n\n\n<h4 class=\"wp-block-heading\"><strong>Duomen\u0173 valdymas ir atk\u016brimas<\/strong><\/h4>\n\n\n\n<ul class=\"wp-block-list\">\n<li>Procesai, kuriais siekiama u\u017etikrinti duomen\u0173 konfidencialum\u0105, vientisum\u0105 ir prieinamum\u0105 juos tvarkant.<\/li>\n\n\n\n<li>Saugoti asmens duomenis reikia tik tiek, kiek to reikia duomen\u0173 tvarkymo veiklai vykdyti, paslaugoms teikti arba kaip numatyta \u012fstatymuose.<\/li>\n\n\n\n<li>Taikoma duomen\u0173 saugos pa\u017eeidim\u0173 tvarka ir proced\u016bros, kuriomis siekiama sudaryti s\u0105lygas prieigai prie asmens duomen\u0173 pa\u017eeidimo atveju atkurti.<\/li>\n\n\n\n<li>Svarbi\u0173 atsargini\u0173 duomen\u0173 kopij\u0173 laikymas saugiose patalpose u\u017e \u012fmon\u0117s rib\u0173, kad \u012fvykus incidentui sistemas, duomenis ir tinklus b\u016bt\u0173 galima atkurti naudojant alternatyvias priemones.<\/li>\n<\/ul>\n\n\n\n<h4 class=\"wp-block-heading\"><strong>Steb\u0117sena ir tikrinimas<\/strong><\/h4>\n\n\n\n<ul class=\"wp-block-list\">\n<li>Vidaus tvarka, skirta periodi\u0161kai tikrinti ir vertinti priemoni\u0173, kuri\u0173 imtasi siekiant suma\u017einti su asmens duomen\u0173 saugumu susijusi\u0105 rizik\u0105, veiksmingum\u0105.<\/li>\n<\/ul>\n\n\n\n<p><\/p>\n","protected":false},"excerpt":{"rendered":"\u201eStebby\u201c \u012fgyvendina technines ir organizacines priemones, skirtas neleistino ar neteis\u0117to Naudotoj\u0173 asmens duomen\u0173 tvarkymo rizikai, taip pat toki\u0173 duomen\u0173 atsitiktinio praradimo, sunaikinimo ar sugadinimo rizikai suma\u017einti pagal galiojan\u010dius duomen\u0173 apsaugos \u012fstatymus. Kai \u201eStebby\u201c tvarko asmens duomenis kaip duomen\u0173 valdytojas arba verslo klient\u0173 ar partneri\u0173 vardu, jei reikia, taikomos bent \u0161iame puslapyje nurodytos saugumo priemon\u0117s. Politika&#8230;","protected":false},"author":19,"featured_media":0,"parent":0,"menu_order":0,"comment_status":"closed","ping_status":"closed","template":"TEMPLATE-table-of-contents.php","meta":{"footnotes":""},"class_list":["post-19315","page","type-page","status-publish","hentry"],"yoast_head":"<!-- This site is optimized with the Yoast SEO plugin v26.8 - https:\/\/yoast.com\/product\/yoast-seo-wordpress\/ -->\n<title>Saugos priemon\u0117s - Stebby<\/title>\n<meta name=\"robots\" content=\"index, follow, max-snippet:-1, max-image-preview:large, max-video-preview:-1\" \/>\n<link rel=\"canonical\" href=\"https:\/\/stebby.eu\/lt\/saugos-priemones\/\" \/>\n<meta property=\"og:locale\" content=\"lt_LT\" \/>\n<meta property=\"og:type\" content=\"article\" \/>\n<meta property=\"og:title\" content=\"Saugos priemon\u0117s - Stebby\" \/>\n<meta property=\"og:description\" content=\"\u201eStebby\u201c \u012fgyvendina technines ir organizacines priemones, skirtas neleistino ar neteis\u0117to Naudotoj\u0173 asmens duomen\u0173 tvarkymo rizikai, taip pat toki\u0173 duomen\u0173 atsitiktinio praradimo, sunaikinimo ar sugadinimo rizikai suma\u017einti pagal galiojan\u010dius duomen\u0173 apsaugos \u012fstatymus. Kai \u201eStebby\u201c tvarko asmens duomenis kaip duomen\u0173 valdytojas arba verslo klient\u0173 ar partneri\u0173 vardu, jei reikia, taikomos bent \u0161iame puslapyje nurodytos saugumo priemon\u0117s. Politika...\" \/>\n<meta property=\"og:url\" content=\"https:\/\/stebby.eu\/lt\/saugos-priemones\/\" \/>\n<meta property=\"og:site_name\" content=\"Stebby\" \/>\n<meta property=\"article:publisher\" content=\"https:\/\/www.facebook.com\/stebby\/\" \/>\n<meta property=\"article:modified_time\" content=\"2025-08-21T08:06:26+00:00\" \/>\n<meta property=\"og:image\" content=\"https:\/\/i0.wp.com\/stebby.eu\/wp-content\/uploads\/2020\/10\/stebby_fb_share.png?fit=1200%2C630&ssl=1\" \/>\n\t<meta property=\"og:image:width\" content=\"1200\" \/>\n\t<meta property=\"og:image:height\" content=\"630\" \/>\n\t<meta property=\"og:image:type\" content=\"image\/png\" \/>\n<meta name=\"twitter:card\" content=\"summary_large_image\" \/>\n<meta name=\"twitter:label1\" content=\"Est. reading time\" \/>\n\t<meta name=\"twitter:data1\" content=\"2 minut\u0117s\" \/>\n<script type=\"application\/ld+json\" class=\"yoast-schema-graph\">{\"@context\":\"https:\/\/schema.org\",\"@graph\":[{\"@type\":\"WebPage\",\"@id\":\"https:\/\/stebby.eu\/lt\/saugos-priemones\/\",\"url\":\"https:\/\/stebby.eu\/lt\/saugos-priemones\/\",\"name\":\"Saugos priemon\u0117s - Stebby\",\"isPartOf\":{\"@id\":\"https:\/\/stebby.eu\/#website\"},\"datePublished\":\"2025-08-21T07:21:15+00:00\",\"dateModified\":\"2025-08-21T08:06:26+00:00\",\"breadcrumb\":{\"@id\":\"https:\/\/stebby.eu\/lt\/saugos-priemones\/#breadcrumb\"},\"inLanguage\":\"lt-LT\",\"potentialAction\":[{\"@type\":\"ReadAction\",\"target\":[\"https:\/\/stebby.eu\/lt\/saugos-priemones\/\"]}]},{\"@type\":\"BreadcrumbList\",\"@id\":\"https:\/\/stebby.eu\/lt\/saugos-priemones\/#breadcrumb\",\"itemListElement\":[{\"@type\":\"ListItem\",\"position\":1,\"name\":\"Home\",\"item\":\"https:\/\/stebby.eu\/lt\/\"},{\"@type\":\"ListItem\",\"position\":2,\"name\":\"Saugos priemon\u0117s\"}]},{\"@type\":\"WebSite\",\"@id\":\"https:\/\/stebby.eu\/#website\",\"url\":\"https:\/\/stebby.eu\/\",\"name\":\"Stebby\",\"description\":\"\",\"publisher\":{\"@id\":\"https:\/\/stebby.eu\/#organization\"},\"potentialAction\":[{\"@type\":\"SearchAction\",\"target\":{\"@type\":\"EntryPoint\",\"urlTemplate\":\"https:\/\/stebby.eu\/?s={search_term_string}\"},\"query-input\":{\"@type\":\"PropertyValueSpecification\",\"valueRequired\":true,\"valueName\":\"search_term_string\"}}],\"inLanguage\":\"lt-LT\"},{\"@type\":\"Organization\",\"@id\":\"https:\/\/stebby.eu\/#organization\",\"name\":\"Stebby\",\"url\":\"https:\/\/stebby.eu\/\",\"logo\":{\"@type\":\"ImageObject\",\"inLanguage\":\"lt-LT\",\"@id\":\"https:\/\/stebby.eu\/#\/schema\/logo\/image\/\",\"url\":\"https:\/\/stebby.eu\/wp-content\/uploads\/2020\/10\/stebby3-1.png\",\"contentUrl\":\"https:\/\/stebby.eu\/wp-content\/uploads\/2020\/10\/stebby3-1.png\",\"width\":256,\"height\":256,\"caption\":\"Stebby\"},\"image\":{\"@id\":\"https:\/\/stebby.eu\/#\/schema\/logo\/image\/\"},\"sameAs\":[\"https:\/\/www.facebook.com\/stebby\/\",\"https:\/\/instagram.com\/stebby.eesti\",\"https:\/\/www.linkedin.com\/company\/stebby\/\"]}]}<\/script>\n<!-- \/ Yoast SEO plugin. -->","yoast_head_json":{"title":"Saugos priemon\u0117s - Stebby","robots":{"index":"index","follow":"follow","max-snippet":"max-snippet:-1","max-image-preview":"max-image-preview:large","max-video-preview":"max-video-preview:-1"},"canonical":"https:\/\/stebby.eu\/lt\/saugos-priemones\/","og_locale":"lt_LT","og_type":"article","og_title":"Saugos priemon\u0117s - Stebby","og_description":"\u201eStebby\u201c \u012fgyvendina technines ir organizacines priemones, skirtas neleistino ar neteis\u0117to Naudotoj\u0173 asmens duomen\u0173 tvarkymo rizikai, taip pat toki\u0173 duomen\u0173 atsitiktinio praradimo, sunaikinimo ar sugadinimo rizikai suma\u017einti pagal galiojan\u010dius duomen\u0173 apsaugos \u012fstatymus. Kai \u201eStebby\u201c tvarko asmens duomenis kaip duomen\u0173 valdytojas arba verslo klient\u0173 ar partneri\u0173 vardu, jei reikia, taikomos bent \u0161iame puslapyje nurodytos saugumo priemon\u0117s. Politika...","og_url":"https:\/\/stebby.eu\/lt\/saugos-priemones\/","og_site_name":"Stebby","article_publisher":"https:\/\/www.facebook.com\/stebby\/","article_modified_time":"2025-08-21T08:06:26+00:00","og_image":[{"width":1200,"height":630,"url":"https:\/\/i0.wp.com\/stebby.eu\/wp-content\/uploads\/2020\/10\/stebby_fb_share.png?fit=1200%2C630&ssl=1","type":"image\/png"}],"twitter_card":"summary_large_image","twitter_misc":{"Est. reading time":"2 minut\u0117s"},"schema":{"@context":"https:\/\/schema.org","@graph":[{"@type":"WebPage","@id":"https:\/\/stebby.eu\/lt\/saugos-priemones\/","url":"https:\/\/stebby.eu\/lt\/saugos-priemones\/","name":"Saugos priemon\u0117s - Stebby","isPartOf":{"@id":"https:\/\/stebby.eu\/#website"},"datePublished":"2025-08-21T07:21:15+00:00","dateModified":"2025-08-21T08:06:26+00:00","breadcrumb":{"@id":"https:\/\/stebby.eu\/lt\/saugos-priemones\/#breadcrumb"},"inLanguage":"lt-LT","potentialAction":[{"@type":"ReadAction","target":["https:\/\/stebby.eu\/lt\/saugos-priemones\/"]}]},{"@type":"BreadcrumbList","@id":"https:\/\/stebby.eu\/lt\/saugos-priemones\/#breadcrumb","itemListElement":[{"@type":"ListItem","position":1,"name":"Home","item":"https:\/\/stebby.eu\/lt\/"},{"@type":"ListItem","position":2,"name":"Saugos priemon\u0117s"}]},{"@type":"WebSite","@id":"https:\/\/stebby.eu\/#website","url":"https:\/\/stebby.eu\/","name":"Stebby","description":"","publisher":{"@id":"https:\/\/stebby.eu\/#organization"},"potentialAction":[{"@type":"SearchAction","target":{"@type":"EntryPoint","urlTemplate":"https:\/\/stebby.eu\/?s={search_term_string}"},"query-input":{"@type":"PropertyValueSpecification","valueRequired":true,"valueName":"search_term_string"}}],"inLanguage":"lt-LT"},{"@type":"Organization","@id":"https:\/\/stebby.eu\/#organization","name":"Stebby","url":"https:\/\/stebby.eu\/","logo":{"@type":"ImageObject","inLanguage":"lt-LT","@id":"https:\/\/stebby.eu\/#\/schema\/logo\/image\/","url":"https:\/\/stebby.eu\/wp-content\/uploads\/2020\/10\/stebby3-1.png","contentUrl":"https:\/\/stebby.eu\/wp-content\/uploads\/2020\/10\/stebby3-1.png","width":256,"height":256,"caption":"Stebby"},"image":{"@id":"https:\/\/stebby.eu\/#\/schema\/logo\/image\/"},"sameAs":["https:\/\/www.facebook.com\/stebby\/","https:\/\/instagram.com\/stebby.eesti","https:\/\/www.linkedin.com\/company\/stebby\/"]}]}},"jetpack_sharing_enabled":true,"_links":{"self":[{"href":"https:\/\/stebby.eu\/lt\/wp-json\/wp\/v2\/pages\/19315","targetHints":{"allow":["GET"]}}],"collection":[{"href":"https:\/\/stebby.eu\/lt\/wp-json\/wp\/v2\/pages"}],"about":[{"href":"https:\/\/stebby.eu\/lt\/wp-json\/wp\/v2\/types\/page"}],"author":[{"embeddable":true,"href":"https:\/\/stebby.eu\/lt\/wp-json\/wp\/v2\/users\/19"}],"replies":[{"embeddable":true,"href":"https:\/\/stebby.eu\/lt\/wp-json\/wp\/v2\/comments?post=19315"}],"version-history":[{"count":5,"href":"https:\/\/stebby.eu\/lt\/wp-json\/wp\/v2\/pages\/19315\/revisions"}],"predecessor-version":[{"id":19360,"href":"https:\/\/stebby.eu\/lt\/wp-json\/wp\/v2\/pages\/19315\/revisions\/19360"}],"wp:attachment":[{"href":"https:\/\/stebby.eu\/lt\/wp-json\/wp\/v2\/media?parent=19315"}],"curies":[{"name":"wp","href":"https:\/\/api.w.org\/{rel}","templated":true}]}}