{"id":5510,"date":"2020-09-24T14:57:47","date_gmt":"2020-09-24T14:57:47","guid":{"rendered":"https:\/\/stebby.eu\/about-us\/"},"modified":"2023-10-10T07:58:17","modified_gmt":"2023-10-10T07:58:17","slug":"about-us","status":"publish","type":"page","link":"https:\/\/stebby.eu\/lt\/about-us\/","title":{"rendered":"Sveiki atvyk\u0119 \u012f Stebby!"},"content":{"rendered":"","protected":false},"excerpt":{"rendered":"","protected":false},"author":1,"featured_media":10835,"parent":0,"menu_order":0,"comment_status":"closed","ping_status":"closed","template":"TEMPLATE-about.php","meta":{"footnotes":""},"class_list":["post-5510","page","type-page","status-publish","has-post-thumbnail","hentry"],"yoast_head":"<!-- This site is optimized with the Yoast SEO plugin v26.8 - https:\/\/yoast.com\/product\/yoast-seo-wordpress\/ -->\n<title>Stebby team<\/title>\n<meta name=\"description\" content=\"Stebby yra did\u017eiausia sveikatingumo paslaug\u0173 platforma Baltijos \u0161alyse. M\u016bs\u0173 misija - gerinti j\u016bs\u0173 sveikat\u0105 ir savijaut\u0105 kiekvien\u0105 dien\u0105.\" \/>\n<meta name=\"robots\" content=\"index, follow, max-snippet:-1, max-image-preview:large, max-video-preview:-1\" \/>\n<link rel=\"canonical\" href=\"https:\/\/stebby.eu\/about-us\/\" \/>\n<meta property=\"og:locale\" content=\"lt_LT\" \/>\n<meta property=\"og:type\" content=\"article\" \/>\n<meta property=\"og:title\" content=\"We work for your&#039;s, our&#039;s and everybody\u2019s wellness!\" \/>\n<meta property=\"og:description\" content=\"Our young team inspires each other from first-morning coffee until the late-night team activities.\" \/>\n<meta property=\"og:url\" content=\"https:\/\/stebby.eu\/about-us\/\" \/>\n<meta property=\"og:site_name\" content=\"Stebby\" \/>\n<meta property=\"article:publisher\" content=\"https:\/\/www.facebook.com\/stebby\/\" \/>\n<meta property=\"article:modified_time\" content=\"2023-10-10T07:58:17+00:00\" \/>\n<meta property=\"og:image\" content=\"https:\/\/stebby.eu\/wp-content\/uploads\/2020\/10\/IMG_7159.jpg\" \/>\n\t<meta property=\"og:image:width\" content=\"1694\" \/>\n\t<meta property=\"og:image:height\" content=\"1188\" \/>\n\t<meta property=\"og:image:type\" content=\"image\/jpeg\" \/>\n<meta name=\"twitter:card\" content=\"summary_large_image\" \/>\n<script type=\"application\/ld+json\" class=\"yoast-schema-graph\">{\"@context\":\"https:\/\/schema.org\",\"@graph\":[{\"@type\":\"WebPage\",\"@id\":\"https:\/\/stebby.eu\/about-us\/\",\"url\":\"https:\/\/stebby.eu\/about-us\/\",\"name\":\"Stebby team\",\"isPartOf\":{\"@id\":\"https:\/\/stebby.eu\/#website\"},\"primaryImageOfPage\":{\"@id\":\"https:\/\/stebby.eu\/about-us\/#primaryimage\"},\"image\":{\"@id\":\"https:\/\/stebby.eu\/about-us\/#primaryimage\"},\"thumbnailUrl\":\"https:\/\/i0.wp.com\/stebby.eu\/wp-content\/uploads\/2022\/02\/Silver-Gutmann-0033-scaled.jpg?fit=2560%2C1708&ssl=1\",\"datePublished\":\"2020-09-24T14:57:47+00:00\",\"dateModified\":\"2023-10-10T07:58:17+00:00\",\"description\":\"Stebby yra did\u017eiausia sveikatingumo paslaug\u0173 platforma Baltijos \u0161alyse. M\u016bs\u0173 misija - gerinti j\u016bs\u0173 sveikat\u0105 ir savijaut\u0105 kiekvien\u0105 dien\u0105.\",\"breadcrumb\":{\"@id\":\"https:\/\/stebby.eu\/about-us\/#breadcrumb\"},\"inLanguage\":\"lt-LT\",\"potentialAction\":[{\"@type\":\"ReadAction\",\"target\":[\"https:\/\/stebby.eu\/about-us\/\"]}]},{\"@type\":\"ImageObject\",\"inLanguage\":\"lt-LT\",\"@id\":\"https:\/\/stebby.eu\/about-us\/#primaryimage\",\"url\":\"https:\/\/i0.wp.com\/stebby.eu\/wp-content\/uploads\/2022\/02\/Silver-Gutmann-0033-scaled.jpg?fit=2560%2C1708&ssl=1\",\"contentUrl\":\"https:\/\/i0.wp.com\/stebby.eu\/wp-content\/uploads\/2022\/02\/Silver-Gutmann-0033-scaled.jpg?fit=2560%2C1708&ssl=1\",\"width\":2560,\"height\":1708},{\"@type\":\"BreadcrumbList\",\"@id\":\"https:\/\/stebby.eu\/about-us\/#breadcrumb\",\"itemListElement\":[{\"@type\":\"ListItem\",\"position\":1,\"name\":\"Home\",\"item\":\"https:\/\/stebby.eu\/lt\/\"},{\"@type\":\"ListItem\",\"position\":2,\"name\":\"Sveiki atvyk\u0119 \u012f Stebby!\"}]},{\"@type\":\"WebSite\",\"@id\":\"https:\/\/stebby.eu\/#website\",\"url\":\"https:\/\/stebby.eu\/\",\"name\":\"Stebby\",\"description\":\"\",\"publisher\":{\"@id\":\"https:\/\/stebby.eu\/#organization\"},\"potentialAction\":[{\"@type\":\"SearchAction\",\"target\":{\"@type\":\"EntryPoint\",\"urlTemplate\":\"https:\/\/stebby.eu\/?s={search_term_string}\"},\"query-input\":{\"@type\":\"PropertyValueSpecification\",\"valueRequired\":true,\"valueName\":\"search_term_string\"}}],\"inLanguage\":\"lt-LT\"},{\"@type\":\"Organization\",\"@id\":\"https:\/\/stebby.eu\/#organization\",\"name\":\"Stebby\",\"url\":\"https:\/\/stebby.eu\/\",\"logo\":{\"@type\":\"ImageObject\",\"inLanguage\":\"lt-LT\",\"@id\":\"https:\/\/stebby.eu\/#\/schema\/logo\/image\/\",\"url\":\"https:\/\/stebby.eu\/wp-content\/uploads\/2020\/10\/stebby3-1.png\",\"contentUrl\":\"https:\/\/stebby.eu\/wp-content\/uploads\/2020\/10\/stebby3-1.png\",\"width\":256,\"height\":256,\"caption\":\"Stebby\"},\"image\":{\"@id\":\"https:\/\/stebby.eu\/#\/schema\/logo\/image\/\"},\"sameAs\":[\"https:\/\/www.facebook.com\/stebby\/\",\"https:\/\/instagram.com\/stebby.eesti\",\"https:\/\/www.linkedin.com\/company\/stebby\/\"]}]}<\/script>\n<!-- \/ Yoast SEO plugin. -->","yoast_head_json":{"title":"Stebby team","description":"Stebby yra did\u017eiausia sveikatingumo paslaug\u0173 platforma Baltijos \u0161alyse. M\u016bs\u0173 misija - gerinti j\u016bs\u0173 sveikat\u0105 ir savijaut\u0105 kiekvien\u0105 dien\u0105.","robots":{"index":"index","follow":"follow","max-snippet":"max-snippet:-1","max-image-preview":"max-image-preview:large","max-video-preview":"max-video-preview:-1"},"canonical":"https:\/\/stebby.eu\/about-us\/","og_locale":"lt_LT","og_type":"article","og_title":"We work for your's, our's and everybody\u2019s wellness!","og_description":"Our young team inspires each other from first-morning coffee until the late-night team activities.","og_url":"https:\/\/stebby.eu\/about-us\/","og_site_name":"Stebby","article_publisher":"https:\/\/www.facebook.com\/stebby\/","article_modified_time":"2023-10-10T07:58:17+00:00","og_image":[{"width":1694,"height":1188,"url":"https:\/\/stebby.eu\/wp-content\/uploads\/2020\/10\/IMG_7159.jpg","type":"image\/jpeg"}],"twitter_card":"summary_large_image","schema":{"@context":"https:\/\/schema.org","@graph":[{"@type":"WebPage","@id":"https:\/\/stebby.eu\/about-us\/","url":"https:\/\/stebby.eu\/about-us\/","name":"Stebby team","isPartOf":{"@id":"https:\/\/stebby.eu\/#website"},"primaryImageOfPage":{"@id":"https:\/\/stebby.eu\/about-us\/#primaryimage"},"image":{"@id":"https:\/\/stebby.eu\/about-us\/#primaryimage"},"thumbnailUrl":"https:\/\/i0.wp.com\/stebby.eu\/wp-content\/uploads\/2022\/02\/Silver-Gutmann-0033-scaled.jpg?fit=2560%2C1708&ssl=1","datePublished":"2020-09-24T14:57:47+00:00","dateModified":"2023-10-10T07:58:17+00:00","description":"Stebby yra did\u017eiausia sveikatingumo paslaug\u0173 platforma Baltijos \u0161alyse. M\u016bs\u0173 misija - gerinti j\u016bs\u0173 sveikat\u0105 ir savijaut\u0105 kiekvien\u0105 dien\u0105.","breadcrumb":{"@id":"https:\/\/stebby.eu\/about-us\/#breadcrumb"},"inLanguage":"lt-LT","potentialAction":[{"@type":"ReadAction","target":["https:\/\/stebby.eu\/about-us\/"]}]},{"@type":"ImageObject","inLanguage":"lt-LT","@id":"https:\/\/stebby.eu\/about-us\/#primaryimage","url":"https:\/\/i0.wp.com\/stebby.eu\/wp-content\/uploads\/2022\/02\/Silver-Gutmann-0033-scaled.jpg?fit=2560%2C1708&ssl=1","contentUrl":"https:\/\/i0.wp.com\/stebby.eu\/wp-content\/uploads\/2022\/02\/Silver-Gutmann-0033-scaled.jpg?fit=2560%2C1708&ssl=1","width":2560,"height":1708},{"@type":"BreadcrumbList","@id":"https:\/\/stebby.eu\/about-us\/#breadcrumb","itemListElement":[{"@type":"ListItem","position":1,"name":"Home","item":"https:\/\/stebby.eu\/lt\/"},{"@type":"ListItem","position":2,"name":"Sveiki atvyk\u0119 \u012f Stebby!"}]},{"@type":"WebSite","@id":"https:\/\/stebby.eu\/#website","url":"https:\/\/stebby.eu\/","name":"Stebby","description":"","publisher":{"@id":"https:\/\/stebby.eu\/#organization"},"potentialAction":[{"@type":"SearchAction","target":{"@type":"EntryPoint","urlTemplate":"https:\/\/stebby.eu\/?s={search_term_string}"},"query-input":{"@type":"PropertyValueSpecification","valueRequired":true,"valueName":"search_term_string"}}],"inLanguage":"lt-LT"},{"@type":"Organization","@id":"https:\/\/stebby.eu\/#organization","name":"Stebby","url":"https:\/\/stebby.eu\/","logo":{"@type":"ImageObject","inLanguage":"lt-LT","@id":"https:\/\/stebby.eu\/#\/schema\/logo\/image\/","url":"https:\/\/stebby.eu\/wp-content\/uploads\/2020\/10\/stebby3-1.png","contentUrl":"https:\/\/stebby.eu\/wp-content\/uploads\/2020\/10\/stebby3-1.png","width":256,"height":256,"caption":"Stebby"},"image":{"@id":"https:\/\/stebby.eu\/#\/schema\/logo\/image\/"},"sameAs":["https:\/\/www.facebook.com\/stebby\/","https:\/\/instagram.com\/stebby.eesti","https:\/\/www.linkedin.com\/company\/stebby\/"]}]}},"jetpack_sharing_enabled":true,"_links":{"self":[{"href":"https:\/\/stebby.eu\/lt\/wp-json\/wp\/v2\/pages\/5510","targetHints":{"allow":["GET"]}}],"collection":[{"href":"https:\/\/stebby.eu\/lt\/wp-json\/wp\/v2\/pages"}],"about":[{"href":"https:\/\/stebby.eu\/lt\/wp-json\/wp\/v2\/types\/page"}],"author":[{"embeddable":true,"href":"https:\/\/stebby.eu\/lt\/wp-json\/wp\/v2\/users\/1"}],"replies":[{"embeddable":true,"href":"https:\/\/stebby.eu\/lt\/wp-json\/wp\/v2\/comments?post=5510"}],"version-history":[{"count":14,"href":"https:\/\/stebby.eu\/lt\/wp-json\/wp\/v2\/pages\/5510\/revisions"}],"predecessor-version":[{"id":15364,"href":"https:\/\/stebby.eu\/lt\/wp-json\/wp\/v2\/pages\/5510\/revisions\/15364"}],"wp:featuredmedia":[{"embeddable":true,"href":"https:\/\/stebby.eu\/lt\/wp-json\/wp\/v2\/media\/10835"}],"wp:attachment":[{"href":"https:\/\/stebby.eu\/lt\/wp-json\/wp\/v2\/media?parent=5510"}],"curies":[{"name":"wp","href":"https:\/\/api.w.org\/{rel}","templated":true}]}}