{"id":5528,"date":"2020-09-15T13:18:13","date_gmt":"2020-09-15T13:18:13","guid":{"rendered":"https:\/\/stebby.eu\/your-first-steps-to-wellness\/"},"modified":"2026-02-04T18:05:07","modified_gmt":"2026-02-04T18:05:07","slug":"your-first-steps-to-wellness","status":"publish","type":"page","link":"https:\/\/stebby.eu\/lt\/","title":{"rendered":"T\u016bkstan\u010diai b\u016bd\u0173 gyventi sveikiau"},"content":{"rendered":"","protected":false},"excerpt":{"rendered":"","protected":false},"author":1,"featured_media":4294,"parent":0,"menu_order":0,"comment_status":"closed","ping_status":"closed","template":"TEMPLATE-home.php","meta":{"footnotes":""},"class_list":["post-5528","page","type-page","status-publish","has-post-thumbnail","hentry"],"yoast_head":"<!-- This site is optimized with the Yoast SEO plugin v26.8 - https:\/\/yoast.com\/product\/yoast-seo-wordpress\/ -->\n<title>T\u016bkstan\u010diai b\u016bd\u0173 gyventi sveikiau - Stebby<\/title>\n<meta name=\"description\" content=\"Stebby yra did\u017eiausia sveikatingumo platforma Baltijos \u0161alyse, kurios pagalba galite r\u016bpintis savo savijauta be trikd\u017ei\u0173.\" \/>\n<meta name=\"robots\" content=\"index, follow, max-snippet:-1, max-image-preview:large, max-video-preview:-1\" \/>\n<link rel=\"canonical\" href=\"https:\/\/stebby.eu\/lt\/\" \/>\n<meta property=\"og:locale\" content=\"lt_LT\" \/>\n<meta property=\"og:type\" content=\"article\" \/>\n<meta property=\"og:title\" content=\"T\u016bkstan\u010diai b\u016bd\u0173 gyventi sveikiau - Stebby\" \/>\n<meta property=\"og:description\" content=\"Stebby yra did\u017eiausia sveikatingumo platforma Baltijos \u0161alyse, kurios pagalba galite r\u016bpintis savo savijauta be trikd\u017ei\u0173.\" \/>\n<meta property=\"og:url\" content=\"https:\/\/stebby.eu\/lt\/\" \/>\n<meta property=\"og:site_name\" content=\"Stebby\" \/>\n<meta property=\"article:publisher\" content=\"https:\/\/www.facebook.com\/stebby\/\" \/>\n<meta property=\"article:modified_time\" content=\"2026-02-04T18:05:07+00:00\" \/>\n<meta property=\"og:image\" content=\"https:\/\/stebby.eu\/wp-content\/uploads\/2020\/10\/37447596281_e0e009bf80_o-1920x2880-1.jpg\" \/>\n\t<meta property=\"og:image:width\" content=\"1707\" \/>\n\t<meta property=\"og:image:height\" content=\"2560\" \/>\n\t<meta property=\"og:image:type\" content=\"image\/jpeg\" \/>\n<meta name=\"twitter:card\" content=\"summary_large_image\" \/>\n<meta name=\"twitter:label1\" content=\"Est. reading time\" \/>\n\t<meta name=\"twitter:data1\" content=\"1 minut\u0117\" \/>\n<script type=\"application\/ld+json\" class=\"yoast-schema-graph\">{\"@context\":\"https:\/\/schema.org\",\"@graph\":[{\"@type\":\"WebPage\",\"@id\":\"https:\/\/stebby.eu\/lt\/\",\"url\":\"https:\/\/stebby.eu\/lt\/\",\"name\":\"T\u016bkstan\u010diai b\u016bd\u0173 gyventi sveikiau - Stebby\",\"isPartOf\":{\"@id\":\"https:\/\/stebby.eu\/#website\"},\"primaryImageOfPage\":{\"@id\":\"https:\/\/stebby.eu\/lt\/#primaryimage\"},\"image\":{\"@id\":\"https:\/\/stebby.eu\/lt\/#primaryimage\"},\"thumbnailUrl\":\"https:\/\/i0.wp.com\/stebby.eu\/wp-content\/uploads\/2020\/10\/37447596281_e0e009bf80_o-1920x2880-1.jpg?fit=1707%2C2560&ssl=1\",\"datePublished\":\"2020-09-15T13:18:13+00:00\",\"dateModified\":\"2026-02-04T18:05:07+00:00\",\"description\":\"Stebby yra did\u017eiausia sveikatingumo platforma Baltijos \u0161alyse, kurios pagalba galite r\u016bpintis savo savijauta be trikd\u017ei\u0173.\",\"breadcrumb\":{\"@id\":\"https:\/\/stebby.eu\/lt\/#breadcrumb\"},\"inLanguage\":\"lt-LT\",\"potentialAction\":[{\"@type\":\"ReadAction\",\"target\":[\"https:\/\/stebby.eu\/lt\/\"]}]},{\"@type\":\"ImageObject\",\"inLanguage\":\"lt-LT\",\"@id\":\"https:\/\/stebby.eu\/lt\/#primaryimage\",\"url\":\"https:\/\/i0.wp.com\/stebby.eu\/wp-content\/uploads\/2020\/10\/37447596281_e0e009bf80_o-1920x2880-1.jpg?fit=1707%2C2560&ssl=1\",\"contentUrl\":\"https:\/\/i0.wp.com\/stebby.eu\/wp-content\/uploads\/2020\/10\/37447596281_e0e009bf80_o-1920x2880-1.jpg?fit=1707%2C2560&ssl=1\",\"width\":1707,\"height\":2560},{\"@type\":\"BreadcrumbList\",\"@id\":\"https:\/\/stebby.eu\/lt\/#breadcrumb\",\"itemListElement\":[{\"@type\":\"ListItem\",\"position\":1,\"name\":\"Home\",\"item\":\"https:\/\/stebby.eu\/lt\/\"},{\"@type\":\"ListItem\",\"position\":2,\"name\":\"T\u016bkstan\u010diai b\u016bd\u0173 gyventi sveikiau\"}]},{\"@type\":\"WebSite\",\"@id\":\"https:\/\/stebby.eu\/#website\",\"url\":\"https:\/\/stebby.eu\/\",\"name\":\"Stebby\",\"description\":\"\",\"publisher\":{\"@id\":\"https:\/\/stebby.eu\/#organization\"},\"potentialAction\":[{\"@type\":\"SearchAction\",\"target\":{\"@type\":\"EntryPoint\",\"urlTemplate\":\"https:\/\/stebby.eu\/?s={search_term_string}\"},\"query-input\":{\"@type\":\"PropertyValueSpecification\",\"valueRequired\":true,\"valueName\":\"search_term_string\"}}],\"inLanguage\":\"lt-LT\"},{\"@type\":\"Organization\",\"@id\":\"https:\/\/stebby.eu\/#organization\",\"name\":\"Stebby\",\"url\":\"https:\/\/stebby.eu\/\",\"logo\":{\"@type\":\"ImageObject\",\"inLanguage\":\"lt-LT\",\"@id\":\"https:\/\/stebby.eu\/#\/schema\/logo\/image\/\",\"url\":\"https:\/\/stebby.eu\/wp-content\/uploads\/2020\/10\/stebby3-1.png\",\"contentUrl\":\"https:\/\/stebby.eu\/wp-content\/uploads\/2020\/10\/stebby3-1.png\",\"width\":256,\"height\":256,\"caption\":\"Stebby\"},\"image\":{\"@id\":\"https:\/\/stebby.eu\/#\/schema\/logo\/image\/\"},\"sameAs\":[\"https:\/\/www.facebook.com\/stebby\/\",\"https:\/\/instagram.com\/stebby.eesti\",\"https:\/\/www.linkedin.com\/company\/stebby\/\"]}]}<\/script>\n<!-- \/ Yoast SEO plugin. -->","yoast_head_json":{"title":"T\u016bkstan\u010diai b\u016bd\u0173 gyventi sveikiau - Stebby","description":"Stebby yra did\u017eiausia sveikatingumo platforma Baltijos \u0161alyse, kurios pagalba galite r\u016bpintis savo savijauta be trikd\u017ei\u0173.","robots":{"index":"index","follow":"follow","max-snippet":"max-snippet:-1","max-image-preview":"max-image-preview:large","max-video-preview":"max-video-preview:-1"},"canonical":"https:\/\/stebby.eu\/lt\/","og_locale":"lt_LT","og_type":"article","og_title":"T\u016bkstan\u010diai b\u016bd\u0173 gyventi sveikiau - Stebby","og_description":"Stebby yra did\u017eiausia sveikatingumo platforma Baltijos \u0161alyse, kurios pagalba galite r\u016bpintis savo savijauta be trikd\u017ei\u0173.","og_url":"https:\/\/stebby.eu\/lt\/","og_site_name":"Stebby","article_publisher":"https:\/\/www.facebook.com\/stebby\/","article_modified_time":"2026-02-04T18:05:07+00:00","og_image":[{"width":1707,"height":2560,"url":"https:\/\/stebby.eu\/wp-content\/uploads\/2020\/10\/37447596281_e0e009bf80_o-1920x2880-1.jpg","type":"image\/jpeg"}],"twitter_card":"summary_large_image","twitter_misc":{"Est. reading time":"1 minut\u0117"},"schema":{"@context":"https:\/\/schema.org","@graph":[{"@type":"WebPage","@id":"https:\/\/stebby.eu\/lt\/","url":"https:\/\/stebby.eu\/lt\/","name":"T\u016bkstan\u010diai b\u016bd\u0173 gyventi sveikiau - Stebby","isPartOf":{"@id":"https:\/\/stebby.eu\/#website"},"primaryImageOfPage":{"@id":"https:\/\/stebby.eu\/lt\/#primaryimage"},"image":{"@id":"https:\/\/stebby.eu\/lt\/#primaryimage"},"thumbnailUrl":"https:\/\/i0.wp.com\/stebby.eu\/wp-content\/uploads\/2020\/10\/37447596281_e0e009bf80_o-1920x2880-1.jpg?fit=1707%2C2560&ssl=1","datePublished":"2020-09-15T13:18:13+00:00","dateModified":"2026-02-04T18:05:07+00:00","description":"Stebby yra did\u017eiausia sveikatingumo platforma Baltijos \u0161alyse, kurios pagalba galite r\u016bpintis savo savijauta be trikd\u017ei\u0173.","breadcrumb":{"@id":"https:\/\/stebby.eu\/lt\/#breadcrumb"},"inLanguage":"lt-LT","potentialAction":[{"@type":"ReadAction","target":["https:\/\/stebby.eu\/lt\/"]}]},{"@type":"ImageObject","inLanguage":"lt-LT","@id":"https:\/\/stebby.eu\/lt\/#primaryimage","url":"https:\/\/i0.wp.com\/stebby.eu\/wp-content\/uploads\/2020\/10\/37447596281_e0e009bf80_o-1920x2880-1.jpg?fit=1707%2C2560&ssl=1","contentUrl":"https:\/\/i0.wp.com\/stebby.eu\/wp-content\/uploads\/2020\/10\/37447596281_e0e009bf80_o-1920x2880-1.jpg?fit=1707%2C2560&ssl=1","width":1707,"height":2560},{"@type":"BreadcrumbList","@id":"https:\/\/stebby.eu\/lt\/#breadcrumb","itemListElement":[{"@type":"ListItem","position":1,"name":"Home","item":"https:\/\/stebby.eu\/lt\/"},{"@type":"ListItem","position":2,"name":"T\u016bkstan\u010diai b\u016bd\u0173 gyventi sveikiau"}]},{"@type":"WebSite","@id":"https:\/\/stebby.eu\/#website","url":"https:\/\/stebby.eu\/","name":"Stebby","description":"","publisher":{"@id":"https:\/\/stebby.eu\/#organization"},"potentialAction":[{"@type":"SearchAction","target":{"@type":"EntryPoint","urlTemplate":"https:\/\/stebby.eu\/?s={search_term_string}"},"query-input":{"@type":"PropertyValueSpecification","valueRequired":true,"valueName":"search_term_string"}}],"inLanguage":"lt-LT"},{"@type":"Organization","@id":"https:\/\/stebby.eu\/#organization","name":"Stebby","url":"https:\/\/stebby.eu\/","logo":{"@type":"ImageObject","inLanguage":"lt-LT","@id":"https:\/\/stebby.eu\/#\/schema\/logo\/image\/","url":"https:\/\/stebby.eu\/wp-content\/uploads\/2020\/10\/stebby3-1.png","contentUrl":"https:\/\/stebby.eu\/wp-content\/uploads\/2020\/10\/stebby3-1.png","width":256,"height":256,"caption":"Stebby"},"image":{"@id":"https:\/\/stebby.eu\/#\/schema\/logo\/image\/"},"sameAs":["https:\/\/www.facebook.com\/stebby\/","https:\/\/instagram.com\/stebby.eesti","https:\/\/www.linkedin.com\/company\/stebby\/"]}]}},"jetpack_sharing_enabled":true,"_links":{"self":[{"href":"https:\/\/stebby.eu\/lt\/wp-json\/wp\/v2\/pages\/5528","targetHints":{"allow":["GET"]}}],"collection":[{"href":"https:\/\/stebby.eu\/lt\/wp-json\/wp\/v2\/pages"}],"about":[{"href":"https:\/\/stebby.eu\/lt\/wp-json\/wp\/v2\/types\/page"}],"author":[{"embeddable":true,"href":"https:\/\/stebby.eu\/lt\/wp-json\/wp\/v2\/users\/1"}],"replies":[{"embeddable":true,"href":"https:\/\/stebby.eu\/lt\/wp-json\/wp\/v2\/comments?post=5528"}],"version-history":[{"count":35,"href":"https:\/\/stebby.eu\/lt\/wp-json\/wp\/v2\/pages\/5528\/revisions"}],"predecessor-version":[{"id":19932,"href":"https:\/\/stebby.eu\/lt\/wp-json\/wp\/v2\/pages\/5528\/revisions\/19932"}],"wp:featuredmedia":[{"embeddable":true,"href":"https:\/\/stebby.eu\/lt\/wp-json\/wp\/v2\/media\/4294"}],"wp:attachment":[{"href":"https:\/\/stebby.eu\/lt\/wp-json\/wp\/v2\/media?parent=5528"}],"curies":[{"name":"wp","href":"https:\/\/api.w.org\/{rel}","templated":true}]}}