{"id":5725,"date":"2020-09-21T10:28:57","date_gmt":"2020-09-21T10:28:57","guid":{"rendered":"https:\/\/stebby.eu\/thousands-of-wellness-services-in-one-place\/"},"modified":"2024-11-27T06:16:45","modified_gmt":"2024-11-27T06:16:45","slug":"thousands-of-wellness-services-in-one-place","status":"publish","type":"page","link":"https:\/\/stebby.eu\/lt\/thousands-of-wellness-services-in-one-place\/","title":{"rendered":"T\u016bkstan\u010diai sveikatingumo paslaug\u0173 teik\u0117j\u0173 vienoje vietoje"},"content":{"rendered":"","protected":false},"excerpt":{"rendered":"","protected":false},"author":1,"featured_media":8431,"parent":0,"menu_order":0,"comment_status":"closed","ping_status":"closed","template":"","meta":{"footnotes":""},"class_list":["post-5725","page","type-page","status-publish","has-post-thumbnail","hentry"],"yoast_head":"<!-- This site is optimized with the Yoast SEO plugin v26.8 - https:\/\/yoast.com\/product\/yoast-seo-wordpress\/ -->\n<title>T\u016bkstan\u010diai sveikatingumo paslaug\u0173 teik\u0117j\u0173 vienoje vietoje - Stebby<\/title>\n<meta name=\"description\" content=\"Stebby yra did\u017eiausia sveikatingumo paslaug\u0173 platforma Baltijos \u0161alyse, kurioje galite kilstel\u0117ti savo savijaut\u0105 \u012f naujas auk\u0161tumas.\" \/>\n<meta name=\"robots\" content=\"index, follow, max-snippet:-1, max-image-preview:large, max-video-preview:-1\" \/>\n<link rel=\"canonical\" href=\"https:\/\/stebby.eu\/lt\/thousands-of-wellness-services-in-one-place\/\" \/>\n<meta property=\"og:locale\" content=\"lt_LT\" \/>\n<meta property=\"og:type\" content=\"article\" \/>\n<meta property=\"og:title\" content=\"T\u016bkstan\u010diai sveikatingumo paslaug\u0173 teik\u0117j\u0173 vienoje vietoje - Stebby\" \/>\n<meta property=\"og:description\" content=\"Stebby yra did\u017eiausia sveikatingumo paslaug\u0173 platforma Baltijos \u0161alyse, kurioje galite kilstel\u0117ti savo savijaut\u0105 \u012f naujas auk\u0161tumas.\" \/>\n<meta property=\"og:url\" content=\"https:\/\/stebby.eu\/lt\/thousands-of-wellness-services-in-one-place\/\" \/>\n<meta property=\"og:site_name\" content=\"Stebby\" \/>\n<meta property=\"article:publisher\" content=\"https:\/\/www.facebook.com\/stebby\/\" \/>\n<meta property=\"article:modified_time\" content=\"2024-11-27T06:16:45+00:00\" \/>\n<meta property=\"og:image\" content=\"https:\/\/stebby.eu\/wp-content\/uploads\/2021\/05\/stebby_picture_scaled_1.jpg\" \/>\n\t<meta property=\"og:image:width\" content=\"1672\" \/>\n\t<meta property=\"og:image:height\" content=\"2200\" \/>\n\t<meta property=\"og:image:type\" content=\"image\/jpeg\" \/>\n<meta name=\"twitter:card\" content=\"summary_large_image\" \/>\n<meta name=\"twitter:label1\" content=\"Est. reading time\" \/>\n\t<meta name=\"twitter:data1\" content=\"1 minut\u0117\" \/>\n<script type=\"application\/ld+json\" class=\"yoast-schema-graph\">{\"@context\":\"https:\/\/schema.org\",\"@graph\":[{\"@type\":\"WebPage\",\"@id\":\"https:\/\/stebby.eu\/lt\/thousands-of-wellness-services-in-one-place\/\",\"url\":\"https:\/\/stebby.eu\/lt\/thousands-of-wellness-services-in-one-place\/\",\"name\":\"T\u016bkstan\u010diai sveikatingumo paslaug\u0173 teik\u0117j\u0173 vienoje vietoje - Stebby\",\"isPartOf\":{\"@id\":\"https:\/\/stebby.eu\/#website\"},\"primaryImageOfPage\":{\"@id\":\"https:\/\/stebby.eu\/lt\/thousands-of-wellness-services-in-one-place\/#primaryimage\"},\"image\":{\"@id\":\"https:\/\/stebby.eu\/lt\/thousands-of-wellness-services-in-one-place\/#primaryimage\"},\"thumbnailUrl\":\"https:\/\/i0.wp.com\/stebby.eu\/wp-content\/uploads\/2021\/05\/stebby_picture_scaled_1.jpg?fit=1672%2C2200&ssl=1\",\"datePublished\":\"2020-09-21T10:28:57+00:00\",\"dateModified\":\"2024-11-27T06:16:45+00:00\",\"description\":\"Stebby yra did\u017eiausia sveikatingumo paslaug\u0173 platforma Baltijos \u0161alyse, kurioje galite kilstel\u0117ti savo savijaut\u0105 \u012f naujas auk\u0161tumas.\",\"breadcrumb\":{\"@id\":\"https:\/\/stebby.eu\/lt\/thousands-of-wellness-services-in-one-place\/#breadcrumb\"},\"inLanguage\":\"lt-LT\",\"potentialAction\":[{\"@type\":\"ReadAction\",\"target\":[\"https:\/\/stebby.eu\/lt\/thousands-of-wellness-services-in-one-place\/\"]}]},{\"@type\":\"ImageObject\",\"inLanguage\":\"lt-LT\",\"@id\":\"https:\/\/stebby.eu\/lt\/thousands-of-wellness-services-in-one-place\/#primaryimage\",\"url\":\"https:\/\/i0.wp.com\/stebby.eu\/wp-content\/uploads\/2021\/05\/stebby_picture_scaled_1.jpg?fit=1672%2C2200&ssl=1\",\"contentUrl\":\"https:\/\/i0.wp.com\/stebby.eu\/wp-content\/uploads\/2021\/05\/stebby_picture_scaled_1.jpg?fit=1672%2C2200&ssl=1\",\"width\":1672,\"height\":2200},{\"@type\":\"BreadcrumbList\",\"@id\":\"https:\/\/stebby.eu\/lt\/thousands-of-wellness-services-in-one-place\/#breadcrumb\",\"itemListElement\":[{\"@type\":\"ListItem\",\"position\":1,\"name\":\"Home\",\"item\":\"https:\/\/stebby.eu\/lt\/\"},{\"@type\":\"ListItem\",\"position\":2,\"name\":\"T\u016bkstan\u010diai sveikatingumo paslaug\u0173 teik\u0117j\u0173 vienoje vietoje\"}]},{\"@type\":\"WebSite\",\"@id\":\"https:\/\/stebby.eu\/#website\",\"url\":\"https:\/\/stebby.eu\/\",\"name\":\"Stebby\",\"description\":\"\",\"publisher\":{\"@id\":\"https:\/\/stebby.eu\/#organization\"},\"potentialAction\":[{\"@type\":\"SearchAction\",\"target\":{\"@type\":\"EntryPoint\",\"urlTemplate\":\"https:\/\/stebby.eu\/?s={search_term_string}\"},\"query-input\":{\"@type\":\"PropertyValueSpecification\",\"valueRequired\":true,\"valueName\":\"search_term_string\"}}],\"inLanguage\":\"lt-LT\"},{\"@type\":\"Organization\",\"@id\":\"https:\/\/stebby.eu\/#organization\",\"name\":\"Stebby\",\"url\":\"https:\/\/stebby.eu\/\",\"logo\":{\"@type\":\"ImageObject\",\"inLanguage\":\"lt-LT\",\"@id\":\"https:\/\/stebby.eu\/#\/schema\/logo\/image\/\",\"url\":\"https:\/\/stebby.eu\/wp-content\/uploads\/2020\/10\/stebby3-1.png\",\"contentUrl\":\"https:\/\/stebby.eu\/wp-content\/uploads\/2020\/10\/stebby3-1.png\",\"width\":256,\"height\":256,\"caption\":\"Stebby\"},\"image\":{\"@id\":\"https:\/\/stebby.eu\/#\/schema\/logo\/image\/\"},\"sameAs\":[\"https:\/\/www.facebook.com\/stebby\/\",\"https:\/\/instagram.com\/stebby.eesti\",\"https:\/\/www.linkedin.com\/company\/stebby\/\"]}]}<\/script>\n<!-- \/ Yoast SEO plugin. -->","yoast_head_json":{"title":"T\u016bkstan\u010diai sveikatingumo paslaug\u0173 teik\u0117j\u0173 vienoje vietoje - Stebby","description":"Stebby yra did\u017eiausia sveikatingumo paslaug\u0173 platforma Baltijos \u0161alyse, kurioje galite kilstel\u0117ti savo savijaut\u0105 \u012f naujas auk\u0161tumas.","robots":{"index":"index","follow":"follow","max-snippet":"max-snippet:-1","max-image-preview":"max-image-preview:large","max-video-preview":"max-video-preview:-1"},"canonical":"https:\/\/stebby.eu\/lt\/thousands-of-wellness-services-in-one-place\/","og_locale":"lt_LT","og_type":"article","og_title":"T\u016bkstan\u010diai sveikatingumo paslaug\u0173 teik\u0117j\u0173 vienoje vietoje - Stebby","og_description":"Stebby yra did\u017eiausia sveikatingumo paslaug\u0173 platforma Baltijos \u0161alyse, kurioje galite kilstel\u0117ti savo savijaut\u0105 \u012f naujas auk\u0161tumas.","og_url":"https:\/\/stebby.eu\/lt\/thousands-of-wellness-services-in-one-place\/","og_site_name":"Stebby","article_publisher":"https:\/\/www.facebook.com\/stebby\/","article_modified_time":"2024-11-27T06:16:45+00:00","og_image":[{"width":1672,"height":2200,"url":"https:\/\/stebby.eu\/wp-content\/uploads\/2021\/05\/stebby_picture_scaled_1.jpg","type":"image\/jpeg"}],"twitter_card":"summary_large_image","twitter_misc":{"Est. reading time":"1 minut\u0117"},"schema":{"@context":"https:\/\/schema.org","@graph":[{"@type":"WebPage","@id":"https:\/\/stebby.eu\/lt\/thousands-of-wellness-services-in-one-place\/","url":"https:\/\/stebby.eu\/lt\/thousands-of-wellness-services-in-one-place\/","name":"T\u016bkstan\u010diai sveikatingumo paslaug\u0173 teik\u0117j\u0173 vienoje vietoje - Stebby","isPartOf":{"@id":"https:\/\/stebby.eu\/#website"},"primaryImageOfPage":{"@id":"https:\/\/stebby.eu\/lt\/thousands-of-wellness-services-in-one-place\/#primaryimage"},"image":{"@id":"https:\/\/stebby.eu\/lt\/thousands-of-wellness-services-in-one-place\/#primaryimage"},"thumbnailUrl":"https:\/\/i0.wp.com\/stebby.eu\/wp-content\/uploads\/2021\/05\/stebby_picture_scaled_1.jpg?fit=1672%2C2200&ssl=1","datePublished":"2020-09-21T10:28:57+00:00","dateModified":"2024-11-27T06:16:45+00:00","description":"Stebby yra did\u017eiausia sveikatingumo paslaug\u0173 platforma Baltijos \u0161alyse, kurioje galite kilstel\u0117ti savo savijaut\u0105 \u012f naujas auk\u0161tumas.","breadcrumb":{"@id":"https:\/\/stebby.eu\/lt\/thousands-of-wellness-services-in-one-place\/#breadcrumb"},"inLanguage":"lt-LT","potentialAction":[{"@type":"ReadAction","target":["https:\/\/stebby.eu\/lt\/thousands-of-wellness-services-in-one-place\/"]}]},{"@type":"ImageObject","inLanguage":"lt-LT","@id":"https:\/\/stebby.eu\/lt\/thousands-of-wellness-services-in-one-place\/#primaryimage","url":"https:\/\/i0.wp.com\/stebby.eu\/wp-content\/uploads\/2021\/05\/stebby_picture_scaled_1.jpg?fit=1672%2C2200&ssl=1","contentUrl":"https:\/\/i0.wp.com\/stebby.eu\/wp-content\/uploads\/2021\/05\/stebby_picture_scaled_1.jpg?fit=1672%2C2200&ssl=1","width":1672,"height":2200},{"@type":"BreadcrumbList","@id":"https:\/\/stebby.eu\/lt\/thousands-of-wellness-services-in-one-place\/#breadcrumb","itemListElement":[{"@type":"ListItem","position":1,"name":"Home","item":"https:\/\/stebby.eu\/lt\/"},{"@type":"ListItem","position":2,"name":"T\u016bkstan\u010diai sveikatingumo paslaug\u0173 teik\u0117j\u0173 vienoje vietoje"}]},{"@type":"WebSite","@id":"https:\/\/stebby.eu\/#website","url":"https:\/\/stebby.eu\/","name":"Stebby","description":"","publisher":{"@id":"https:\/\/stebby.eu\/#organization"},"potentialAction":[{"@type":"SearchAction","target":{"@type":"EntryPoint","urlTemplate":"https:\/\/stebby.eu\/?s={search_term_string}"},"query-input":{"@type":"PropertyValueSpecification","valueRequired":true,"valueName":"search_term_string"}}],"inLanguage":"lt-LT"},{"@type":"Organization","@id":"https:\/\/stebby.eu\/#organization","name":"Stebby","url":"https:\/\/stebby.eu\/","logo":{"@type":"ImageObject","inLanguage":"lt-LT","@id":"https:\/\/stebby.eu\/#\/schema\/logo\/image\/","url":"https:\/\/stebby.eu\/wp-content\/uploads\/2020\/10\/stebby3-1.png","contentUrl":"https:\/\/stebby.eu\/wp-content\/uploads\/2020\/10\/stebby3-1.png","width":256,"height":256,"caption":"Stebby"},"image":{"@id":"https:\/\/stebby.eu\/#\/schema\/logo\/image\/"},"sameAs":["https:\/\/www.facebook.com\/stebby\/","https:\/\/instagram.com\/stebby.eesti","https:\/\/www.linkedin.com\/company\/stebby\/"]}]}},"jetpack_sharing_enabled":true,"_links":{"self":[{"href":"https:\/\/stebby.eu\/lt\/wp-json\/wp\/v2\/pages\/5725","targetHints":{"allow":["GET"]}}],"collection":[{"href":"https:\/\/stebby.eu\/lt\/wp-json\/wp\/v2\/pages"}],"about":[{"href":"https:\/\/stebby.eu\/lt\/wp-json\/wp\/v2\/types\/page"}],"author":[{"embeddable":true,"href":"https:\/\/stebby.eu\/lt\/wp-json\/wp\/v2\/users\/1"}],"replies":[{"embeddable":true,"href":"https:\/\/stebby.eu\/lt\/wp-json\/wp\/v2\/comments?post=5725"}],"version-history":[{"count":11,"href":"https:\/\/stebby.eu\/lt\/wp-json\/wp\/v2\/pages\/5725\/revisions"}],"predecessor-version":[{"id":18096,"href":"https:\/\/stebby.eu\/lt\/wp-json\/wp\/v2\/pages\/5725\/revisions\/18096"}],"wp:featuredmedia":[{"embeddable":true,"href":"https:\/\/stebby.eu\/lt\/wp-json\/wp\/v2\/media\/8431"}],"wp:attachment":[{"href":"https:\/\/stebby.eu\/lt\/wp-json\/wp\/v2\/media?parent=5725"}],"curies":[{"name":"wp","href":"https:\/\/api.w.org\/{rel}","templated":true}]}}