{"id":11085,"date":"2022-04-19T11:45:03","date_gmt":"2022-04-19T11:45:03","guid":{"rendered":"https:\/\/stebby.eu\/?page_id=11085"},"modified":"2022-04-20T06:05:46","modified_gmt":"2022-04-20T06:05:46","slug":"darbinieku-elastigie-labumi","status":"publish","type":"page","link":"https:\/\/stebby.eu\/lv\/darbinieku-elastigie-labumi\/","title":{"rendered":"Darbinieku elast\u012bgie labumi &#8211; izv\u0113les br\u012bv\u012bba!"},"content":{"rendered":"","protected":false},"excerpt":{"rendered":"","protected":false},"author":8,"featured_media":11103,"parent":0,"menu_order":0,"comment_status":"closed","ping_status":"closed","template":"","meta":{"footnotes":""},"class_list":["post-11085","page","type-page","status-publish","has-post-thumbnail","hentry"],"yoast_head":"<!-- This site is optimized with the Yoast SEO plugin v26.8 - https:\/\/yoast.com\/product\/yoast-seo-wordpress\/ -->\n<title>Darbinieku elast\u012bgie labumi - izv\u0113les br\u012bv\u012bba! - Stebby<\/title>\n<meta name=\"robots\" content=\"index, follow, max-snippet:-1, max-image-preview:large, max-video-preview:-1\" \/>\n<link rel=\"canonical\" href=\"https:\/\/stebby.eu\/lv\/darbinieku-elastigie-labumi\/\" \/>\n<meta property=\"og:locale\" content=\"lv_LV\" \/>\n<meta property=\"og:type\" content=\"article\" \/>\n<meta property=\"og:title\" content=\"Darbinieku elast\u012bgie labumi - izv\u0113les br\u012bv\u012bba! - Stebby\" \/>\n<meta property=\"og:url\" content=\"https:\/\/stebby.eu\/lv\/darbinieku-elastigie-labumi\/\" \/>\n<meta property=\"og:site_name\" content=\"Stebby\" \/>\n<meta property=\"article:publisher\" content=\"https:\/\/www.facebook.com\/stebby\/\" \/>\n<meta property=\"article:modified_time\" content=\"2022-04-20T06:05:46+00:00\" \/>\n<meta property=\"og:image\" content=\"https:\/\/stebby.eu\/wp-content\/uploads\/2022\/04\/Stebby-Vizualas-1-1200x1200-LV.jpg\" \/>\n\t<meta property=\"og:image:width\" content=\"1200\" \/>\n\t<meta property=\"og:image:height\" content=\"1200\" \/>\n\t<meta property=\"og:image:type\" content=\"image\/jpeg\" \/>\n<meta name=\"twitter:card\" content=\"summary_large_image\" \/>\n<script type=\"application\/ld+json\" class=\"yoast-schema-graph\">{\"@context\":\"https:\/\/schema.org\",\"@graph\":[{\"@type\":\"WebPage\",\"@id\":\"https:\/\/stebby.eu\/lv\/darbinieku-elastigie-labumi\/\",\"url\":\"https:\/\/stebby.eu\/lv\/darbinieku-elastigie-labumi\/\",\"name\":\"Darbinieku elast\u012bgie labumi - izv\u0113les br\u012bv\u012bba! - Stebby\",\"isPartOf\":{\"@id\":\"https:\/\/stebby.eu\/#website\"},\"primaryImageOfPage\":{\"@id\":\"https:\/\/stebby.eu\/lv\/darbinieku-elastigie-labumi\/#primaryimage\"},\"image\":{\"@id\":\"https:\/\/stebby.eu\/lv\/darbinieku-elastigie-labumi\/#primaryimage\"},\"thumbnailUrl\":\"https:\/\/i0.wp.com\/stebby.eu\/wp-content\/uploads\/2022\/04\/Stebby-Vizualas-1-1200x1200-LV.jpg?fit=1200%2C1200&ssl=1\",\"datePublished\":\"2022-04-19T11:45:03+00:00\",\"dateModified\":\"2022-04-20T06:05:46+00:00\",\"breadcrumb\":{\"@id\":\"https:\/\/stebby.eu\/lv\/darbinieku-elastigie-labumi\/#breadcrumb\"},\"inLanguage\":\"lv-LV\",\"potentialAction\":[{\"@type\":\"ReadAction\",\"target\":[\"https:\/\/stebby.eu\/lv\/darbinieku-elastigie-labumi\/\"]}]},{\"@type\":\"ImageObject\",\"inLanguage\":\"lv-LV\",\"@id\":\"https:\/\/stebby.eu\/lv\/darbinieku-elastigie-labumi\/#primaryimage\",\"url\":\"https:\/\/i0.wp.com\/stebby.eu\/wp-content\/uploads\/2022\/04\/Stebby-Vizualas-1-1200x1200-LV.jpg?fit=1200%2C1200&ssl=1\",\"contentUrl\":\"https:\/\/i0.wp.com\/stebby.eu\/wp-content\/uploads\/2022\/04\/Stebby-Vizualas-1-1200x1200-LV.jpg?fit=1200%2C1200&ssl=1\",\"width\":1200,\"height\":1200},{\"@type\":\"BreadcrumbList\",\"@id\":\"https:\/\/stebby.eu\/lv\/darbinieku-elastigie-labumi\/#breadcrumb\",\"itemListElement\":[{\"@type\":\"ListItem\",\"position\":1,\"name\":\"Home\",\"item\":\"https:\/\/stebby.eu\/lv\/\"},{\"@type\":\"ListItem\",\"position\":2,\"name\":\"Darbinieku elast\u012bgie labumi &#8211; izv\u0113les br\u012bv\u012bba!\"}]},{\"@type\":\"WebSite\",\"@id\":\"https:\/\/stebby.eu\/#website\",\"url\":\"https:\/\/stebby.eu\/\",\"name\":\"Stebby\",\"description\":\"\",\"publisher\":{\"@id\":\"https:\/\/stebby.eu\/#organization\"},\"potentialAction\":[{\"@type\":\"SearchAction\",\"target\":{\"@type\":\"EntryPoint\",\"urlTemplate\":\"https:\/\/stebby.eu\/?s={search_term_string}\"},\"query-input\":{\"@type\":\"PropertyValueSpecification\",\"valueRequired\":true,\"valueName\":\"search_term_string\"}}],\"inLanguage\":\"lv-LV\"},{\"@type\":\"Organization\",\"@id\":\"https:\/\/stebby.eu\/#organization\",\"name\":\"Stebby\",\"url\":\"https:\/\/stebby.eu\/\",\"logo\":{\"@type\":\"ImageObject\",\"inLanguage\":\"lv-LV\",\"@id\":\"https:\/\/stebby.eu\/#\/schema\/logo\/image\/\",\"url\":\"https:\/\/stebby.eu\/wp-content\/uploads\/2020\/10\/stebby3-1.png\",\"contentUrl\":\"https:\/\/stebby.eu\/wp-content\/uploads\/2020\/10\/stebby3-1.png\",\"width\":256,\"height\":256,\"caption\":\"Stebby\"},\"image\":{\"@id\":\"https:\/\/stebby.eu\/#\/schema\/logo\/image\/\"},\"sameAs\":[\"https:\/\/www.facebook.com\/stebby\/\",\"https:\/\/instagram.com\/stebby.eesti\",\"https:\/\/www.linkedin.com\/company\/stebby\/\"]}]}<\/script>\n<!-- \/ Yoast SEO plugin. -->","yoast_head_json":{"title":"Darbinieku elast\u012bgie labumi - izv\u0113les br\u012bv\u012bba! - Stebby","robots":{"index":"index","follow":"follow","max-snippet":"max-snippet:-1","max-image-preview":"max-image-preview:large","max-video-preview":"max-video-preview:-1"},"canonical":"https:\/\/stebby.eu\/lv\/darbinieku-elastigie-labumi\/","og_locale":"lv_LV","og_type":"article","og_title":"Darbinieku elast\u012bgie labumi - izv\u0113les br\u012bv\u012bba! - Stebby","og_url":"https:\/\/stebby.eu\/lv\/darbinieku-elastigie-labumi\/","og_site_name":"Stebby","article_publisher":"https:\/\/www.facebook.com\/stebby\/","article_modified_time":"2022-04-20T06:05:46+00:00","og_image":[{"width":1200,"height":1200,"url":"https:\/\/stebby.eu\/wp-content\/uploads\/2022\/04\/Stebby-Vizualas-1-1200x1200-LV.jpg","type":"image\/jpeg"}],"twitter_card":"summary_large_image","schema":{"@context":"https:\/\/schema.org","@graph":[{"@type":"WebPage","@id":"https:\/\/stebby.eu\/lv\/darbinieku-elastigie-labumi\/","url":"https:\/\/stebby.eu\/lv\/darbinieku-elastigie-labumi\/","name":"Darbinieku elast\u012bgie labumi - izv\u0113les br\u012bv\u012bba! - Stebby","isPartOf":{"@id":"https:\/\/stebby.eu\/#website"},"primaryImageOfPage":{"@id":"https:\/\/stebby.eu\/lv\/darbinieku-elastigie-labumi\/#primaryimage"},"image":{"@id":"https:\/\/stebby.eu\/lv\/darbinieku-elastigie-labumi\/#primaryimage"},"thumbnailUrl":"https:\/\/i0.wp.com\/stebby.eu\/wp-content\/uploads\/2022\/04\/Stebby-Vizualas-1-1200x1200-LV.jpg?fit=1200%2C1200&ssl=1","datePublished":"2022-04-19T11:45:03+00:00","dateModified":"2022-04-20T06:05:46+00:00","breadcrumb":{"@id":"https:\/\/stebby.eu\/lv\/darbinieku-elastigie-labumi\/#breadcrumb"},"inLanguage":"lv-LV","potentialAction":[{"@type":"ReadAction","target":["https:\/\/stebby.eu\/lv\/darbinieku-elastigie-labumi\/"]}]},{"@type":"ImageObject","inLanguage":"lv-LV","@id":"https:\/\/stebby.eu\/lv\/darbinieku-elastigie-labumi\/#primaryimage","url":"https:\/\/i0.wp.com\/stebby.eu\/wp-content\/uploads\/2022\/04\/Stebby-Vizualas-1-1200x1200-LV.jpg?fit=1200%2C1200&ssl=1","contentUrl":"https:\/\/i0.wp.com\/stebby.eu\/wp-content\/uploads\/2022\/04\/Stebby-Vizualas-1-1200x1200-LV.jpg?fit=1200%2C1200&ssl=1","width":1200,"height":1200},{"@type":"BreadcrumbList","@id":"https:\/\/stebby.eu\/lv\/darbinieku-elastigie-labumi\/#breadcrumb","itemListElement":[{"@type":"ListItem","position":1,"name":"Home","item":"https:\/\/stebby.eu\/lv\/"},{"@type":"ListItem","position":2,"name":"Darbinieku elast\u012bgie labumi &#8211; izv\u0113les br\u012bv\u012bba!"}]},{"@type":"WebSite","@id":"https:\/\/stebby.eu\/#website","url":"https:\/\/stebby.eu\/","name":"Stebby","description":"","publisher":{"@id":"https:\/\/stebby.eu\/#organization"},"potentialAction":[{"@type":"SearchAction","target":{"@type":"EntryPoint","urlTemplate":"https:\/\/stebby.eu\/?s={search_term_string}"},"query-input":{"@type":"PropertyValueSpecification","valueRequired":true,"valueName":"search_term_string"}}],"inLanguage":"lv-LV"},{"@type":"Organization","@id":"https:\/\/stebby.eu\/#organization","name":"Stebby","url":"https:\/\/stebby.eu\/","logo":{"@type":"ImageObject","inLanguage":"lv-LV","@id":"https:\/\/stebby.eu\/#\/schema\/logo\/image\/","url":"https:\/\/stebby.eu\/wp-content\/uploads\/2020\/10\/stebby3-1.png","contentUrl":"https:\/\/stebby.eu\/wp-content\/uploads\/2020\/10\/stebby3-1.png","width":256,"height":256,"caption":"Stebby"},"image":{"@id":"https:\/\/stebby.eu\/#\/schema\/logo\/image\/"},"sameAs":["https:\/\/www.facebook.com\/stebby\/","https:\/\/instagram.com\/stebby.eesti","https:\/\/www.linkedin.com\/company\/stebby\/"]}]}},"jetpack_sharing_enabled":true,"_links":{"self":[{"href":"https:\/\/stebby.eu\/lv\/wp-json\/wp\/v2\/pages\/11085","targetHints":{"allow":["GET"]}}],"collection":[{"href":"https:\/\/stebby.eu\/lv\/wp-json\/wp\/v2\/pages"}],"about":[{"href":"https:\/\/stebby.eu\/lv\/wp-json\/wp\/v2\/types\/page"}],"author":[{"embeddable":true,"href":"https:\/\/stebby.eu\/lv\/wp-json\/wp\/v2\/users\/8"}],"replies":[{"embeddable":true,"href":"https:\/\/stebby.eu\/lv\/wp-json\/wp\/v2\/comments?post=11085"}],"version-history":[{"count":9,"href":"https:\/\/stebby.eu\/lv\/wp-json\/wp\/v2\/pages\/11085\/revisions"}],"predecessor-version":[{"id":11101,"href":"https:\/\/stebby.eu\/lv\/wp-json\/wp\/v2\/pages\/11085\/revisions\/11101"}],"wp:featuredmedia":[{"embeddable":true,"href":"https:\/\/stebby.eu\/lv\/wp-json\/wp\/v2\/media\/11103"}],"wp:attachment":[{"href":"https:\/\/stebby.eu\/lv\/wp-json\/wp\/v2\/media?parent=11085"}],"curies":[{"name":"wp","href":"https:\/\/api.w.org\/{rel}","templated":true}]}}