{"id":19307,"date":"2025-08-21T07:50:09","date_gmt":"2025-08-21T07:50:09","guid":{"rendered":"https:\/\/stebby.eu\/?page_id=19307"},"modified":"2025-08-21T07:52:44","modified_gmt":"2025-08-21T07:52:44","slug":"apaksapstradataju-saraksts","status":"publish","type":"page","link":"https:\/\/stebby.eu\/lv\/apaksapstradataju-saraksts\/","title":{"rendered":"Apak\u0161apstr\u0101d\u0101t\u0101ju saraksts"},"content":{"rendered":"\n<p>Lai nodro\u0161in\u0101tu m\u016bsu pakalpojumus efekt\u012bvi, Stebby var iesaist\u012bt apak\u0161apstr\u0101d\u0101t\u0101jus, lai pal\u012bdz\u0113tu noteiktu darb\u012bbu veik\u0161an\u0101. \u0160ie apak\u0161apstr\u0101d\u0101t\u0101ji pal\u012bdz mums nodro\u0161in\u0101t konkr\u0113tas funkcijas vai tehniskos pakalpojumus, kas nepiecie\u0161ami m\u016bsu darb\u012bbai. Ja Stebby izmanto apak\u0161apstr\u0101d\u0101t\u0101ju, tiek piem\u0113rots datu apstr\u0101des l\u012bgums (DAL), cits juridiski saisto\u0161s l\u012bgums vai noteikumi.<\/p>\n\n\n\n<p>Kad Stebby darbojas k\u0101 savu biznesa klientu datu p\u0101rzinis, apak\u0161apstr\u0101d\u0101t\u0101jiem tiek piem\u0113rots t\u0101ds pats dro\u0161\u012bbas l\u012bmenis un l\u012bguma noteikumi, k\u0101di ir paredz\u0113ti nol\u012bgum\u0101 ar klientu. Ja apak\u0161apstr\u0101d\u0101t\u0101js p\u0101rs\u016bta datus \u0101rpus ES, Stebby nodro\u0161ina, ka tiek izpild\u012bti standarta l\u012bguma noteikumi (SLN) un veikts p\u0101rs\u016bt\u012b\u0161anas ietekmes nov\u0113rt\u0113jums (PIN), ja tas ir nepiecie\u0161ams.<\/p>\n\n\n\n<style>\ntd {\n  border: 1px solid black;\n  border-radius: 10px;\n}\n<\/style>\n<figure class=\"wp-block-table\"><table><thead><tr><th><strong>V\u0101rds un kontakti<\/strong><\/th><th><strong>Datu subjekts<\/strong><\/th><th><strong>M\u0113r\u0137is<\/strong><\/th><th><strong>Vieta<\/strong><\/th><\/tr><\/thead><tbody><tr><td>BambooHR LLC<br>E-pasts: legal@bamboohr.com<br>T\u0101lrunis: 1 801-724-6600<\/td><td>Darba mekl\u0113t\u0101ji<\/td><td>Person\u0101la un kandid\u0101tu datu p\u0101rvald\u012bba<\/td><td>335 South 560 West London, UT 84042, ASV<\/td><\/tr><tr><td>Calendly LLC<br>E-pasts: legal@calendly.com<br>T\u0101lrunis: 1 (800) 979-9850<\/td><td>Biznesa klientu un Stebby p\u0101rst\u0101vji<\/td><td>Stebby pakalpojuma demonstr\u0101cijas kalend\u0101ra p\u0101rvald\u012bba<\/td><td>Buford, 115 E Main St NE #A1B, ASV<\/td><\/tr><tr><td>Data and Privacy Protection O\u00dc<br>E-pasts: maili@dataprotectionprivacy.eu<br>T\u0101lrunis: 372 5341 2416<\/td><td>Darbinieki<br>Lietot\u0101ji<br>Biznesa, individu\u0101lo komersantu un uz\u0146\u0113m\u0113ju klientu un l\u012bgumsl\u0113dz\u0113ju p\u0101rst\u0101vji<\/td><td>\u0100rpakalpojuma datu aizsardz\u012bbas speci\u0101lista (DAS) pakalpojumi<\/td><td>Sepise 1, 11415 Tallinn, Igaunija<\/td><\/tr><tr><td>Disenjador O\u00dc<br>E-pasts: silver@mustlammas.ee<\/td><td>Darbinieki<br>Lietot\u0101ji<br>Biznesa, individu\u0101lo komersantu un uz\u0146\u0113m\u0113ju klientu un l\u012bgumsl\u0113dz\u0113ju p\u0101rst\u0101vji<\/td><td>Att\u012bst\u012bt\u0101ja pakalpojumi<\/td><td>Jalgpalli tn 1, 11312, Tallinn, Harju maakond, Igaunija<\/td><\/tr><tr><td>Elisa Eesti AS<br>E-pasts: elisa@elisa.ee<br>T\u0101lrunis: +372 681 1963<\/td><td>Lietot\u0101ji<br>Biznesa, individu\u0101lo komersantu un uz\u0146\u0113m\u0113ju klientu, l\u012bgumsl\u0113dz\u0113ju un Stebby p\u0101rst\u0101vji<\/td><td>Klientu atbalsts (zvani)<\/td><td>Harju maakond, Tallinn, Kristiine linnaosa, S\u00f5pruse pst 145, 13425, Igaunija<\/td><\/tr><tr><td>ERGO Life Insurance SE Eesti filiaal<br>E-pasts: info@ergo.ee<br>T\u0101lrunis: 372 610 6500<\/td><td>Lietot\u0101ji. Biznesa klientu un Stebby p\u0101rst\u0101vji.<\/td><td>Apdro\u0161in\u0101\u0161anas pakalpojumu sniedz\u0113js<\/td><td>Veskiposti tn 2\/1, 10138, Tallinn, Igaunija<\/td><\/tr><tr><td>Google Cloud EMEA Limited<\/td><td>Darbinieki<br>Lietot\u0101ji<br>Biznesa, individu\u0101lo komersantu un uz\u0146\u0113m\u0113ju klientu un l\u012bgumsl\u0113dz\u0113ju p\u0101rst\u0101vji<\/td><td>M\u0101ko\u0146a pakalpojumi<\/td><td>70 Sir John Rogerson\u2019s Quay, Dublin 2, \u012arija<\/td><\/tr><tr><td>Google Ireland Limited<\/td><td>Darbinieki<br>Lietot\u0101ji<br>Biznesa, individu\u0101lo komersantu un uz\u0146\u0113m\u0113ju klientu un l\u012bgumsl\u0113dz\u0113ju p\u0101rst\u0101vji<\/td><td>Sazi\u0146a ar klientiem<br>Z\u012bmolved\u012bba<br>M\u0101rketinga kampa\u0146as<\/td><td>Gordon House, Barrow Street, Dublin 4, \u012arija<\/td><\/tr><tr><td>Help Scout PBC<br>E-pasts: dpo@helpscout.com<\/td><td>Lietot\u0101ji<br>Biznesa, individu\u0101lo komersantu un uz\u0146\u0113m\u0113ju klientu, l\u012bgumsl\u0113dz\u0113ju un Stebby p\u0101rst\u0101vji<\/td><td>Komunik\u0101cija ar lietot\u0101jiem<\/td><td>68 Harrison Ave Ste 605, PMB 78505, Boston MA 02111, ASV<\/td><\/tr><tr><td>Hunter Web Services, Inc.<br>E-pasts: contact@hunter.io<br>T\u0101lrunis: (507)\u202f541\u20119802<\/td><td>(Potenci\u0101lo) biznesa klienta p\u0101rst\u0101vji<\/td><td>Potenci\u0101lo jauno klientu identific\u0113\u0161ana<\/td><td>2810 N Church St #50754, Wilmington, Delaware 19802-4447, ASV<\/td><\/tr><tr><td>IIZI Kindlustusmaakler AS<br>E-pasts: info@iizi.ee<br>T\u0101lrunis: 372 666 0300<\/td><td>Klienti<br>Lietot\u0101ji<\/td><td>Vesel\u012bbas apdro\u0161in\u0101\u0161anas datu apmai\u0146as platforma, ko izplata Stebby O\u00dc.<\/td><td>Telliskivi tn 60\/2, 10412, Tallinn, Igaunija<\/td><\/tr><tr><td>Lempire SAS e-pasts:<br>contact@lempire.com<\/td><td>Lietot\u0101ji<br>Biznesa, individu\u0101lo komersantu un uz\u0146\u0113m\u0113ju klientu, l\u012bgumsl\u0113dz\u0113ju un Stebby p\u0101rst\u0101vji<\/td><td>Tie\u0161ais m\u0101rketings<\/td><td>128 rue La Bo\u00e9tie, 75008 Paris, Francija<\/td><\/tr><tr><td>LHV Pank<br>E-pasts: info@lhv.ee<\/td><td>Darbinieki<br>Lietot\u0101ji<br>Biznesa, individu\u0101lo komersantu un uz\u0146\u0113m\u0113ju klientu un l\u012bgumsl\u0113dz\u0113ju p\u0101rst\u0101vji<\/td><td>Banku un maks\u0101jumu pakalpojumi<\/td><td>Tartu mnt 2, 10145 Tallinn, Igaunija<\/td><\/tr><tr><td>LHV Paytech<br>E-pasts: info@every-pay.com<br>T\u0101lrunis: 372 644 2201<\/td><td>Darbinieki<br>Lietot\u0101ji<\/td><td>Maks\u0101jumu risin\u0101jumu platforma<\/td><td>Tartu mnt 2, 10145 Tallinn, Igaunija<\/td><\/tr><tr><td>MB \u201cPlanuotojas\u201d Defined Chase<br>E-pasts: info@definedchase.com<br>T\u0101lrunis: 370 6763 3847<\/td><td>Lietot\u0101ji<br>Biznesa, individu\u0101lo komersantu un uz\u0146\u0113m\u0113ju klientu, k\u0101 ar\u012b Stebby p\u0101rst\u0101vji.<\/td><td>Digit\u0101l\u0101 m\u0101rketinga kampa\u0146as izveide<\/td><td>Vilnius Tech Park 12th building, Antakalnio g. 17, Vilnius, Lietuva<\/td><\/tr><tr><td>Meta Platforms Ireland Ltd<\/td><td>Cilv\u0113ki, kas mijiedarbojas ar Stebby kontiem Facebook un Instagram<\/td><td>Sazi\u0146a ar klientiem<br>Z\u012bmolved\u012bba<br>M\u0101rketinga kampa\u0146as<\/td><td>4 Grand Canal Square, Dublin Country, \u012arija<\/td><\/tr><tr><td>Pipedrive O\u00dc<br>E-pasts: privacy@pipedrive.com<br>T\u0101lrunis: +372 5361 7848<\/td><td>Klientu un Stebby p\u0101rst\u0101vji<\/td><td>P\u0101rdo\u0161anas un potenci\u0101lo klientu vad\u012bba<\/td><td>Mustam\u00e4e tee 3a, 10615, Tallinn, Igaunija<\/td><\/tr><tr><td>SIA NESS<br>E-pasts: info@ness-solutions.com<\/td><td>Stebby un potenci\u0101lo biznesa klientu p\u0101rst\u0101vji.<\/td><td>M\u0101rketings biznesa klientiem<\/td><td>R\u012bga, Dzirnavu iela 37 &#8211; 62, LV-1010, Latvija<\/td><\/tr><tr><td>Stebby Draudimas O\u00dc<br>E-pasts: draudimas@stebby.eu<\/td><td>Lietot\u0101ji<br>Biznesa, individu\u0101lo komersantu un uz\u0146\u0113m\u0113ju klientu, l\u012bgumsl\u0113dz\u0113ju un Stebby p\u0101rst\u0101vji<\/td><td>P\u0101rdo\u0161anas un m\u0101rketinga pakalpojumu snieg\u0161ana<\/td><td>Tartu maakond, Tartu linn, Raatuse tn 20, 51009, Igaunija<\/td><\/tr><tr><td>Tiktok Technology LTD<br>TikTok Information Technologies UK LTD<\/td><td>Personas, kas mijiedarbojas ar Stebby kontiem TikTok.<\/td><td>Sazi\u0146a ar klientiem<br>Z\u012bmolved\u012bba<\/td><td>The Sorting Office, Ropemaker Place, Dublin 2, Dublin, D02 HD23, \u012arija<br>Kaleidoscope, 4 Lindsey Street, London, Apvienot\u0101 Karaliste, EC1A 9HP<\/td><\/tr><tr><td>Twilio Inc.<\/td><td>Lietot\u0101ji<br>Biznesa, individu\u0101lo komersantu un uz\u0146\u0113m\u0113ju klientu, l\u012bgumsl\u0113dz\u0113ju un Stebby p\u0101rst\u0101vji<\/td><td>E-pasta sazi\u0146a<\/td><td>101 Spear St, Ste 500 San Francisco, CA 94105, ASV<\/td><\/tr><tr><td>Vero Holdings Australia Pty Ltd<br>E-pasts: getvero@lionheartsquared.eu<\/td><td>Lietot\u0101ji<br>Biznesa, individu\u0101lo komersantu un uz\u0146\u0113m\u0113ju klientu, l\u012bgumsl\u0113dz\u0113ju un Stebby p\u0101rst\u0101vji<\/td><td>E-pasta m\u0101rketings un automatiz\u0101cija<\/td><td>Level 1, 251 Riley Street, Surry Hills, NSW, 2010, Austr\u0101lija<\/td><\/tr><\/tbody><\/table><\/figure>\n","protected":false},"excerpt":{"rendered":"Lai nodro\u0161in\u0101tu m\u016bsu pakalpojumus efekt\u012bvi, Stebby var iesaist\u012bt apak\u0161apstr\u0101d\u0101t\u0101jus, lai pal\u012bdz\u0113tu noteiktu darb\u012bbu veik\u0161an\u0101. \u0160ie apak\u0161apstr\u0101d\u0101t\u0101ji pal\u012bdz mums nodro\u0161in\u0101t konkr\u0113tas funkcijas vai tehniskos pakalpojumus, kas nepiecie\u0161ami m\u016bsu darb\u012bbai. Ja Stebby izmanto apak\u0161apstr\u0101d\u0101t\u0101ju, tiek piem\u0113rots datu apstr\u0101des l\u012bgums (DAL), cits juridiski saisto\u0161s l\u012bgums vai noteikumi. Kad Stebby darbojas k\u0101 savu biznesa klientu datu p\u0101rzinis, apak\u0161apstr\u0101d\u0101t\u0101jiem tiek&#8230;","protected":false},"author":19,"featured_media":0,"parent":0,"menu_order":0,"comment_status":"closed","ping_status":"closed","template":"TEMPLATE-table-of-contents.php","meta":{"footnotes":""},"class_list":["post-19307","page","type-page","status-publish","hentry"],"yoast_head":"<!-- This site is optimized with the Yoast SEO plugin v26.8 - https:\/\/yoast.com\/product\/yoast-seo-wordpress\/ -->\n<title>Apak\u0161apstr\u0101d\u0101t\u0101ju saraksts - Stebby<\/title>\n<meta name=\"robots\" content=\"index, follow, max-snippet:-1, max-image-preview:large, max-video-preview:-1\" \/>\n<link rel=\"canonical\" href=\"https:\/\/stebby.eu\/lv\/apaksapstradataju-saraksts\/\" \/>\n<meta property=\"og:locale\" content=\"lv_LV\" \/>\n<meta property=\"og:type\" content=\"article\" \/>\n<meta property=\"og:title\" content=\"Apak\u0161apstr\u0101d\u0101t\u0101ju saraksts - Stebby\" \/>\n<meta property=\"og:description\" content=\"Lai nodro\u0161in\u0101tu m\u016bsu pakalpojumus efekt\u012bvi, Stebby var iesaist\u012bt apak\u0161apstr\u0101d\u0101t\u0101jus, lai pal\u012bdz\u0113tu noteiktu darb\u012bbu veik\u0161an\u0101. \u0160ie apak\u0161apstr\u0101d\u0101t\u0101ji pal\u012bdz mums nodro\u0161in\u0101t konkr\u0113tas funkcijas vai tehniskos pakalpojumus, kas nepiecie\u0161ami m\u016bsu darb\u012bbai. Ja Stebby izmanto apak\u0161apstr\u0101d\u0101t\u0101ju, tiek piem\u0113rots datu apstr\u0101des l\u012bgums (DAL), cits juridiski saisto\u0161s l\u012bgums vai noteikumi. Kad Stebby darbojas k\u0101 savu biznesa klientu datu p\u0101rzinis, apak\u0161apstr\u0101d\u0101t\u0101jiem tiek...\" \/>\n<meta property=\"og:url\" content=\"https:\/\/stebby.eu\/lv\/apaksapstradataju-saraksts\/\" \/>\n<meta property=\"og:site_name\" content=\"Stebby\" \/>\n<meta property=\"article:publisher\" content=\"https:\/\/www.facebook.com\/stebby\/\" \/>\n<meta property=\"article:modified_time\" content=\"2025-08-21T07:52:44+00:00\" \/>\n<meta property=\"og:image\" content=\"https:\/\/i0.wp.com\/stebby.eu\/wp-content\/uploads\/2020\/10\/stebby_fb_share.png?fit=1200%2C630&ssl=1\" \/>\n\t<meta property=\"og:image:width\" content=\"1200\" \/>\n\t<meta property=\"og:image:height\" content=\"630\" \/>\n\t<meta property=\"og:image:type\" content=\"image\/png\" \/>\n<meta name=\"twitter:card\" content=\"summary_large_image\" \/>\n<meta name=\"twitter:label1\" content=\"Est. reading time\" \/>\n\t<meta name=\"twitter:data1\" content=\"4 minutes\" \/>\n<script type=\"application\/ld+json\" class=\"yoast-schema-graph\">{\"@context\":\"https:\/\/schema.org\",\"@graph\":[{\"@type\":\"WebPage\",\"@id\":\"https:\/\/stebby.eu\/lv\/apaksapstradataju-saraksts\/\",\"url\":\"https:\/\/stebby.eu\/lv\/apaksapstradataju-saraksts\/\",\"name\":\"Apak\u0161apstr\u0101d\u0101t\u0101ju saraksts - Stebby\",\"isPartOf\":{\"@id\":\"https:\/\/stebby.eu\/#website\"},\"datePublished\":\"2025-08-21T07:50:09+00:00\",\"dateModified\":\"2025-08-21T07:52:44+00:00\",\"breadcrumb\":{\"@id\":\"https:\/\/stebby.eu\/lv\/apaksapstradataju-saraksts\/#breadcrumb\"},\"inLanguage\":\"lv-LV\",\"potentialAction\":[{\"@type\":\"ReadAction\",\"target\":[\"https:\/\/stebby.eu\/lv\/apaksapstradataju-saraksts\/\"]}]},{\"@type\":\"BreadcrumbList\",\"@id\":\"https:\/\/stebby.eu\/lv\/apaksapstradataju-saraksts\/#breadcrumb\",\"itemListElement\":[{\"@type\":\"ListItem\",\"position\":1,\"name\":\"Home\",\"item\":\"https:\/\/stebby.eu\/lv\/\"},{\"@type\":\"ListItem\",\"position\":2,\"name\":\"Apak\u0161apstr\u0101d\u0101t\u0101ju saraksts\"}]},{\"@type\":\"WebSite\",\"@id\":\"https:\/\/stebby.eu\/#website\",\"url\":\"https:\/\/stebby.eu\/\",\"name\":\"Stebby\",\"description\":\"\",\"publisher\":{\"@id\":\"https:\/\/stebby.eu\/#organization\"},\"potentialAction\":[{\"@type\":\"SearchAction\",\"target\":{\"@type\":\"EntryPoint\",\"urlTemplate\":\"https:\/\/stebby.eu\/?s={search_term_string}\"},\"query-input\":{\"@type\":\"PropertyValueSpecification\",\"valueRequired\":true,\"valueName\":\"search_term_string\"}}],\"inLanguage\":\"lv-LV\"},{\"@type\":\"Organization\",\"@id\":\"https:\/\/stebby.eu\/#organization\",\"name\":\"Stebby\",\"url\":\"https:\/\/stebby.eu\/\",\"logo\":{\"@type\":\"ImageObject\",\"inLanguage\":\"lv-LV\",\"@id\":\"https:\/\/stebby.eu\/#\/schema\/logo\/image\/\",\"url\":\"https:\/\/stebby.eu\/wp-content\/uploads\/2020\/10\/stebby3-1.png\",\"contentUrl\":\"https:\/\/stebby.eu\/wp-content\/uploads\/2020\/10\/stebby3-1.png\",\"width\":256,\"height\":256,\"caption\":\"Stebby\"},\"image\":{\"@id\":\"https:\/\/stebby.eu\/#\/schema\/logo\/image\/\"},\"sameAs\":[\"https:\/\/www.facebook.com\/stebby\/\",\"https:\/\/instagram.com\/stebby.eesti\",\"https:\/\/www.linkedin.com\/company\/stebby\/\"]}]}<\/script>\n<!-- \/ Yoast SEO plugin. -->","yoast_head_json":{"title":"Apak\u0161apstr\u0101d\u0101t\u0101ju saraksts - Stebby","robots":{"index":"index","follow":"follow","max-snippet":"max-snippet:-1","max-image-preview":"max-image-preview:large","max-video-preview":"max-video-preview:-1"},"canonical":"https:\/\/stebby.eu\/lv\/apaksapstradataju-saraksts\/","og_locale":"lv_LV","og_type":"article","og_title":"Apak\u0161apstr\u0101d\u0101t\u0101ju saraksts - Stebby","og_description":"Lai nodro\u0161in\u0101tu m\u016bsu pakalpojumus efekt\u012bvi, Stebby var iesaist\u012bt apak\u0161apstr\u0101d\u0101t\u0101jus, lai pal\u012bdz\u0113tu noteiktu darb\u012bbu veik\u0161an\u0101. \u0160ie apak\u0161apstr\u0101d\u0101t\u0101ji pal\u012bdz mums nodro\u0161in\u0101t konkr\u0113tas funkcijas vai tehniskos pakalpojumus, kas nepiecie\u0161ami m\u016bsu darb\u012bbai. Ja Stebby izmanto apak\u0161apstr\u0101d\u0101t\u0101ju, tiek piem\u0113rots datu apstr\u0101des l\u012bgums (DAL), cits juridiski saisto\u0161s l\u012bgums vai noteikumi. Kad Stebby darbojas k\u0101 savu biznesa klientu datu p\u0101rzinis, apak\u0161apstr\u0101d\u0101t\u0101jiem tiek...","og_url":"https:\/\/stebby.eu\/lv\/apaksapstradataju-saraksts\/","og_site_name":"Stebby","article_publisher":"https:\/\/www.facebook.com\/stebby\/","article_modified_time":"2025-08-21T07:52:44+00:00","og_image":[{"width":1200,"height":630,"url":"https:\/\/i0.wp.com\/stebby.eu\/wp-content\/uploads\/2020\/10\/stebby_fb_share.png?fit=1200%2C630&ssl=1","type":"image\/png"}],"twitter_card":"summary_large_image","twitter_misc":{"Est. reading time":"4 minutes"},"schema":{"@context":"https:\/\/schema.org","@graph":[{"@type":"WebPage","@id":"https:\/\/stebby.eu\/lv\/apaksapstradataju-saraksts\/","url":"https:\/\/stebby.eu\/lv\/apaksapstradataju-saraksts\/","name":"Apak\u0161apstr\u0101d\u0101t\u0101ju saraksts - Stebby","isPartOf":{"@id":"https:\/\/stebby.eu\/#website"},"datePublished":"2025-08-21T07:50:09+00:00","dateModified":"2025-08-21T07:52:44+00:00","breadcrumb":{"@id":"https:\/\/stebby.eu\/lv\/apaksapstradataju-saraksts\/#breadcrumb"},"inLanguage":"lv-LV","potentialAction":[{"@type":"ReadAction","target":["https:\/\/stebby.eu\/lv\/apaksapstradataju-saraksts\/"]}]},{"@type":"BreadcrumbList","@id":"https:\/\/stebby.eu\/lv\/apaksapstradataju-saraksts\/#breadcrumb","itemListElement":[{"@type":"ListItem","position":1,"name":"Home","item":"https:\/\/stebby.eu\/lv\/"},{"@type":"ListItem","position":2,"name":"Apak\u0161apstr\u0101d\u0101t\u0101ju saraksts"}]},{"@type":"WebSite","@id":"https:\/\/stebby.eu\/#website","url":"https:\/\/stebby.eu\/","name":"Stebby","description":"","publisher":{"@id":"https:\/\/stebby.eu\/#organization"},"potentialAction":[{"@type":"SearchAction","target":{"@type":"EntryPoint","urlTemplate":"https:\/\/stebby.eu\/?s={search_term_string}"},"query-input":{"@type":"PropertyValueSpecification","valueRequired":true,"valueName":"search_term_string"}}],"inLanguage":"lv-LV"},{"@type":"Organization","@id":"https:\/\/stebby.eu\/#organization","name":"Stebby","url":"https:\/\/stebby.eu\/","logo":{"@type":"ImageObject","inLanguage":"lv-LV","@id":"https:\/\/stebby.eu\/#\/schema\/logo\/image\/","url":"https:\/\/stebby.eu\/wp-content\/uploads\/2020\/10\/stebby3-1.png","contentUrl":"https:\/\/stebby.eu\/wp-content\/uploads\/2020\/10\/stebby3-1.png","width":256,"height":256,"caption":"Stebby"},"image":{"@id":"https:\/\/stebby.eu\/#\/schema\/logo\/image\/"},"sameAs":["https:\/\/www.facebook.com\/stebby\/","https:\/\/instagram.com\/stebby.eesti","https:\/\/www.linkedin.com\/company\/stebby\/"]}]}},"jetpack_sharing_enabled":true,"_links":{"self":[{"href":"https:\/\/stebby.eu\/lv\/wp-json\/wp\/v2\/pages\/19307","targetHints":{"allow":["GET"]}}],"collection":[{"href":"https:\/\/stebby.eu\/lv\/wp-json\/wp\/v2\/pages"}],"about":[{"href":"https:\/\/stebby.eu\/lv\/wp-json\/wp\/v2\/types\/page"}],"author":[{"embeddable":true,"href":"https:\/\/stebby.eu\/lv\/wp-json\/wp\/v2\/users\/19"}],"replies":[{"embeddable":true,"href":"https:\/\/stebby.eu\/lv\/wp-json\/wp\/v2\/comments?post=19307"}],"version-history":[{"count":3,"href":"https:\/\/stebby.eu\/lv\/wp-json\/wp\/v2\/pages\/19307\/revisions"}],"predecessor-version":[{"id":19352,"href":"https:\/\/stebby.eu\/lv\/wp-json\/wp\/v2\/pages\/19307\/revisions\/19352"}],"wp:attachment":[{"href":"https:\/\/stebby.eu\/lv\/wp-json\/wp\/v2\/media?parent=19307"}],"curies":[{"name":"wp","href":"https:\/\/api.w.org\/{rel}","templated":true}]}}