{"id":19313,"date":"2025-08-21T07:19:43","date_gmt":"2025-08-21T07:19:43","guid":{"rendered":"https:\/\/stebby.eu\/?page_id=19313"},"modified":"2025-08-21T08:07:12","modified_gmt":"2025-08-21T08:07:12","slug":"drosibas-pasakumi","status":"publish","type":"page","link":"https:\/\/stebby.eu\/lv\/drosibas-pasakumi\/","title":{"rendered":"Dro\u0161\u012bbas pas\u0101kumi"},"content":{"rendered":"\n<p>Stebby saska\u0146\u0101 ar piem\u0113rojamiem datu aizsardz\u012bbas likumiem \u012bsteno tehniskos un organizatoriskos pas\u0101kumus, kas paredz\u0113ti, lai mazin\u0101tu risku, ka lietot\u0101ju personas dati tiek<\/p>\n\n\n\n<p>apstr\u0101d\u0101ti bez at\u013caujas vai nelikum\u012bgi, k\u0101 ar\u012b risku, ka \u0161\u0101di dati tiek nejau\u0161i zaud\u0113ti, izn\u012bcin\u0101ti vai boj\u0101ti.<\/p>\n\n\n\n<p>Kad Stebby apstr\u0101d\u0101 personas datus datu p\u0101rzi\u0146a status\u0101 vai biznesa klientu vai partneru v\u0101rd\u0101, vienm\u0113r piem\u0113ro vismaz \u0161aj\u0101 lap\u0101 izkl\u0101st\u012btos pas\u0101kumus, ja tas ir attiecin\u0101ms.<\/p>\n\n\n\n<h4 class=\"wp-block-heading\"><strong>Politikas un p\u0101rvald\u012bba<\/strong><\/h4>\n\n\n\n<ul class=\"wp-block-list\">\n<li>Dokument\u0113tas Stebby dro\u0161\u012bbas politikas un pie\u0146emam\u0101s lieto\u0161anas politikas, kas tiek pazi\u0146otas un attiecas uz visiem darbiniekiem un, ja nepiecie\u0161ams, ar\u012b uz l\u012bgumsl\u0113dz\u0113jiem.<\/li>\n\n\n\n<li>Neizpau\u0161anas vai konfidencialit\u0101tes nosac\u012bjumi visiem darbiniekiem un, ja nepiecie\u0161ams, ar l\u012bgumsl\u0113dz\u0113jiem, apak\u0161uz\u0146\u0113m\u0113jiem un citiem partneriem.<\/li>\n\n\n\n<li>Sadarb\u012bba ar profesion\u0101\u013ciem, piem\u0113ram, datu aizsardz\u012bbas speci\u0101listiem, kuru uzdevums ir aizsarg\u0101t lietot\u0101ju personas datus.<\/li>\n\n\n\n<li>Ieviestas iek\u0161\u0113j\u0101s politikas, lai nodro\u0161in\u0101tu, ka darbinieku datori ir aizsarg\u0101ti ar parol\u0113m, cietie diski ir \u0161ifr\u0113ti un tiek uztur\u0113ti ar ugunsm\u016briem un atjaunin\u0101tu antiv\u012brusu programmat\u016bru.<\/li>\n\n\n\n<li>L\u012bgumu sl\u0113g\u0161ana par personas datu apstr\u0101di ar <a href=\"https:\/\/stebby.eu\/lv\/apaksapstradataju-saraksts\/\" target=\"_blank\" rel=\"noreferrer noopener\"><strong><span style=\"text-decoration: underline;\">pilnvarotiem apstr\u0101d\u0101t\u0101jiem<\/span><\/strong><\/a>, tostarp vienojoties par pas\u0101kumiem, kas ir l\u012bdzv\u0113rt\u012bgi tiem, par kuriem vienoju\u0161ies Stebby un Stebby klienti, kuri darbojas k\u0101 p\u0101rzi\u0146i.<\/li>\n\n\n\n<li>Regul\u0101ri tiek p\u0101rskat\u012bti un atjaunin\u0101ti Stebby tehniskie un organizatoriskie datu aizsardz\u012bbas pas\u0101kumi, lai nodro\u0161in\u0101tu to atbilst\u012bbu datu veidam un saist\u012btajiem riskiem.<\/li>\n<\/ul>\n\n\n\n<h4 class=\"wp-block-heading\"><strong>Piek\u013cuves kontrole<\/strong><\/h4>\n\n\n\n<ul class=\"wp-block-list\">\n<li>Piek\u013cuve personas datiem ir ierobe\u017eota tikai tiem darbiniekiem, kuriem \u0161\u0101da piek\u013cuve ir nepiecie\u0161ama, lai veiktu savus darba pien\u0101kumus Piek\u013cuves ties\u012bbas tiek regul\u0101ri p\u0101rskat\u012btas un atjaunin\u0101tas.<\/li>\n\n\n\n<li>Fiziskas piek\u013cuves ierobe\u017eojumi visiem Stebby birojiem, piem\u0113ram, bet ne tikai, dro\u0161\u012bbas kameras un personaliz\u0113tas atsl\u0113gas kartes.<\/li>\n<\/ul>\n\n\n\n<h4 class=\"wp-block-heading\"><strong>Tehniskie dro\u0161\u012bbas pas\u0101kumi<\/strong><\/h4>\n\n\n\n<ul class=\"wp-block-list\">\n<li>Visu serveru, darbstaciju un t\u012bkla iek\u0101rtu pak\u013cau\u0161ana standarta dro\u0161\u012bbas p\u0101rvald\u012bbas praksei, tostarp izmai\u0146u p\u0101rvald\u012bbai, ievainojam\u012bbas p\u0101rvald\u012bbai un labojumu p\u0101rvald\u012bbai.<\/li>\n\n\n\n<li>Lietot\u0101ju personas datu pseidonimiz\u0101cija un \u0161ifr\u0113\u0161ana to p\u0101rraides un uzglab\u0101\u0161anas laik\u0101.<\/li>\n\n\n\n<li>Tiek izmantota dro\u0161a datu apmai\u0146a, ko nevar nov\u0113rot tre\u0161\u0101s puses, un visi datu piepras\u012bjumi, kas veikti Stebby vid\u0113 un no t\u0101s, ir \u0161ifr\u0113ti.<\/li>\n<\/ul>\n\n\n\n<h4 class=\"wp-block-heading\"><strong>Datu vad\u012bba un p\u0101rvald\u012bba<\/strong><\/h4>\n\n\n\n<ul class=\"wp-block-list\">\n<li>Procesi, kuru m\u0113r\u0137is ir nodro\u0161in\u0101t datu konfidencialit\u0101ti, integrit\u0101ti un pieejam\u012bbu apstr\u0101des darb\u012bbu laik\u0101.<\/li>\n\n\n\n<li>Personas datu glab\u0101\u0161ana tikai tik ilgi, cik nepiecie\u0161ams, lai veiktu apstr\u0101des darb\u012bbas, sniegtu pakalpojumus vai r\u012bkotos saska\u0146\u0101 ar ties\u012bbu aktiem.<\/li>\n\n\n\n<li>Proced\u016bra datu p\u0101rk\u0101pumu gad\u012bjumiem un proced\u016bras, kas paredz\u0113tas, lai datu p\u0101rk\u0101puma gad\u012bjum\u0101 atjaunotu piek\u013cuvi personas datiem.<\/li>\n\n\n\n<li>Svar\u012bgu rezerves datu kopiju glab\u0101\u0161ana dro\u0161\u0101s telp\u0101s \u0101rpus uz\u0146\u0113muma, lai incidenta gad\u012bjum\u0101 sist\u0113mas, datus un t\u012bklus var\u0113tu atjaunot, izmantojot alternat\u012bvas iek\u0101rtas.<\/li>\n<\/ul>\n\n\n\n<h4 class=\"wp-block-heading\"><strong>Uzraudz\u012bba un test\u0113\u0161ana<\/strong><\/h4>\n\n\n\n<ul class=\"wp-block-list\">\n<li>Iek\u0161\u0113j\u0101s proced\u016bras, lai periodiski p\u0101rbaud\u012btu un nov\u0113rt\u0113tu visu pas\u0101kumu efektivit\u0101ti, kas veikti, lai mazin\u0101tu riskus saist\u012bb\u0101 ar personas datu dro\u0161\u012bbu.<\/li>\n<\/ul>\n","protected":false},"excerpt":{"rendered":"Stebby saska\u0146\u0101 ar piem\u0113rojamiem datu aizsardz\u012bbas likumiem \u012bsteno tehniskos un organizatoriskos pas\u0101kumus, kas paredz\u0113ti, lai mazin\u0101tu risku, ka lietot\u0101ju personas dati tiek apstr\u0101d\u0101ti bez at\u013caujas vai nelikum\u012bgi, k\u0101 ar\u012b risku, ka \u0161\u0101di dati tiek nejau\u0161i zaud\u0113ti, izn\u012bcin\u0101ti vai boj\u0101ti. Kad Stebby apstr\u0101d\u0101 personas datus datu p\u0101rzi\u0146a status\u0101 vai biznesa klientu vai partneru v\u0101rd\u0101, vienm\u0113r piem\u0113ro&#8230;","protected":false},"author":19,"featured_media":0,"parent":0,"menu_order":0,"comment_status":"closed","ping_status":"closed","template":"TEMPLATE-table-of-contents.php","meta":{"footnotes":""},"class_list":["post-19313","page","type-page","status-publish","hentry"],"yoast_head":"<!-- This site is optimized with the Yoast SEO plugin v26.8 - https:\/\/yoast.com\/product\/yoast-seo-wordpress\/ -->\n<title>Dro\u0161\u012bbas pas\u0101kumi - Stebby<\/title>\n<meta name=\"robots\" content=\"index, follow, max-snippet:-1, max-image-preview:large, max-video-preview:-1\" \/>\n<link rel=\"canonical\" href=\"https:\/\/stebby.eu\/lv\/drosibas-pasakumi\/\" \/>\n<meta property=\"og:locale\" content=\"lv_LV\" \/>\n<meta property=\"og:type\" content=\"article\" \/>\n<meta property=\"og:title\" content=\"Dro\u0161\u012bbas pas\u0101kumi - Stebby\" \/>\n<meta property=\"og:description\" content=\"Stebby saska\u0146\u0101 ar piem\u0113rojamiem datu aizsardz\u012bbas likumiem \u012bsteno tehniskos un organizatoriskos pas\u0101kumus, kas paredz\u0113ti, lai mazin\u0101tu risku, ka lietot\u0101ju personas dati tiek apstr\u0101d\u0101ti bez at\u013caujas vai nelikum\u012bgi, k\u0101 ar\u012b risku, ka \u0161\u0101di dati tiek nejau\u0161i zaud\u0113ti, izn\u012bcin\u0101ti vai boj\u0101ti. Kad Stebby apstr\u0101d\u0101 personas datus datu p\u0101rzi\u0146a status\u0101 vai biznesa klientu vai partneru v\u0101rd\u0101, vienm\u0113r piem\u0113ro...\" \/>\n<meta property=\"og:url\" content=\"https:\/\/stebby.eu\/lv\/drosibas-pasakumi\/\" \/>\n<meta property=\"og:site_name\" content=\"Stebby\" \/>\n<meta property=\"article:publisher\" content=\"https:\/\/www.facebook.com\/stebby\/\" \/>\n<meta property=\"article:modified_time\" content=\"2025-08-21T08:07:12+00:00\" \/>\n<meta property=\"og:image\" content=\"https:\/\/i0.wp.com\/stebby.eu\/wp-content\/uploads\/2020\/10\/stebby_fb_share.png?fit=1200%2C630&ssl=1\" \/>\n\t<meta property=\"og:image:width\" content=\"1200\" \/>\n\t<meta property=\"og:image:height\" content=\"630\" \/>\n\t<meta property=\"og:image:type\" content=\"image\/png\" \/>\n<meta name=\"twitter:card\" content=\"summary_large_image\" \/>\n<meta name=\"twitter:label1\" content=\"Est. reading time\" \/>\n\t<meta name=\"twitter:data1\" content=\"2 minutes\" \/>\n<script type=\"application\/ld+json\" class=\"yoast-schema-graph\">{\"@context\":\"https:\/\/schema.org\",\"@graph\":[{\"@type\":\"WebPage\",\"@id\":\"https:\/\/stebby.eu\/lv\/drosibas-pasakumi\/\",\"url\":\"https:\/\/stebby.eu\/lv\/drosibas-pasakumi\/\",\"name\":\"Dro\u0161\u012bbas pas\u0101kumi - Stebby\",\"isPartOf\":{\"@id\":\"https:\/\/stebby.eu\/#website\"},\"datePublished\":\"2025-08-21T07:19:43+00:00\",\"dateModified\":\"2025-08-21T08:07:12+00:00\",\"breadcrumb\":{\"@id\":\"https:\/\/stebby.eu\/lv\/drosibas-pasakumi\/#breadcrumb\"},\"inLanguage\":\"lv-LV\",\"potentialAction\":[{\"@type\":\"ReadAction\",\"target\":[\"https:\/\/stebby.eu\/lv\/drosibas-pasakumi\/\"]}]},{\"@type\":\"BreadcrumbList\",\"@id\":\"https:\/\/stebby.eu\/lv\/drosibas-pasakumi\/#breadcrumb\",\"itemListElement\":[{\"@type\":\"ListItem\",\"position\":1,\"name\":\"Home\",\"item\":\"https:\/\/stebby.eu\/lv\/\"},{\"@type\":\"ListItem\",\"position\":2,\"name\":\"Dro\u0161\u012bbas pas\u0101kumi\"}]},{\"@type\":\"WebSite\",\"@id\":\"https:\/\/stebby.eu\/#website\",\"url\":\"https:\/\/stebby.eu\/\",\"name\":\"Stebby\",\"description\":\"\",\"publisher\":{\"@id\":\"https:\/\/stebby.eu\/#organization\"},\"potentialAction\":[{\"@type\":\"SearchAction\",\"target\":{\"@type\":\"EntryPoint\",\"urlTemplate\":\"https:\/\/stebby.eu\/?s={search_term_string}\"},\"query-input\":{\"@type\":\"PropertyValueSpecification\",\"valueRequired\":true,\"valueName\":\"search_term_string\"}}],\"inLanguage\":\"lv-LV\"},{\"@type\":\"Organization\",\"@id\":\"https:\/\/stebby.eu\/#organization\",\"name\":\"Stebby\",\"url\":\"https:\/\/stebby.eu\/\",\"logo\":{\"@type\":\"ImageObject\",\"inLanguage\":\"lv-LV\",\"@id\":\"https:\/\/stebby.eu\/#\/schema\/logo\/image\/\",\"url\":\"https:\/\/stebby.eu\/wp-content\/uploads\/2020\/10\/stebby3-1.png\",\"contentUrl\":\"https:\/\/stebby.eu\/wp-content\/uploads\/2020\/10\/stebby3-1.png\",\"width\":256,\"height\":256,\"caption\":\"Stebby\"},\"image\":{\"@id\":\"https:\/\/stebby.eu\/#\/schema\/logo\/image\/\"},\"sameAs\":[\"https:\/\/www.facebook.com\/stebby\/\",\"https:\/\/instagram.com\/stebby.eesti\",\"https:\/\/www.linkedin.com\/company\/stebby\/\"]}]}<\/script>\n<!-- \/ Yoast SEO plugin. -->","yoast_head_json":{"title":"Dro\u0161\u012bbas pas\u0101kumi - Stebby","robots":{"index":"index","follow":"follow","max-snippet":"max-snippet:-1","max-image-preview":"max-image-preview:large","max-video-preview":"max-video-preview:-1"},"canonical":"https:\/\/stebby.eu\/lv\/drosibas-pasakumi\/","og_locale":"lv_LV","og_type":"article","og_title":"Dro\u0161\u012bbas pas\u0101kumi - Stebby","og_description":"Stebby saska\u0146\u0101 ar piem\u0113rojamiem datu aizsardz\u012bbas likumiem \u012bsteno tehniskos un organizatoriskos pas\u0101kumus, kas paredz\u0113ti, lai mazin\u0101tu risku, ka lietot\u0101ju personas dati tiek apstr\u0101d\u0101ti bez at\u013caujas vai nelikum\u012bgi, k\u0101 ar\u012b risku, ka \u0161\u0101di dati tiek nejau\u0161i zaud\u0113ti, izn\u012bcin\u0101ti vai boj\u0101ti. Kad Stebby apstr\u0101d\u0101 personas datus datu p\u0101rzi\u0146a status\u0101 vai biznesa klientu vai partneru v\u0101rd\u0101, vienm\u0113r piem\u0113ro...","og_url":"https:\/\/stebby.eu\/lv\/drosibas-pasakumi\/","og_site_name":"Stebby","article_publisher":"https:\/\/www.facebook.com\/stebby\/","article_modified_time":"2025-08-21T08:07:12+00:00","og_image":[{"width":1200,"height":630,"url":"https:\/\/i0.wp.com\/stebby.eu\/wp-content\/uploads\/2020\/10\/stebby_fb_share.png?fit=1200%2C630&ssl=1","type":"image\/png"}],"twitter_card":"summary_large_image","twitter_misc":{"Est. reading time":"2 minutes"},"schema":{"@context":"https:\/\/schema.org","@graph":[{"@type":"WebPage","@id":"https:\/\/stebby.eu\/lv\/drosibas-pasakumi\/","url":"https:\/\/stebby.eu\/lv\/drosibas-pasakumi\/","name":"Dro\u0161\u012bbas pas\u0101kumi - Stebby","isPartOf":{"@id":"https:\/\/stebby.eu\/#website"},"datePublished":"2025-08-21T07:19:43+00:00","dateModified":"2025-08-21T08:07:12+00:00","breadcrumb":{"@id":"https:\/\/stebby.eu\/lv\/drosibas-pasakumi\/#breadcrumb"},"inLanguage":"lv-LV","potentialAction":[{"@type":"ReadAction","target":["https:\/\/stebby.eu\/lv\/drosibas-pasakumi\/"]}]},{"@type":"BreadcrumbList","@id":"https:\/\/stebby.eu\/lv\/drosibas-pasakumi\/#breadcrumb","itemListElement":[{"@type":"ListItem","position":1,"name":"Home","item":"https:\/\/stebby.eu\/lv\/"},{"@type":"ListItem","position":2,"name":"Dro\u0161\u012bbas pas\u0101kumi"}]},{"@type":"WebSite","@id":"https:\/\/stebby.eu\/#website","url":"https:\/\/stebby.eu\/","name":"Stebby","description":"","publisher":{"@id":"https:\/\/stebby.eu\/#organization"},"potentialAction":[{"@type":"SearchAction","target":{"@type":"EntryPoint","urlTemplate":"https:\/\/stebby.eu\/?s={search_term_string}"},"query-input":{"@type":"PropertyValueSpecification","valueRequired":true,"valueName":"search_term_string"}}],"inLanguage":"lv-LV"},{"@type":"Organization","@id":"https:\/\/stebby.eu\/#organization","name":"Stebby","url":"https:\/\/stebby.eu\/","logo":{"@type":"ImageObject","inLanguage":"lv-LV","@id":"https:\/\/stebby.eu\/#\/schema\/logo\/image\/","url":"https:\/\/stebby.eu\/wp-content\/uploads\/2020\/10\/stebby3-1.png","contentUrl":"https:\/\/stebby.eu\/wp-content\/uploads\/2020\/10\/stebby3-1.png","width":256,"height":256,"caption":"Stebby"},"image":{"@id":"https:\/\/stebby.eu\/#\/schema\/logo\/image\/"},"sameAs":["https:\/\/www.facebook.com\/stebby\/","https:\/\/instagram.com\/stebby.eesti","https:\/\/www.linkedin.com\/company\/stebby\/"]}]}},"jetpack_sharing_enabled":true,"_links":{"self":[{"href":"https:\/\/stebby.eu\/lv\/wp-json\/wp\/v2\/pages\/19313","targetHints":{"allow":["GET"]}}],"collection":[{"href":"https:\/\/stebby.eu\/lv\/wp-json\/wp\/v2\/pages"}],"about":[{"href":"https:\/\/stebby.eu\/lv\/wp-json\/wp\/v2\/types\/page"}],"author":[{"embeddable":true,"href":"https:\/\/stebby.eu\/lv\/wp-json\/wp\/v2\/users\/19"}],"replies":[{"embeddable":true,"href":"https:\/\/stebby.eu\/lv\/wp-json\/wp\/v2\/comments?post=19313"}],"version-history":[{"count":5,"href":"https:\/\/stebby.eu\/lv\/wp-json\/wp\/v2\/pages\/19313\/revisions"}],"predecessor-version":[{"id":19363,"href":"https:\/\/stebby.eu\/lv\/wp-json\/wp\/v2\/pages\/19313\/revisions\/19363"}],"wp:attachment":[{"href":"https:\/\/stebby.eu\/lv\/wp-json\/wp\/v2\/media?parent=19313"}],"curies":[{"name":"wp","href":"https:\/\/api.w.org\/{rel}","templated":true}]}}