{"id":5472,"date":"2020-09-15T13:18:13","date_gmt":"2020-09-15T13:18:13","guid":{"rendered":"https:\/\/stebby.eu\/your-first-steps-to-wellness\/"},"modified":"2023-10-16T11:42:23","modified_gmt":"2023-10-16T11:42:23","slug":"your-first-steps-to-wellness","status":"publish","type":"page","link":"https:\/\/stebby.eu\/lv\/","title":{"rendered":"Pirmie so\u013ci labsaj\u016btas veicin\u0101\u0161an\u0101"},"content":{"rendered":"\n<figure class=\"wp-block-table\"><table><tbody><tr><td>T\u016bksto\u0161iem iesp\u0113ju dz\u012bvot vesel\u012bg\u0101k<\/td><\/tr><\/tbody><\/table><\/figure>\n","protected":false},"excerpt":{"rendered":"T\u016bksto\u0161iem iesp\u0113ju dz\u012bvot vesel\u012bg\u0101k","protected":false},"author":1,"featured_media":5474,"parent":0,"menu_order":0,"comment_status":"closed","ping_status":"closed","template":"TEMPLATE-home.php","meta":{"footnotes":""},"class_list":["post-5472","page","type-page","status-publish","has-post-thumbnail","hentry"],"yoast_head":"<!-- This site is optimized with the Yoast SEO plugin v26.8 - https:\/\/yoast.com\/product\/yoast-seo-wordpress\/ -->\n<title>Pirmie so\u013ci labsaj\u016btas veicin\u0101\u0161an\u0101 - Stebby<\/title>\n<meta name=\"robots\" content=\"index, follow, max-snippet:-1, max-image-preview:large, max-video-preview:-1\" \/>\n<link rel=\"canonical\" href=\"https:\/\/stebby.eu\/lv\/\" \/>\n<meta property=\"og:locale\" content=\"lv_LV\" \/>\n<meta property=\"og:type\" content=\"article\" \/>\n<meta property=\"og:title\" content=\"Pirmie so\u013ci labsaj\u016btas veicin\u0101\u0161an\u0101 - Stebby\" \/>\n<meta property=\"og:description\" content=\"T\u016bksto\u0161iem iesp\u0113ju dz\u012bvot vesel\u012bg\u0101k\" \/>\n<meta property=\"og:url\" content=\"https:\/\/stebby.eu\/lv\/\" \/>\n<meta property=\"og:site_name\" content=\"Stebby\" \/>\n<meta property=\"article:publisher\" content=\"https:\/\/www.facebook.com\/stebby\/\" \/>\n<meta property=\"article:modified_time\" content=\"2023-10-16T11:42:23+00:00\" \/>\n<meta property=\"og:image\" content=\"https:\/\/stebby.eu\/wp-content\/uploads\/2020\/10\/37447596281_e0e009bf80_o-1920x2880-1-scaled.jpg\" \/>\n\t<meta property=\"og:image:width\" content=\"1707\" \/>\n\t<meta property=\"og:image:height\" content=\"2560\" \/>\n\t<meta property=\"og:image:type\" content=\"image\/jpeg\" \/>\n<meta name=\"twitter:card\" content=\"summary_large_image\" \/>\n<meta name=\"twitter:label1\" content=\"Est. reading time\" \/>\n\t<meta name=\"twitter:data1\" content=\"1 minute\" \/>\n<script type=\"application\/ld+json\" class=\"yoast-schema-graph\">{\"@context\":\"https:\/\/schema.org\",\"@graph\":[{\"@type\":\"WebPage\",\"@id\":\"https:\/\/stebby.eu\/lv\/\",\"url\":\"https:\/\/stebby.eu\/lv\/\",\"name\":\"Pirmie so\u013ci labsaj\u016btas veicin\u0101\u0161an\u0101 - Stebby\",\"isPartOf\":{\"@id\":\"https:\/\/stebby.eu\/#website\"},\"primaryImageOfPage\":{\"@id\":\"https:\/\/stebby.eu\/lv\/#primaryimage\"},\"image\":{\"@id\":\"https:\/\/stebby.eu\/lv\/#primaryimage\"},\"thumbnailUrl\":\"https:\/\/i0.wp.com\/stebby.eu\/wp-content\/uploads\/2020\/10\/37447596281_e0e009bf80_o-1920x2880-1-scaled.jpg?fit=1707%2C2560&ssl=1\",\"datePublished\":\"2020-09-15T13:18:13+00:00\",\"dateModified\":\"2023-10-16T11:42:23+00:00\",\"breadcrumb\":{\"@id\":\"https:\/\/stebby.eu\/lv\/#breadcrumb\"},\"inLanguage\":\"lv-LV\",\"potentialAction\":[{\"@type\":\"ReadAction\",\"target\":[\"https:\/\/stebby.eu\/lv\/\"]}]},{\"@type\":\"ImageObject\",\"inLanguage\":\"lv-LV\",\"@id\":\"https:\/\/stebby.eu\/lv\/#primaryimage\",\"url\":\"https:\/\/i0.wp.com\/stebby.eu\/wp-content\/uploads\/2020\/10\/37447596281_e0e009bf80_o-1920x2880-1-scaled.jpg?fit=1707%2C2560&ssl=1\",\"contentUrl\":\"https:\/\/i0.wp.com\/stebby.eu\/wp-content\/uploads\/2020\/10\/37447596281_e0e009bf80_o-1920x2880-1-scaled.jpg?fit=1707%2C2560&ssl=1\",\"width\":1707,\"height\":2560},{\"@type\":\"BreadcrumbList\",\"@id\":\"https:\/\/stebby.eu\/lv\/#breadcrumb\",\"itemListElement\":[{\"@type\":\"ListItem\",\"position\":1,\"name\":\"Home\",\"item\":\"https:\/\/stebby.eu\/lv\/\"},{\"@type\":\"ListItem\",\"position\":2,\"name\":\"Pirmie so\u013ci labsaj\u016btas veicin\u0101\u0161an\u0101\"}]},{\"@type\":\"WebSite\",\"@id\":\"https:\/\/stebby.eu\/#website\",\"url\":\"https:\/\/stebby.eu\/\",\"name\":\"Stebby\",\"description\":\"\",\"publisher\":{\"@id\":\"https:\/\/stebby.eu\/#organization\"},\"potentialAction\":[{\"@type\":\"SearchAction\",\"target\":{\"@type\":\"EntryPoint\",\"urlTemplate\":\"https:\/\/stebby.eu\/?s={search_term_string}\"},\"query-input\":{\"@type\":\"PropertyValueSpecification\",\"valueRequired\":true,\"valueName\":\"search_term_string\"}}],\"inLanguage\":\"lv-LV\"},{\"@type\":\"Organization\",\"@id\":\"https:\/\/stebby.eu\/#organization\",\"name\":\"Stebby\",\"url\":\"https:\/\/stebby.eu\/\",\"logo\":{\"@type\":\"ImageObject\",\"inLanguage\":\"lv-LV\",\"@id\":\"https:\/\/stebby.eu\/#\/schema\/logo\/image\/\",\"url\":\"https:\/\/stebby.eu\/wp-content\/uploads\/2020\/10\/stebby3-1.png\",\"contentUrl\":\"https:\/\/stebby.eu\/wp-content\/uploads\/2020\/10\/stebby3-1.png\",\"width\":256,\"height\":256,\"caption\":\"Stebby\"},\"image\":{\"@id\":\"https:\/\/stebby.eu\/#\/schema\/logo\/image\/\"},\"sameAs\":[\"https:\/\/www.facebook.com\/stebby\/\",\"https:\/\/instagram.com\/stebby.eesti\",\"https:\/\/www.linkedin.com\/company\/stebby\/\"]}]}<\/script>\n<!-- \/ Yoast SEO plugin. -->","yoast_head_json":{"title":"Pirmie so\u013ci labsaj\u016btas veicin\u0101\u0161an\u0101 - Stebby","robots":{"index":"index","follow":"follow","max-snippet":"max-snippet:-1","max-image-preview":"max-image-preview:large","max-video-preview":"max-video-preview:-1"},"canonical":"https:\/\/stebby.eu\/lv\/","og_locale":"lv_LV","og_type":"article","og_title":"Pirmie so\u013ci labsaj\u016btas veicin\u0101\u0161an\u0101 - Stebby","og_description":"T\u016bksto\u0161iem iesp\u0113ju dz\u012bvot vesel\u012bg\u0101k","og_url":"https:\/\/stebby.eu\/lv\/","og_site_name":"Stebby","article_publisher":"https:\/\/www.facebook.com\/stebby\/","article_modified_time":"2023-10-16T11:42:23+00:00","og_image":[{"width":1707,"height":2560,"url":"https:\/\/stebby.eu\/wp-content\/uploads\/2020\/10\/37447596281_e0e009bf80_o-1920x2880-1-scaled.jpg","type":"image\/jpeg"}],"twitter_card":"summary_large_image","twitter_misc":{"Est. reading time":"1 minute"},"schema":{"@context":"https:\/\/schema.org","@graph":[{"@type":"WebPage","@id":"https:\/\/stebby.eu\/lv\/","url":"https:\/\/stebby.eu\/lv\/","name":"Pirmie so\u013ci labsaj\u016btas veicin\u0101\u0161an\u0101 - Stebby","isPartOf":{"@id":"https:\/\/stebby.eu\/#website"},"primaryImageOfPage":{"@id":"https:\/\/stebby.eu\/lv\/#primaryimage"},"image":{"@id":"https:\/\/stebby.eu\/lv\/#primaryimage"},"thumbnailUrl":"https:\/\/i0.wp.com\/stebby.eu\/wp-content\/uploads\/2020\/10\/37447596281_e0e009bf80_o-1920x2880-1-scaled.jpg?fit=1707%2C2560&ssl=1","datePublished":"2020-09-15T13:18:13+00:00","dateModified":"2023-10-16T11:42:23+00:00","breadcrumb":{"@id":"https:\/\/stebby.eu\/lv\/#breadcrumb"},"inLanguage":"lv-LV","potentialAction":[{"@type":"ReadAction","target":["https:\/\/stebby.eu\/lv\/"]}]},{"@type":"ImageObject","inLanguage":"lv-LV","@id":"https:\/\/stebby.eu\/lv\/#primaryimage","url":"https:\/\/i0.wp.com\/stebby.eu\/wp-content\/uploads\/2020\/10\/37447596281_e0e009bf80_o-1920x2880-1-scaled.jpg?fit=1707%2C2560&ssl=1","contentUrl":"https:\/\/i0.wp.com\/stebby.eu\/wp-content\/uploads\/2020\/10\/37447596281_e0e009bf80_o-1920x2880-1-scaled.jpg?fit=1707%2C2560&ssl=1","width":1707,"height":2560},{"@type":"BreadcrumbList","@id":"https:\/\/stebby.eu\/lv\/#breadcrumb","itemListElement":[{"@type":"ListItem","position":1,"name":"Home","item":"https:\/\/stebby.eu\/lv\/"},{"@type":"ListItem","position":2,"name":"Pirmie so\u013ci labsaj\u016btas veicin\u0101\u0161an\u0101"}]},{"@type":"WebSite","@id":"https:\/\/stebby.eu\/#website","url":"https:\/\/stebby.eu\/","name":"Stebby","description":"","publisher":{"@id":"https:\/\/stebby.eu\/#organization"},"potentialAction":[{"@type":"SearchAction","target":{"@type":"EntryPoint","urlTemplate":"https:\/\/stebby.eu\/?s={search_term_string}"},"query-input":{"@type":"PropertyValueSpecification","valueRequired":true,"valueName":"search_term_string"}}],"inLanguage":"lv-LV"},{"@type":"Organization","@id":"https:\/\/stebby.eu\/#organization","name":"Stebby","url":"https:\/\/stebby.eu\/","logo":{"@type":"ImageObject","inLanguage":"lv-LV","@id":"https:\/\/stebby.eu\/#\/schema\/logo\/image\/","url":"https:\/\/stebby.eu\/wp-content\/uploads\/2020\/10\/stebby3-1.png","contentUrl":"https:\/\/stebby.eu\/wp-content\/uploads\/2020\/10\/stebby3-1.png","width":256,"height":256,"caption":"Stebby"},"image":{"@id":"https:\/\/stebby.eu\/#\/schema\/logo\/image\/"},"sameAs":["https:\/\/www.facebook.com\/stebby\/","https:\/\/instagram.com\/stebby.eesti","https:\/\/www.linkedin.com\/company\/stebby\/"]}]}},"jetpack_sharing_enabled":true,"_links":{"self":[{"href":"https:\/\/stebby.eu\/lv\/wp-json\/wp\/v2\/pages\/5472","targetHints":{"allow":["GET"]}}],"collection":[{"href":"https:\/\/stebby.eu\/lv\/wp-json\/wp\/v2\/pages"}],"about":[{"href":"https:\/\/stebby.eu\/lv\/wp-json\/wp\/v2\/types\/page"}],"author":[{"embeddable":true,"href":"https:\/\/stebby.eu\/lv\/wp-json\/wp\/v2\/users\/1"}],"replies":[{"embeddable":true,"href":"https:\/\/stebby.eu\/lv\/wp-json\/wp\/v2\/comments?post=5472"}],"version-history":[{"count":21,"href":"https:\/\/stebby.eu\/lv\/wp-json\/wp\/v2\/pages\/5472\/revisions"}],"predecessor-version":[{"id":15447,"href":"https:\/\/stebby.eu\/lv\/wp-json\/wp\/v2\/pages\/5472\/revisions\/15447"}],"wp:featuredmedia":[{"embeddable":true,"href":"https:\/\/stebby.eu\/lv\/wp-json\/wp\/v2\/media\/5474"}],"wp:attachment":[{"href":"https:\/\/stebby.eu\/lv\/wp-json\/wp\/v2\/media?parent=5472"}],"curies":[{"name":"wp","href":"https:\/\/api.w.org\/{rel}","templated":true}]}}